{"id":210390,"date":"2017-10-29T10:08:29","date_gmt":"2017-10-29T10:08:29","guid":{"rendered":"https:\/\/www.delicias-uk.com\/product\/cerveja-super-bock-preta-6x330ml\/"},"modified":"2025-06-26T17:30:16","modified_gmt":"2025-06-26T16:30:16","slug":"cerveja-super-bock-preta-6x330ml","status":"publish","type":"product","link":"https:\/\/www.delicias-uk.com\/pt-pt\/produto\/cerveja-super-bock-preta-6x330ml\/","title":{"rendered":"Cerveja Super Bock Stout 330ml x 6"},"content":{"rendered":"<p>Super Bock Stout \u00e9 a cerveja preta da Super Bock, produzida a partir de maltes especiais: malte p\u00e1lido, malte de Caramelo e malte de Chocolate que lhe conferem um aroma e gosto distinto, bem como uma espuma cremosa e duradoura. Super Bock Stout revela um harmonioso equil\u00edbrio entre o doce e o amargo que a torna genuinamente especial.<\/p>\n<p><strong>Ingredientes<\/strong>: \u00e1gua, malte de cevada, cereais n\u00e3o maltados (cevada), ac\u00facar, corante: E 150c, l\u00fapulo.<\/p>\n<p><strong>Alerg\u00eanicos<\/strong>: Cont\u00e9m\u00a0<strong>CEVADA<\/strong>.<\/p>\n<p><strong>Tabela Nutricional (por 100 ml):<\/strong><\/p>\n<ul>\n<li>L\u00edpidos 0g<\/li>\n<li>Hidratos de Carbono 4,0 g<\/li>\n<li>A\u00e7\u00facares 0,9 g<\/li>\n<li>Prote\u00ednas 0,6 g<\/li>\n<li>Sal 0 g<\/li>\n<li>Energia 198 kJ\/47 kcal<\/li>\n<\/ul>\n<p><strong>Pais de origem<\/strong>: Portugal<\/p>\n","protected":false},"excerpt":{"rendered":"<ul>\n<li>Peso l\u00edquido 330ml x 6<\/li>\n<li>Cerveja escura<\/li>\n<li>Teor alcoolico: 5%<\/li>\n<li>Pronto para beber<\/li>\n<\/ul>\n","protected":false},"author":43533,"featured_media":82046,"comment_status":"open","ping_status":"closed","template":"","meta":[],"pwb-brand":[],"product_brand":[],"product_cat":[8289,8291,8333,8573,8539],"product_tag":[],"class_list":{"0":"post-210390","1":"product","2":"type-product","3":"status-publish","4":"has-post-thumbnail","6":"product_cat-inicio","7":"product_cat-produtos-portugueses","8":"product_cat-cerveja","9":"product_cat-sem-acucar","10":"product_cat-sem-lactose","12":"first","13":"instock","14":"taxable","15":"shipping-taxable","16":"purchasable","17":"product-type-simple"},"aioseo_notices":[],"brands":[],"_links":{"self":[{"href":"https:\/\/www.delicias-uk.com\/pt-pt\/wp-json\/wp\/v2\/product\/210390","targetHints":{"allow":["GET"]}}],"collection":[{"href":"https:\/\/www.delicias-uk.com\/pt-pt\/wp-json\/wp\/v2\/product"}],"about":[{"href":"https:\/\/www.delicias-uk.com\/pt-pt\/wp-json\/wp\/v2\/types\/product"}],"author":[{"embeddable":true,"href":"https:\/\/www.delicias-uk.com\/pt-pt\/wp-json\/wp\/v2\/users\/43533"}],"replies":[{"embeddable":true,"href":"https:\/\/www.delicias-uk.com\/pt-pt\/wp-json\/wp\/v2\/comments?post=210390"}],"wp:featuredmedia":[{"embeddable":true,"href":"https:\/\/www.delicias-uk.com\/pt-pt\/wp-json\/wp\/v2\/media\/82046"}],"wp:attachment":[{"href":"https:\/\/www.delicias-uk.com\/pt-pt\/wp-json\/wp\/v2\/media?parent=210390"}],"wp:term":[{"taxonomy":"pwb-brand","embeddable":true,"href":"https:\/\/www.delicias-uk.com\/pt-pt\/wp-json\/wp\/v2\/pwb-brand?post=210390"},{"taxonomy":"product_brand","embeddable":true,"href":"https:\/\/www.delicias-uk.com\/pt-pt\/wp-json\/wp\/v2\/product_brand?post=210390"},{"taxonomy":"product_cat","embeddable":true,"href":"https:\/\/www.delicias-uk.com\/pt-pt\/wp-json\/wp\/v2\/product_cat?post=210390"},{"taxonomy":"product_tag","embeddable":true,"href":"https:\/\/www.delicias-uk.com\/pt-pt\/wp-json\/wp\/v2\/product_tag?post=210390"}],"curies":[{"name":"wp","href":"https:\/\/api.w.org\/{rel}","templated":true}]}}