{"id":210344,"date":"2017-10-27T15:50:39","date_gmt":"2017-10-27T14:50:39","guid":{"rendered":"https:\/\/www.delicias-uk.com\/product\/pudim-arroz-doce-alsa-125g\/"},"modified":"2025-11-28T21:46:51","modified_gmt":"2025-11-28T21:46:51","slug":"pudim-arroz-doce-alsa-125g","status":"publish","type":"product","link":"https:\/\/www.delicias-uk.com\/pt-pt\/produto\/pudim-arroz-doce-alsa-125g\/","title":{"rendered":"Pudim Arroz Doce Alsa 125g"},"content":{"rendered":"<p>A prepara\u00e7\u00e3o do arroz doce permite fazer uma deliciosa sobremesa em menos de 30 minutos. O Arroz Doce da ALSA n\u00e3o cont\u00e9m conservantes.<\/p>\n<p><strong>Ingredientes<\/strong>: a\u00e7\u00facar, f\u00e9cula de batata, sal, aromas, corante (curcumina).<\/p>\n<p><strong>Alerg\u00e9nios<\/strong>: Pode conter vest\u00edgios de <strong>LEITE<\/strong>, <strong>NOZES<\/strong>, <strong>GL\u00daTEN<\/strong>, <strong>OVO<\/strong> e <strong>SOJA<\/strong>.<\/p>\n<p><strong>Informa\u00e7\u00e3o nutricional por 100g:<\/strong><\/p>\n<ul style=\"list-style-type:disc;\">\n<li>Energia 454 Kj \/ 107 kcal<\/li>\n<li>Gorduras 1,1g<\/li>\n<li>dos quais saturados 0,7g<\/li>\n<li>Hidratos de carbono 21g<\/li>\n<li>dos quais a\u00e7\u00facares 14g<\/li>\n<li>Prote\u00ednas 2,8g<\/li>\n<li>Fibra 0,1g<\/li>\n<li>Sal 0,35g<\/li>\n<\/ul>\n<p><strong>Pa\u00eds de origem<\/strong>: Fran\u00e7a.<\/p>\n<p><em>Devido a poss\u00edveis altera\u00e7\u00f5es nas embalagens e\/ou r\u00f3tulos, deve sempre considerar a informa\u00e7\u00e3o que acompanha o produto que recebe.<\/em><\/p>\n","protected":false},"excerpt":{"rendered":"<ul style=\"list-style-type:disc;\">\n<li>Peso l\u00edquido 125g<\/li>\n<li>Rende 6 por\u00e7\u00f5es<\/li>\n<li>Pronto em minutos<\/li>\n<\/ul>\n","protected":false},"author":43533,"featured_media":226431,"comment_status":"open","ping_status":"closed","template":"","meta":[],"pwb-brand":[],"product_brand":[],"product_cat":[8623],"product_tag":[],"class_list":{"0":"post-210344","1":"product","2":"type-product","3":"status-publish","4":"has-post-thumbnail","6":"product_cat-geleia-pudins-mousse","8":"first","9":"instock","10":"taxable","11":"shipping-taxable","12":"purchasable","13":"product-type-simple"},"aioseo_notices":[],"brands":[],"_links":{"self":[{"href":"https:\/\/www.delicias-uk.com\/pt-pt\/wp-json\/wp\/v2\/product\/210344","targetHints":{"allow":["GET"]}}],"collection":[{"href":"https:\/\/www.delicias-uk.com\/pt-pt\/wp-json\/wp\/v2\/product"}],"about":[{"href":"https:\/\/www.delicias-uk.com\/pt-pt\/wp-json\/wp\/v2\/types\/product"}],"author":[{"embeddable":true,"href":"https:\/\/www.delicias-uk.com\/pt-pt\/wp-json\/wp\/v2\/users\/43533"}],"replies":[{"embeddable":true,"href":"https:\/\/www.delicias-uk.com\/pt-pt\/wp-json\/wp\/v2\/comments?post=210344"}],"wp:featuredmedia":[{"embeddable":true,"href":"https:\/\/www.delicias-uk.com\/pt-pt\/wp-json\/wp\/v2\/media\/226431"}],"wp:attachment":[{"href":"https:\/\/www.delicias-uk.com\/pt-pt\/wp-json\/wp\/v2\/media?parent=210344"}],"wp:term":[{"taxonomy":"pwb-brand","embeddable":true,"href":"https:\/\/www.delicias-uk.com\/pt-pt\/wp-json\/wp\/v2\/pwb-brand?post=210344"},{"taxonomy":"product_brand","embeddable":true,"href":"https:\/\/www.delicias-uk.com\/pt-pt\/wp-json\/wp\/v2\/product_brand?post=210344"},{"taxonomy":"product_cat","embeddable":true,"href":"https:\/\/www.delicias-uk.com\/pt-pt\/wp-json\/wp\/v2\/product_cat?post=210344"},{"taxonomy":"product_tag","embeddable":true,"href":"https:\/\/www.delicias-uk.com\/pt-pt\/wp-json\/wp\/v2\/product_tag?post=210344"}],"curies":[{"name":"wp","href":"https:\/\/api.w.org\/{rel}","templated":true}]}}