{"id":210330,"date":"2017-10-27T15:50:39","date_gmt":"2017-10-27T14:50:39","guid":{"rendered":"https:\/\/www.delicias-uk.com\/product\/mz-spaghetti-picante-500gr-2\/"},"modified":"2025-12-02T21:11:35","modified_gmt":"2025-12-02T21:11:35","slug":"mz-spaghetti-picante-500gr-2","status":"publish","type":"product","link":"https:\/\/www.delicias-uk.com\/pt-pt\/produto\/mz-spaghetti-picante-500gr-2\/","title":{"rendered":"Milaneza Esparguete Picante 500g"},"content":{"rendered":"<p style=\"margin-top:0pt;margin-bottom:0pt;margin-left:0in;text-align:left;\"><span style=\"font-size:12pt;font-family:Calibri;color:#1c1c1b;\">O <\/span><span style=\"font-size:12pt;font-family:Calibri;color:#1c1c1b;\">sabor a malagueta desperta sensa\u00e7\u00f5es. Mantenha a simplicidade nos molhos e opte por mariscos e carnes brancas para enriquecer a sua refei\u00e7\u00e3o com bom gosto podendo, inclusive, acrescentar frutas como a manga ou papaia, se procura uma refei\u00e7\u00e3o mais ex\u00f3tica.<\/span><\/p>\n","protected":false},"excerpt":{"rendered":"<p>O sabor a malagueta desperta sensa\u00e7\u00f5es. Mantenha a simplicidade nos molhos e opte por mariscos e carnes brancas para enriquecer a sua refei\u00e7\u00e3o com bom gosto podendo, inclusive, acrescentar frutas como a manga ou papaia, se procura uma refei\u00e7\u00e3o mais ex\u00f3tica.<\/p>\n","protected":false},"author":43533,"featured_media":226150,"comment_status":"open","ping_status":"closed","template":"","meta":[],"pwb-brand":[],"product_brand":[],"product_cat":[8739],"product_tag":[],"class_list":{"0":"post-210330","1":"product","2":"type-product","3":"status-publish","4":"has-post-thumbnail","6":"product_cat-massa","8":"first","9":"instock","10":"taxable","11":"shipping-taxable","12":"purchasable","13":"product-type-simple"},"aioseo_notices":[],"brands":[],"_links":{"self":[{"href":"https:\/\/www.delicias-uk.com\/pt-pt\/wp-json\/wp\/v2\/product\/210330","targetHints":{"allow":["GET"]}}],"collection":[{"href":"https:\/\/www.delicias-uk.com\/pt-pt\/wp-json\/wp\/v2\/product"}],"about":[{"href":"https:\/\/www.delicias-uk.com\/pt-pt\/wp-json\/wp\/v2\/types\/product"}],"author":[{"embeddable":true,"href":"https:\/\/www.delicias-uk.com\/pt-pt\/wp-json\/wp\/v2\/users\/43533"}],"replies":[{"embeddable":true,"href":"https:\/\/www.delicias-uk.com\/pt-pt\/wp-json\/wp\/v2\/comments?post=210330"}],"wp:featuredmedia":[{"embeddable":true,"href":"https:\/\/www.delicias-uk.com\/pt-pt\/wp-json\/wp\/v2\/media\/226150"}],"wp:attachment":[{"href":"https:\/\/www.delicias-uk.com\/pt-pt\/wp-json\/wp\/v2\/media?parent=210330"}],"wp:term":[{"taxonomy":"pwb-brand","embeddable":true,"href":"https:\/\/www.delicias-uk.com\/pt-pt\/wp-json\/wp\/v2\/pwb-brand?post=210330"},{"taxonomy":"product_brand","embeddable":true,"href":"https:\/\/www.delicias-uk.com\/pt-pt\/wp-json\/wp\/v2\/product_brand?post=210330"},{"taxonomy":"product_cat","embeddable":true,"href":"https:\/\/www.delicias-uk.com\/pt-pt\/wp-json\/wp\/v2\/product_cat?post=210330"},{"taxonomy":"product_tag","embeddable":true,"href":"https:\/\/www.delicias-uk.com\/pt-pt\/wp-json\/wp\/v2\/product_tag?post=210330"}],"curies":[{"name":"wp","href":"https:\/\/api.w.org\/{rel}","templated":true}]}}