{"id":210324,"date":"2025-08-08T16:10:01","date_gmt":"2025-08-08T15:10:01","guid":{"rendered":"https:\/\/www.delicias-uk.com\/?post_type=product&#038;p=210324"},"modified":"2025-08-08T16:10:01","modified_gmt":"2025-08-08T15:10:01","slug":"mz-natura-macarrao-integral-500gr","status":"publish","type":"product","link":"https:\/\/www.delicias-uk.com\/pt-pt\/produto\/mz-natura-macarrao-integral-500gr\/","title":{"rendered":"Macarr\u00e3o Integral Milaneza 500g"},"content":{"rendered":"<p style=\"margin-top:0pt;margin-bottom:0pt;margin-left:0in;text-align:left;\"><span style=\"font-size:12pt;font-family:Calibri;color:#1c1c1b;\">Se <\/span><span style=\"font-size:12pt;font-family:Calibri;color:#1c1c1b;\">procura uma alimenta\u00e7\u00e3o saud\u00e1vel e saborosa, Milaneza Natura garante benef\u00edcios para a sua sa\u00fade mas sem prescindir do sabor<\/span><span style=\"font-size:12pt;font-family:Calibri;color:#1c1c1b;\">. Esta<\/span><span style=\"font-size:12pt;font-family:Calibri;color:#1c1c1b;\"> <\/span><span style=\"font-size:12pt;font-family:Calibri;color:#1c1c1b;\">massas <\/span><span style=\"font-size:12pt;font-family:Calibri;color:#1c1c1b;\">integrais <\/span><span style=\"font-size:12pt;font-family:Calibri;color:#1c1c1b;\">com <\/span><span style=\"font-size:12pt;font-family:Calibri;color:#1c1c1b;\">fibra de aveia, <\/span><span style=\"font-size:12pt;font-family:Calibri;color:#1c1c1b;\">permite <\/span><span style=\"font-size:12pt;font-family:Calibri;color:#1c1c1b;\">criar diferentes pratos com ingredientes simples do dia-a-dia e com a garantia de uma refei\u00e7\u00e3o equilibrada<\/span><span style=\"font-size:12pt;font-family:Calibri;color:#1c1c1b;\">. Ajuda <\/span><span style=\"font-size:12pt;font-family:Calibri;color:#1c1c1b;\">a regula\u00e7\u00e3o do tr\u00e2nsito intestinal e ainda promovem a saciedade. <\/span><\/p>\n","protected":false},"excerpt":{"rendered":"<p>Se procura uma alimenta\u00e7\u00e3o saud\u00e1vel e saborosa, Milaneza Natura garante benef\u00edcios para a sua sa\u00fade mas sem prescindir do sabor. Esta massas integrais com fibra de aveia, permite criar diferentes pratos com ingredientes simples do dia-a-dia e com a garantia de uma refei\u00e7\u00e3o equilibrada. Ajuda a regula\u00e7\u00e3o do tr\u00e2nsito intestinal e ainda promovem a saciedade.<\/p>\n","protected":false},"author":43533,"featured_media":253223,"comment_status":"open","ping_status":"closed","template":"","meta":[],"pwb-brand":[],"product_brand":[],"product_cat":[8739,8347,8363],"product_tag":[],"class_list":{"0":"post-210324","1":"product","2":"type-product","3":"status-publish","4":"has-post-thumbnail","6":"product_cat-massa","7":"product_cat-vegetariano","8":"product_cat-halal-pt-pt","10":"first","11":"instock","12":"taxable","13":"shipping-taxable","14":"purchasable","15":"product-type-simple"},"aioseo_notices":[],"brands":[],"_links":{"self":[{"href":"https:\/\/www.delicias-uk.com\/pt-pt\/wp-json\/wp\/v2\/product\/210324","targetHints":{"allow":["GET"]}}],"collection":[{"href":"https:\/\/www.delicias-uk.com\/pt-pt\/wp-json\/wp\/v2\/product"}],"about":[{"href":"https:\/\/www.delicias-uk.com\/pt-pt\/wp-json\/wp\/v2\/types\/product"}],"author":[{"embeddable":true,"href":"https:\/\/www.delicias-uk.com\/pt-pt\/wp-json\/wp\/v2\/users\/43533"}],"replies":[{"embeddable":true,"href":"https:\/\/www.delicias-uk.com\/pt-pt\/wp-json\/wp\/v2\/comments?post=210324"}],"wp:featuredmedia":[{"embeddable":true,"href":"https:\/\/www.delicias-uk.com\/pt-pt\/wp-json\/wp\/v2\/media\/253223"}],"wp:attachment":[{"href":"https:\/\/www.delicias-uk.com\/pt-pt\/wp-json\/wp\/v2\/media?parent=210324"}],"wp:term":[{"taxonomy":"pwb-brand","embeddable":true,"href":"https:\/\/www.delicias-uk.com\/pt-pt\/wp-json\/wp\/v2\/pwb-brand?post=210324"},{"taxonomy":"product_brand","embeddable":true,"href":"https:\/\/www.delicias-uk.com\/pt-pt\/wp-json\/wp\/v2\/product_brand?post=210324"},{"taxonomy":"product_cat","embeddable":true,"href":"https:\/\/www.delicias-uk.com\/pt-pt\/wp-json\/wp\/v2\/product_cat?post=210324"},{"taxonomy":"product_tag","embeddable":true,"href":"https:\/\/www.delicias-uk.com\/pt-pt\/wp-json\/wp\/v2\/product_tag?post=210324"}],"curies":[{"name":"wp","href":"https:\/\/api.w.org\/{rel}","templated":true}]}}