{"id":210310,"date":"2017-10-27T15:50:39","date_gmt":"2017-10-27T14:50:39","guid":{"rendered":"https:\/\/www.delicias-uk.com\/product\/mz-macarrao-500gr-2\/"},"modified":"2026-03-10T06:06:21","modified_gmt":"2026-03-10T06:06:21","slug":"mz-macarrao-500gr-2","status":"publish","type":"product","link":"https:\/\/www.delicias-uk.com\/pt-pt\/produto\/mz-macarrao-500gr-2\/","title":{"rendered":"Milaneza Macarr\u00e3o 500g"},"content":{"rendered":"<p style=\"margin-top:0pt;margin-bottom:0pt;margin-left:0in;text-align:left;\"><span style=\"font-size:12pt;font-family:Calibri;color:#1c1c1b;\">O <\/span><span style=\"font-size:12pt;font-family:Calibri;color:#1c1c1b;\">macarr\u00e3o tem a forma de pequenos tubos finos cortados a direito e com uma textura riscada. \u00c9 uma massa perfeita para molhos \u00e0 base de carne, vegetais, queijo ou manteiga.<\/span><\/p>\n","protected":false},"excerpt":{"rendered":"<p>O macarr\u00e3o tem a forma de pequenos tubos finos cortados a direito e com uma textura riscada. \u00c9 uma massa perfeita para molhos \u00e0 base de carne, vegetais, queijo ou manteiga.<\/p>\n","protected":false},"author":43533,"featured_media":226187,"comment_status":"open","ping_status":"closed","template":"","meta":[],"pwb-brand":[],"product_brand":[],"product_cat":[8739],"product_tag":[],"class_list":{"0":"post-210310","1":"product","2":"type-product","3":"status-publish","4":"has-post-thumbnail","6":"product_cat-massa","8":"first","9":"instock","10":"taxable","11":"shipping-taxable","12":"purchasable","13":"product-type-simple"},"aioseo_notices":[],"brands":[],"_links":{"self":[{"href":"https:\/\/www.delicias-uk.com\/pt-pt\/wp-json\/wp\/v2\/product\/210310","targetHints":{"allow":["GET"]}}],"collection":[{"href":"https:\/\/www.delicias-uk.com\/pt-pt\/wp-json\/wp\/v2\/product"}],"about":[{"href":"https:\/\/www.delicias-uk.com\/pt-pt\/wp-json\/wp\/v2\/types\/product"}],"author":[{"embeddable":true,"href":"https:\/\/www.delicias-uk.com\/pt-pt\/wp-json\/wp\/v2\/users\/43533"}],"replies":[{"embeddable":true,"href":"https:\/\/www.delicias-uk.com\/pt-pt\/wp-json\/wp\/v2\/comments?post=210310"}],"wp:featuredmedia":[{"embeddable":true,"href":"https:\/\/www.delicias-uk.com\/pt-pt\/wp-json\/wp\/v2\/media\/226187"}],"wp:attachment":[{"href":"https:\/\/www.delicias-uk.com\/pt-pt\/wp-json\/wp\/v2\/media?parent=210310"}],"wp:term":[{"taxonomy":"pwb-brand","embeddable":true,"href":"https:\/\/www.delicias-uk.com\/pt-pt\/wp-json\/wp\/v2\/pwb-brand?post=210310"},{"taxonomy":"product_brand","embeddable":true,"href":"https:\/\/www.delicias-uk.com\/pt-pt\/wp-json\/wp\/v2\/product_brand?post=210310"},{"taxonomy":"product_cat","embeddable":true,"href":"https:\/\/www.delicias-uk.com\/pt-pt\/wp-json\/wp\/v2\/product_cat?post=210310"},{"taxonomy":"product_tag","embeddable":true,"href":"https:\/\/www.delicias-uk.com\/pt-pt\/wp-json\/wp\/v2\/product_tag?post=210310"}],"curies":[{"name":"wp","href":"https:\/\/api.w.org\/{rel}","templated":true}]}}