{"id":210296,"date":"2017-10-27T15:50:39","date_gmt":"2017-10-27T14:50:39","guid":{"rendered":"https:\/\/www.delicias-uk.com\/product\/mz-kids-mini-lacos-com-vegetais-500gr-2\/"},"modified":"2026-01-02T15:01:05","modified_gmt":"2026-01-02T15:01:05","slug":"mz-kids-mini-lacos-com-vegetais-500gr-2","status":"publish","type":"product","link":"https:\/\/www.delicias-uk.com\/pt-pt\/produto\/mz-kids-mini-lacos-com-vegetais-500gr-2\/","title":{"rendered":"Milaneza Kids Mini Lacos Com Vegetais 500Gr"},"content":{"rendered":"<p style=\"margin-top:0pt;margin-bottom:0pt;margin-left:0in;text-align:left;\"><span style=\"font-size:12pt;font-family:Calibri;color:#1c1c1b;\">Esta embalagem cont\u00e9m o equivalente a 1\/4 kg de vegetais, fonte de vitaminas, fibras e minerais e importantes para um dieta equilibrada. Cada dose de massa (60g) cont\u00e9m 50% das necessidades di\u00e1rias de Vitamina D, nutriente essencial para o sistema imunit\u00e1rio e muscular e para a manuten\u00e7\u00e3o da estrutura dos ossos e dos dentes.<\/span><\/p><\/p>\n","protected":false},"excerpt":{"rendered":"<p>Esta embalagem cont\u00e9m o equivalente a 1\/4 kg de vegetais, fonte de vitaminas, fibras e minerais e importantes para um dieta equilibrada. Cada dose de massa (60g) cont\u00e9m 50% das necessidades di\u00e1rias de Vitamina D, nutriente essencial para o sistema imunit\u00e1rio e muscular e para a manuten\u00e7\u00e3o da estrutura dos ossos e dos dentes.<\/p>\n","protected":false},"author":43533,"featured_media":226168,"comment_status":"open","ping_status":"closed","template":"","meta":[],"pwb-brand":[],"product_brand":[],"product_cat":[8739,8347,8363],"product_tag":[],"class_list":{"0":"post-210296","1":"product","2":"type-product","3":"status-publish","4":"has-post-thumbnail","6":"product_cat-massa","7":"product_cat-vegetariano","8":"product_cat-halal-pt-pt","10":"first","11":"outofstock","12":"taxable","13":"shipping-taxable","14":"purchasable","15":"product-type-simple"},"aioseo_notices":[],"brands":[],"_links":{"self":[{"href":"https:\/\/www.delicias-uk.com\/pt-pt\/wp-json\/wp\/v2\/product\/210296","targetHints":{"allow":["GET"]}}],"collection":[{"href":"https:\/\/www.delicias-uk.com\/pt-pt\/wp-json\/wp\/v2\/product"}],"about":[{"href":"https:\/\/www.delicias-uk.com\/pt-pt\/wp-json\/wp\/v2\/types\/product"}],"author":[{"embeddable":true,"href":"https:\/\/www.delicias-uk.com\/pt-pt\/wp-json\/wp\/v2\/users\/43533"}],"replies":[{"embeddable":true,"href":"https:\/\/www.delicias-uk.com\/pt-pt\/wp-json\/wp\/v2\/comments?post=210296"}],"wp:featuredmedia":[{"embeddable":true,"href":"https:\/\/www.delicias-uk.com\/pt-pt\/wp-json\/wp\/v2\/media\/226168"}],"wp:attachment":[{"href":"https:\/\/www.delicias-uk.com\/pt-pt\/wp-json\/wp\/v2\/media?parent=210296"}],"wp:term":[{"taxonomy":"pwb-brand","embeddable":true,"href":"https:\/\/www.delicias-uk.com\/pt-pt\/wp-json\/wp\/v2\/pwb-brand?post=210296"},{"taxonomy":"product_brand","embeddable":true,"href":"https:\/\/www.delicias-uk.com\/pt-pt\/wp-json\/wp\/v2\/product_brand?post=210296"},{"taxonomy":"product_cat","embeddable":true,"href":"https:\/\/www.delicias-uk.com\/pt-pt\/wp-json\/wp\/v2\/product_cat?post=210296"},{"taxonomy":"product_tag","embeddable":true,"href":"https:\/\/www.delicias-uk.com\/pt-pt\/wp-json\/wp\/v2\/product_tag?post=210296"}],"curies":[{"name":"wp","href":"https:\/\/api.w.org\/{rel}","templated":true}]}}