{"id":210292,"date":"2017-10-27T15:50:38","date_gmt":"2017-10-27T14:50:38","guid":{"rendered":"https:\/\/www.delicias-uk.com\/product\/mz-gluten-free-spaghetti-500gr-2\/"},"modified":"2017-10-27T15:50:38","modified_gmt":"2017-10-27T15:50:38","slug":"mz-gluten-free-spaghetti-500gr-2","status":"publish","type":"product","link":"https:\/\/www.delicias-uk.com\/pt-pt\/produto\/mz-gluten-free-spaghetti-500gr-2\/","title":{"rendered":"Milaneza Espaguete Sem Gl\u00faten 500g"},"content":{"rendered":"<p style=\"margin-top:0pt;margin-bottom:0pt;margin-left:0in;text-align:left;\"><span style=\"font-size:12pt;font-family:Calibri;color:#1c1c1b;\">As <\/span><span style=\"font-size:12pt;font-family:Calibri;color:#1c1c1b;\">novas massas sem gl\u00faten da Milaneza respondem \u00e0s necessidades espec\u00edficas de quem \u00e9 intolerante ao gl\u00faten. Com estes novos produtos, toda a fam\u00edlia disp\u00f5e agora de uma alternativa \u00e0s massas 100% trigo duro, f\u00e1cil de digerir, mas sempre com a mesma textura e sabor da massa.<\/span><\/p>\n","protected":false},"excerpt":{"rendered":"<p>As novas massas sem gl\u00faten da Milaneza respondem \u00e0s necessidades espec\u00edficas de quem \u00e9 intolerante ao gl\u00faten. Com estes novos produtos, toda a fam\u00edlia disp\u00f5e agora de uma alternativa \u00e0s massas 100% trigo duro, f\u00e1cil de digerir, mas sempre com a mesma textura e sabor da massa.<\/p>\n","protected":false},"author":43533,"featured_media":226198,"comment_status":"open","ping_status":"closed","template":"","meta":[],"pwb-brand":[],"product_brand":[],"product_cat":[8739],"product_tag":[],"class_list":{"0":"post-210292","1":"product","2":"type-product","3":"status-publish","4":"has-post-thumbnail","6":"product_cat-massa","8":"first","9":"instock","10":"taxable","11":"shipping-taxable","12":"purchasable","13":"product-type-simple"},"aioseo_notices":[],"brands":[],"_links":{"self":[{"href":"https:\/\/www.delicias-uk.com\/pt-pt\/wp-json\/wp\/v2\/product\/210292","targetHints":{"allow":["GET"]}}],"collection":[{"href":"https:\/\/www.delicias-uk.com\/pt-pt\/wp-json\/wp\/v2\/product"}],"about":[{"href":"https:\/\/www.delicias-uk.com\/pt-pt\/wp-json\/wp\/v2\/types\/product"}],"author":[{"embeddable":true,"href":"https:\/\/www.delicias-uk.com\/pt-pt\/wp-json\/wp\/v2\/users\/43533"}],"replies":[{"embeddable":true,"href":"https:\/\/www.delicias-uk.com\/pt-pt\/wp-json\/wp\/v2\/comments?post=210292"}],"wp:featuredmedia":[{"embeddable":true,"href":"https:\/\/www.delicias-uk.com\/pt-pt\/wp-json\/wp\/v2\/media\/226198"}],"wp:attachment":[{"href":"https:\/\/www.delicias-uk.com\/pt-pt\/wp-json\/wp\/v2\/media?parent=210292"}],"wp:term":[{"taxonomy":"pwb-brand","embeddable":true,"href":"https:\/\/www.delicias-uk.com\/pt-pt\/wp-json\/wp\/v2\/pwb-brand?post=210292"},{"taxonomy":"product_brand","embeddable":true,"href":"https:\/\/www.delicias-uk.com\/pt-pt\/wp-json\/wp\/v2\/product_brand?post=210292"},{"taxonomy":"product_cat","embeddable":true,"href":"https:\/\/www.delicias-uk.com\/pt-pt\/wp-json\/wp\/v2\/product_cat?post=210292"},{"taxonomy":"product_tag","embeddable":true,"href":"https:\/\/www.delicias-uk.com\/pt-pt\/wp-json\/wp\/v2\/product_tag?post=210292"}],"curies":[{"name":"wp","href":"https:\/\/api.w.org\/{rel}","templated":true}]}}