{"id":210270,"date":"2017-10-27T15:50:38","date_gmt":"2017-10-27T14:50:38","guid":{"rendered":"https:\/\/www.delicias-uk.com\/product\/mz-cotovelinhos-500gr-2\/"},"modified":"2026-04-15T08:46:55","modified_gmt":"2026-04-15T07:46:55","slug":"mz-cotovelinhos-500gr-2","status":"publish","type":"product","link":"https:\/\/www.delicias-uk.com\/pt-pt\/produto\/mz-cotovelinhos-500gr-2\/","title":{"rendered":"Milaneza Cotovelinhos 500g"},"content":{"rendered":"<p style=\"margin-top:0pt;margin-bottom:0pt;margin-left:0in;text-align:left;\"><span style=\"font-size:12pt;font-family:Calibri;color:#1c1c1b;\">Os <\/span><span style=\"font-size:12pt;font-family:Calibri;color:#1c1c1b;\">Cotovelinhos s\u00e3o a massa do dia-a-dia. Pode juntar carne ou peixe que obter\u00e1 sempre uma refei\u00e7\u00e3o apetitosa. Os Cotovelinhos s\u00e3o a garantia de pratos variados todos os dias.<\/span><\/p><\/p>\n","protected":false},"excerpt":{"rendered":"<p>Os Cotovelinhos s\u00e3o a massa do dia-a-dia. Pode juntar carne ou peixe que obter\u00e1 sempre uma refei\u00e7\u00e3o apetitosa. Os Cotovelinhos s\u00e3o a garantia de pratos variados todos os dias.<\/p>\n","protected":false},"author":43533,"featured_media":226140,"comment_status":"open","ping_status":"closed","template":"","meta":[],"pwb-brand":[],"product_brand":[],"product_cat":[8739],"product_tag":[],"class_list":{"0":"post-210270","1":"product","2":"type-product","3":"status-publish","4":"has-post-thumbnail","6":"product_cat-massa","8":"first","9":"instock","10":"taxable","11":"shipping-taxable","12":"purchasable","13":"product-type-simple"},"aioseo_notices":[],"brands":[],"_links":{"self":[{"href":"https:\/\/www.delicias-uk.com\/pt-pt\/wp-json\/wp\/v2\/product\/210270","targetHints":{"allow":["GET"]}}],"collection":[{"href":"https:\/\/www.delicias-uk.com\/pt-pt\/wp-json\/wp\/v2\/product"}],"about":[{"href":"https:\/\/www.delicias-uk.com\/pt-pt\/wp-json\/wp\/v2\/types\/product"}],"author":[{"embeddable":true,"href":"https:\/\/www.delicias-uk.com\/pt-pt\/wp-json\/wp\/v2\/users\/43533"}],"replies":[{"embeddable":true,"href":"https:\/\/www.delicias-uk.com\/pt-pt\/wp-json\/wp\/v2\/comments?post=210270"}],"wp:featuredmedia":[{"embeddable":true,"href":"https:\/\/www.delicias-uk.com\/pt-pt\/wp-json\/wp\/v2\/media\/226140"}],"wp:attachment":[{"href":"https:\/\/www.delicias-uk.com\/pt-pt\/wp-json\/wp\/v2\/media?parent=210270"}],"wp:term":[{"taxonomy":"pwb-brand","embeddable":true,"href":"https:\/\/www.delicias-uk.com\/pt-pt\/wp-json\/wp\/v2\/pwb-brand?post=210270"},{"taxonomy":"product_brand","embeddable":true,"href":"https:\/\/www.delicias-uk.com\/pt-pt\/wp-json\/wp\/v2\/product_brand?post=210270"},{"taxonomy":"product_cat","embeddable":true,"href":"https:\/\/www.delicias-uk.com\/pt-pt\/wp-json\/wp\/v2\/product_cat?post=210270"},{"taxonomy":"product_tag","embeddable":true,"href":"https:\/\/www.delicias-uk.com\/pt-pt\/wp-json\/wp\/v2\/product_tag?post=210270"}],"curies":[{"name":"wp","href":"https:\/\/api.w.org\/{rel}","templated":true}]}}