{"id":210264,"date":"2017-10-27T15:50:38","date_gmt":"2017-10-27T14:50:38","guid":{"rendered":"https:\/\/www.delicias-uk.com\/product\/mz-aletria-500gr-2\/"},"modified":"2026-01-29T18:04:09","modified_gmt":"2026-01-29T18:04:09","slug":"mz-aletria-500gr-2","status":"publish","type":"product","link":"https:\/\/www.delicias-uk.com\/pt-pt\/produto\/mz-aletria-500gr-2\/","title":{"rendered":"Milaneza Aletria 500g"},"content":{"rendered":"<p style=\"margin-top:0pt;margin-bottom:0pt;margin-left:0in;text-align:left\"><span style=\"font-size:12pt;font-family:Calibri;color:#1c1c1b\">Tradicionalmente <\/span><span style=\"font-size:12pt;font-family:Calibri;color:#1c1c1b\">utilizada na confe\u00e7\u00e3o do famoso doce de <\/span><span style=\"font-size:12pt;font-family:Calibri;color:#1c1c1b\">Aletria. As <\/span><span style=\"font-size:12pt;font-family:Calibri;color:#1c1c1b\">suas meadas finas e fr\u00e1geis cozinham muito rapidamente, sendo tamb\u00e9m muitas vezes utilizada nas sopas tipo caldos e consom\u00e9s.<\/span><\/p><\/p>\n","protected":false},"excerpt":{"rendered":"<p>Tradicionalmente utilizada na confe\u00e7\u00e3o do famoso doce de Aletria. As suas meadas finas e fr\u00e1geis cozinham muito rapidamente, sendo tamb\u00e9m muitas vezes utilizada nas sopas tipo caldos e consom\u00e9s.<\/p>\n","protected":false},"author":43533,"featured_media":226131,"comment_status":"open","ping_status":"closed","template":"","meta":[],"pwb-brand":[],"product_brand":[],"product_cat":[8739,8347,8363],"product_tag":[],"class_list":{"0":"post-210264","1":"product","2":"type-product","3":"status-publish","4":"has-post-thumbnail","6":"product_cat-massa","7":"product_cat-vegetariano","8":"product_cat-halal-pt-pt","10":"first","11":"instock","12":"taxable","13":"shipping-taxable","14":"purchasable","15":"product-type-simple"},"aioseo_notices":[],"brands":[],"_links":{"self":[{"href":"https:\/\/www.delicias-uk.com\/pt-pt\/wp-json\/wp\/v2\/product\/210264","targetHints":{"allow":["GET"]}}],"collection":[{"href":"https:\/\/www.delicias-uk.com\/pt-pt\/wp-json\/wp\/v2\/product"}],"about":[{"href":"https:\/\/www.delicias-uk.com\/pt-pt\/wp-json\/wp\/v2\/types\/product"}],"author":[{"embeddable":true,"href":"https:\/\/www.delicias-uk.com\/pt-pt\/wp-json\/wp\/v2\/users\/43533"}],"replies":[{"embeddable":true,"href":"https:\/\/www.delicias-uk.com\/pt-pt\/wp-json\/wp\/v2\/comments?post=210264"}],"wp:featuredmedia":[{"embeddable":true,"href":"https:\/\/www.delicias-uk.com\/pt-pt\/wp-json\/wp\/v2\/media\/226131"}],"wp:attachment":[{"href":"https:\/\/www.delicias-uk.com\/pt-pt\/wp-json\/wp\/v2\/media?parent=210264"}],"wp:term":[{"taxonomy":"pwb-brand","embeddable":true,"href":"https:\/\/www.delicias-uk.com\/pt-pt\/wp-json\/wp\/v2\/pwb-brand?post=210264"},{"taxonomy":"product_brand","embeddable":true,"href":"https:\/\/www.delicias-uk.com\/pt-pt\/wp-json\/wp\/v2\/product_brand?post=210264"},{"taxonomy":"product_cat","embeddable":true,"href":"https:\/\/www.delicias-uk.com\/pt-pt\/wp-json\/wp\/v2\/product_cat?post=210264"},{"taxonomy":"product_tag","embeddable":true,"href":"https:\/\/www.delicias-uk.com\/pt-pt\/wp-json\/wp\/v2\/product_tag?post=210264"}],"curies":[{"name":"wp","href":"https:\/\/api.w.org\/{rel}","templated":true}]}}