{"id":210256,"date":"2017-10-27T15:50:38","date_gmt":"2017-10-27T15:50:38","guid":{"rendered":"https:\/\/www.delicias-uk.com\/product\/manteiga-matinal-magra-250gr-2\/"},"modified":"2025-02-06T17:12:20","modified_gmt":"2025-02-06T17:12:20","slug":"manteiga-matinal-magra-250gr-2","status":"publish","type":"product","link":"https:\/\/www.delicias-uk.com\/pt-pt\/produto\/manteiga-matinal-magra-250gr-2\/","title":{"rendered":"Manteiga Magra Matinal 250g"},"content":{"rendered":"<p style=\"margin-top:0pt;margin-bottom:0pt;margin-left:0in;text-align:left;\">Manteiga para barrar. Uma receita simples, uma manteiga que delicia todas as gera\u00e7\u00f5es.<\/p>\n<p>Ingredientes\/Composi\u00e7\u00e3o<\/p>\n<p>\u00c1gua MAT\u00c9RIA GORDA L\u00c1CTEA PROTE\u00cdNAS DE LEITE amido modificado sal: 1 2% emulsionantes: mono e diglic\u00e9ridos de \u00e1cidos gordos e polirricinoleato de poliglicerol conservante: sorbato de pot\u00e1ssio regulador de acidez: \u00e1cido c\u00edtrico corante: carotenos e aromas.<\/p>\n","protected":false},"excerpt":{"rendered":"<ul>\n<li>Manteiga magra.<\/li>\n<li>Com sal.<\/li>\n<li>Embalagem com 250gr.<\/li>\n<\/ul>\n","protected":false},"author":43533,"featured_media":81880,"comment_status":"open","ping_status":"closed","template":"","meta":[],"pwb-brand":[],"product_brand":[],"product_cat":[8289,8291,8377,8457],"product_tag":[],"class_list":{"0":"post-210256","1":"product","2":"type-product","3":"status-publish","4":"has-post-thumbnail","6":"product_cat-inicio","7":"product_cat-produtos-portugueses","8":"product_cat-lacticinios","9":"product_cat-manteiga","11":"first","12":"instock","13":"taxable","14":"shipping-taxable","15":"purchasable","16":"product-type-simple"},"aioseo_notices":[],"brands":[],"_links":{"self":[{"href":"https:\/\/www.delicias-uk.com\/pt-pt\/wp-json\/wp\/v2\/product\/210256","targetHints":{"allow":["GET"]}}],"collection":[{"href":"https:\/\/www.delicias-uk.com\/pt-pt\/wp-json\/wp\/v2\/product"}],"about":[{"href":"https:\/\/www.delicias-uk.com\/pt-pt\/wp-json\/wp\/v2\/types\/product"}],"author":[{"embeddable":true,"href":"https:\/\/www.delicias-uk.com\/pt-pt\/wp-json\/wp\/v2\/users\/43533"}],"replies":[{"embeddable":true,"href":"https:\/\/www.delicias-uk.com\/pt-pt\/wp-json\/wp\/v2\/comments?post=210256"}],"wp:featuredmedia":[{"embeddable":true,"href":"https:\/\/www.delicias-uk.com\/pt-pt\/wp-json\/wp\/v2\/media\/81880"}],"wp:attachment":[{"href":"https:\/\/www.delicias-uk.com\/pt-pt\/wp-json\/wp\/v2\/media?parent=210256"}],"wp:term":[{"taxonomy":"pwb-brand","embeddable":true,"href":"https:\/\/www.delicias-uk.com\/pt-pt\/wp-json\/wp\/v2\/pwb-brand?post=210256"},{"taxonomy":"product_brand","embeddable":true,"href":"https:\/\/www.delicias-uk.com\/pt-pt\/wp-json\/wp\/v2\/product_brand?post=210256"},{"taxonomy":"product_cat","embeddable":true,"href":"https:\/\/www.delicias-uk.com\/pt-pt\/wp-json\/wp\/v2\/product_cat?post=210256"},{"taxonomy":"product_tag","embeddable":true,"href":"https:\/\/www.delicias-uk.com\/pt-pt\/wp-json\/wp\/v2\/product_tag?post=210256"}],"curies":[{"name":"wp","href":"https:\/\/api.w.org\/{rel}","templated":true}]}}