{"id":210254,"date":"2017-10-27T15:50:38","date_gmt":"2017-10-27T15:50:38","guid":{"rendered":"https:\/\/www.delicias-uk.com\/product\/lulas-calamary-in-ragout-sauce-ramirez-120gr-2\/"},"modified":"2026-02-03T17:11:35","modified_gmt":"2026-02-03T17:11:35","slug":"lulas-calamary-in-ragout-sauce-ramirez-120gr-2","status":"publish","type":"product","link":"https:\/\/www.delicias-uk.com\/pt-pt\/produto\/lulas-calamary-in-ragout-sauce-ramirez-120gr-2\/","title":{"rendered":"Lulas em Caldeirada Ramirez 120g"},"content":{"rendered":"<p>Com um baixo teor de gorduras, os cefal\u00f3podes como o polvo e as lulas, apresentam um perfil nutricional ben\u00e9fico \u00e0 sa\u00fade. Entre outros componentes, s\u00e3o fonte de \u00e1cidos gordos polinsaturados \u00f3mega 3 que, entre outros benef\u00edcios, contribuem para a diminui\u00e7\u00e3o de problemas card\u00edacos, reduzindo a quantidade de triglicer\u00eddeos no sangue e melhorando o funcionamento do cora\u00e7\u00e3o. Apresentada em caldeirada, \u00e9 uma conserva carregada de sabor.<\/p>\n","protected":false},"excerpt":{"rendered":"<ul style=\"list-style-type:disc;\">\n<li>Peso l\u00edquido 120g<\/li>\n<li>Fonte de prote\u00edna<\/li>\n<li>Pronto para comer<\/li>\n<li>Produto Portugu\u00eas<\/li>\n<\/ul>\n","protected":false},"author":43533,"featured_media":81876,"comment_status":"open","ping_status":"closed","template":"","meta":[],"pwb-brand":[],"product_brand":[],"product_cat":[9325,8289,8291,8411,8605,8499],"product_tag":[],"class_list":{"0":"post-210254","1":"product","2":"type-product","3":"status-publish","4":"has-post-thumbnail","6":"product_cat-pickles-conservas","7":"product_cat-inicio","8":"product_cat-produtos-portugueses","9":"product_cat-conservas","10":"product_cat-outros","11":"product_cat-sem-glutem","13":"first","14":"instock","15":"taxable","16":"shipping-taxable","17":"purchasable","18":"product-type-simple"},"aioseo_notices":[],"brands":[],"_links":{"self":[{"href":"https:\/\/www.delicias-uk.com\/pt-pt\/wp-json\/wp\/v2\/product\/210254","targetHints":{"allow":["GET"]}}],"collection":[{"href":"https:\/\/www.delicias-uk.com\/pt-pt\/wp-json\/wp\/v2\/product"}],"about":[{"href":"https:\/\/www.delicias-uk.com\/pt-pt\/wp-json\/wp\/v2\/types\/product"}],"author":[{"embeddable":true,"href":"https:\/\/www.delicias-uk.com\/pt-pt\/wp-json\/wp\/v2\/users\/43533"}],"replies":[{"embeddable":true,"href":"https:\/\/www.delicias-uk.com\/pt-pt\/wp-json\/wp\/v2\/comments?post=210254"}],"wp:featuredmedia":[{"embeddable":true,"href":"https:\/\/www.delicias-uk.com\/pt-pt\/wp-json\/wp\/v2\/media\/81876"}],"wp:attachment":[{"href":"https:\/\/www.delicias-uk.com\/pt-pt\/wp-json\/wp\/v2\/media?parent=210254"}],"wp:term":[{"taxonomy":"pwb-brand","embeddable":true,"href":"https:\/\/www.delicias-uk.com\/pt-pt\/wp-json\/wp\/v2\/pwb-brand?post=210254"},{"taxonomy":"product_brand","embeddable":true,"href":"https:\/\/www.delicias-uk.com\/pt-pt\/wp-json\/wp\/v2\/product_brand?post=210254"},{"taxonomy":"product_cat","embeddable":true,"href":"https:\/\/www.delicias-uk.com\/pt-pt\/wp-json\/wp\/v2\/product_cat?post=210254"},{"taxonomy":"product_tag","embeddable":true,"href":"https:\/\/www.delicias-uk.com\/pt-pt\/wp-json\/wp\/v2\/product_tag?post=210254"}],"curies":[{"name":"wp","href":"https:\/\/api.w.org\/{rel}","templated":true}]}}