{"id":210248,"date":"2017-10-27T15:50:38","date_gmt":"2017-10-27T14:50:38","guid":{"rendered":"https:\/\/www.delicias-uk.com\/product\/leite-nestle-junior-1-crescimento-cereais-1l\/"},"modified":"2026-04-08T11:03:11","modified_gmt":"2026-04-08T10:03:11","slug":"leite-nestle-junior-1-crescimento-cereais-1l","status":"publish","type":"product","link":"https:\/\/www.delicias-uk.com\/pt-pt\/produto\/leite-nestle-junior-1-crescimento-cereais-1l\/","title":{"rendered":"Leite Nestl\u00e9 Junior 1+ Crescimento Cereais 1L"},"content":{"rendered":"<p><strong>Ingredientes:<\/strong> Leite magro, \u00e1gua, farinha (4,4%) (trigo hidrolisada, trigo, cevada, centeio, milho, aveia integral), soro de leite em p\u00f3 desmineralizado, \u00f3leos vegetais (colza, girassol), gordura l\u00e1ctea, subst\u00e2ncias minerais (citrato de c\u00e1lcio, sulfato ferroso, sulfato de zinco, iodeto de pot\u00e1ssio, selenato de s\u00f3dio), emulsionante (lecitina de soja), vitaminas (C, PP, E, \u00e1cido pantot\u00e9nico, B6, B1, A, B2, \u00e1cido f\u00f3lico, biotina, K, D, B12), estabilizador (carragenina), aromas.<\/p>\n<p><em>N\u00e3o indicado para beb\u00e9s com alergia \u00e0s prote\u00ednas do leite de vaca. Este produto cont\u00e9m gl\u00faten.<\/em><\/p>\n","protected":false},"excerpt":{"rendered":"<ul style=\"list-style-type:disc;\">\n<li>Fornece cerca de 80% do VR** de FERRO por dia<\/li>\n<li>Fonte de C\u00c1LCIO e IODO<\/li>\n<li>Com 13 VITAMINAS (A, D, E, K, C, B1, B2, PP, B6, B9, B5, B12, H)<\/li>\n<li>Quantidade de PROTE\u00cdNAS adequada<\/li>\n<li>Sem a\u00e7\u00facares adicionados** e com um DELICIOSO SABOR a 5 Cereais!<\/li>\n<\/ul>\n<p>*Cont\u00e9m a\u00e7\u00facares naturalmente presentes.<\/p>\n<p>** valor de refer\u00eancia para um consumo ideal de 500ml\/dia<\/p>\n","protected":false},"author":43533,"featured_media":81864,"comment_status":"open","ping_status":"closed","template":"","meta":[],"pwb-brand":[],"product_brand":[],"product_cat":[8289,8291,8395,8625],"product_tag":[],"class_list":{"0":"post-210248","1":"product","2":"type-product","3":"status-publish","4":"has-post-thumbnail","6":"product_cat-inicio","7":"product_cat-produtos-portugueses","8":"product_cat-mercearia","9":"product_cat-bebe-cereais","11":"first","12":"instock","13":"taxable","14":"shipping-taxable","15":"purchasable","16":"product-type-simple"},"aioseo_notices":[],"brands":[],"_links":{"self":[{"href":"https:\/\/www.delicias-uk.com\/pt-pt\/wp-json\/wp\/v2\/product\/210248","targetHints":{"allow":["GET"]}}],"collection":[{"href":"https:\/\/www.delicias-uk.com\/pt-pt\/wp-json\/wp\/v2\/product"}],"about":[{"href":"https:\/\/www.delicias-uk.com\/pt-pt\/wp-json\/wp\/v2\/types\/product"}],"author":[{"embeddable":true,"href":"https:\/\/www.delicias-uk.com\/pt-pt\/wp-json\/wp\/v2\/users\/43533"}],"replies":[{"embeddable":true,"href":"https:\/\/www.delicias-uk.com\/pt-pt\/wp-json\/wp\/v2\/comments?post=210248"}],"wp:featuredmedia":[{"embeddable":true,"href":"https:\/\/www.delicias-uk.com\/pt-pt\/wp-json\/wp\/v2\/media\/81864"}],"wp:attachment":[{"href":"https:\/\/www.delicias-uk.com\/pt-pt\/wp-json\/wp\/v2\/media?parent=210248"}],"wp:term":[{"taxonomy":"pwb-brand","embeddable":true,"href":"https:\/\/www.delicias-uk.com\/pt-pt\/wp-json\/wp\/v2\/pwb-brand?post=210248"},{"taxonomy":"product_brand","embeddable":true,"href":"https:\/\/www.delicias-uk.com\/pt-pt\/wp-json\/wp\/v2\/product_brand?post=210248"},{"taxonomy":"product_cat","embeddable":true,"href":"https:\/\/www.delicias-uk.com\/pt-pt\/wp-json\/wp\/v2\/product_cat?post=210248"},{"taxonomy":"product_tag","embeddable":true,"href":"https:\/\/www.delicias-uk.com\/pt-pt\/wp-json\/wp\/v2\/product_tag?post=210248"}],"curies":[{"name":"wp","href":"https:\/\/api.w.org\/{rel}","templated":true}]}}