{"id":210246,"date":"2017-10-27T16:50:38","date_gmt":"2017-10-27T15:50:38","guid":{"rendered":"https:\/\/www.delicias-uk.com\/product\/leite-nestle-junior-3-crescimento-1l\/"},"modified":"2026-03-19T12:04:23","modified_gmt":"2026-03-19T12:04:23","slug":"leite-nestle-junior-3-crescimento-1l","status":"publish","type":"product","link":"https:\/\/www.delicias-uk.com\/pt-pt\/produto\/leite-nestle-junior-3-crescimento-1l\/","title":{"rendered":"Leite Nestl\u00e9 Junior 3+ Crescimento 1L"},"content":{"rendered":"<p>A bebida l\u00e1ctea infantil Nestl\u00e9 Junior 3+ \u00e9 uma op\u00e7\u00e3o nutricionalmente completa e ajuda a crian\u00e7a a diversificar a sua alimenta\u00e7\u00e3o de forma saud\u00e1vel e divertida, sem a\u00e7\u00facares adicionados* e com ferro que contribui para o desenvolvimento cognitivo normal das crian\u00e7as. Cont\u00e9m tamb\u00e9m c\u00e1lcio que \u00e9 necess\u00e1rio para o crescimento e desenvolvimento normais dos ossos das crian\u00e7as. \u00c9 importante que a crian\u00e7a tenha uma alimenta\u00e7\u00e3o variada e equilibrada e um modo de vida saud\u00e1vel.<\/p>\n<p><strong>Ingredientes:<\/strong> Leite magro, \u00e1gua, soro de leite em p\u00f3 desmineralizado, \u00f3leos vegetais (girassol, colza), leite, gordura de leite, subst\u00e2ncias minerais (citrato de c\u00e1lcio, sulfato ferroso, sulfato de zinco, iodeto de pot\u00e1ssio), emulsionante (lecitina de soja), vitaminas (C, PP, \u00e1cido pantot\u00e9nico, E, B1, B6, B2, A, \u00e1cido f\u00f3lico, biotina, K, D, B12), aroma (vanilina), regulador de acidez (hidr\u00f3xido de pot\u00e1ssio).<\/p>\n<p><em>N\u00e3o indicado para beb\u00e9s com alergia \u00e0s prote\u00ednas do leite de vaca. Este produto n\u00e3o cont\u00e9m gl\u00faten.<\/em><\/p>\n","protected":false},"excerpt":{"rendered":"<ul style=\"list-style-type:disc;\">\n<li>Sem a\u00e7\u00facares adicionados* e com um DELICIOSO SABOR!<\/li>\n<li>Fornece cerca de 80% do VR** de FERRO por dia<\/li>\n<li>Fonte de C\u00c1LCIO, IODO e FERRO<\/li>\n<li>Com 13 VITAMINAS (A, D, E, K, C, B1, B2, PP, B6, B9, B5, B12, H)<\/li>\n<li>Quantidade de PROTE\u00cdNAS adequada<\/li>\n<\/ul>\n<p>* cont\u00e9m a\u00e7\u00facares naturalmente presentes<\/p>\n<p>**valor de refer\u00eancia para um consumo ideal de 500ml\/dia<\/p>\n","protected":false},"author":43533,"featured_media":81860,"comment_status":"open","ping_status":"closed","template":"","meta":[],"pwb-brand":[],"product_brand":[],"product_cat":[8289,8291,8395,8625,8499],"product_tag":[],"class_list":{"0":"post-210246","1":"product","2":"type-product","3":"status-publish","4":"has-post-thumbnail","6":"product_cat-inicio","7":"product_cat-produtos-portugueses","8":"product_cat-mercearia","9":"product_cat-bebe-cereais","10":"product_cat-sem-glutem","12":"first","13":"instock","14":"taxable","15":"shipping-taxable","16":"purchasable","17":"product-type-simple"},"aioseo_notices":[],"brands":[],"_links":{"self":[{"href":"https:\/\/www.delicias-uk.com\/pt-pt\/wp-json\/wp\/v2\/product\/210246","targetHints":{"allow":["GET"]}}],"collection":[{"href":"https:\/\/www.delicias-uk.com\/pt-pt\/wp-json\/wp\/v2\/product"}],"about":[{"href":"https:\/\/www.delicias-uk.com\/pt-pt\/wp-json\/wp\/v2\/types\/product"}],"author":[{"embeddable":true,"href":"https:\/\/www.delicias-uk.com\/pt-pt\/wp-json\/wp\/v2\/users\/43533"}],"replies":[{"embeddable":true,"href":"https:\/\/www.delicias-uk.com\/pt-pt\/wp-json\/wp\/v2\/comments?post=210246"}],"wp:featuredmedia":[{"embeddable":true,"href":"https:\/\/www.delicias-uk.com\/pt-pt\/wp-json\/wp\/v2\/media\/81860"}],"wp:attachment":[{"href":"https:\/\/www.delicias-uk.com\/pt-pt\/wp-json\/wp\/v2\/media?parent=210246"}],"wp:term":[{"taxonomy":"pwb-brand","embeddable":true,"href":"https:\/\/www.delicias-uk.com\/pt-pt\/wp-json\/wp\/v2\/pwb-brand?post=210246"},{"taxonomy":"product_brand","embeddable":true,"href":"https:\/\/www.delicias-uk.com\/pt-pt\/wp-json\/wp\/v2\/product_brand?post=210246"},{"taxonomy":"product_cat","embeddable":true,"href":"https:\/\/www.delicias-uk.com\/pt-pt\/wp-json\/wp\/v2\/product_cat?post=210246"},{"taxonomy":"product_tag","embeddable":true,"href":"https:\/\/www.delicias-uk.com\/pt-pt\/wp-json\/wp\/v2\/product_tag?post=210246"}],"curies":[{"name":"wp","href":"https:\/\/api.w.org\/{rel}","templated":true}]}}