{"id":210242,"date":"2017-10-27T16:50:38","date_gmt":"2017-10-27T15:50:38","guid":{"rendered":"https:\/\/www.delicias-uk.com\/product\/leite-nestle-junior-1-crescimento-sabor-maria-biscoito-1l\/"},"modified":"2026-03-05T16:03:30","modified_gmt":"2026-03-05T16:03:30","slug":"leite-nestle-junior-1-crescimento-sabor-maria-biscoito-1l","status":"publish","type":"product","link":"https:\/\/www.delicias-uk.com\/pt-pt\/produto\/leite-nestle-junior-1-crescimento-sabor-maria-biscoito-1l\/","title":{"rendered":"Leite Nestl\u00e9 Junior 1+ Crescimento Sabor Bolacha Maria 1L"},"content":{"rendered":"<p>A bebida l\u00e1ctea infantil Nestl\u00e9 Junior 1+ Bolacha Maria \u00e9 uma op\u00e7\u00e3o nutricionalmente completa e ajuda a crian\u00e7a a diversificar a sua alimenta\u00e7\u00e3o de forma saud\u00e1vel e divertida, sem a\u00e7\u00facares adicionados* e com ferro que contribui para o desenvolvimento cognitivo normal das crian\u00e7as. Cont\u00e9m tamb\u00e9m c\u00e1lcio que \u00e9 necess\u00e1rio para o crescimento e desenvolvimento normais dos ossos. \u00c9 importante que a crian\u00e7a tenha uma alimenta\u00e7\u00e3o variada e equilibrada e um modo de vida saud\u00e1vel.<\/p>\n<p><strong>Ingredientes:<\/strong> Leite magro, \u00e1gua, bolacha (4,4%) [farinha de trigo hidrolisada, farinha de trigo, \u00f3leos vegetais (colza, girassol), leite em p\u00f3 magro, s\u00eamola de trigo duro], soro de leite em p\u00f3 desmineralizado, \u00f3leos vegetais (colza, girassol), gordura l\u00e1ctea, subst\u00e2ncias minerais (citrato de c\u00e1lcio, sulfato ferroso, sulfato de zinco, iodeto de pot\u00e1ssio, selenato de s\u00f3dio), emulsionante (lecitina de soja), vitaminas (C, PP, E, \u00e1cido pantot\u00e9nico, B6, B1, A, B2, \u00e1cido f\u00f3lico, biotina, K, D, B12), estabilizador (carragenina), aromas.<\/p>\n<p><em>N\u00e3o indicado para beb\u00e9s com alergia \u00e0s prote\u00ednas do leite de vaca. Este produto cont\u00e9m gl\u00faten.<\/em><\/p>\n","protected":false},"excerpt":{"rendered":"<ul style=\"list-style-type: disc;\">\n<li>Fornece cerca de 80% do VR** de FERRO por dia<\/li>\n<li>Fonte de C\u00c1LCIO e IODO<\/li>\n<li>Com 13 VITAMINAS (A, D, E, K, C, B1, B2, PP, B6, B9, B5, B12, H)<\/li>\n<li>Quantidade de PROTE\u00cdNAS adequada<\/li>\n<li>Sem A\u00e7\u00facares adicionados* e com um DELICIOSO SABOR A BOLACHA produzida \u00e0 base de cereais!<\/li>\n<\/ul>\n<p>*Cont\u00e9m a\u00e7\u00facares naturalmente presentes<\/p>\n<p>**Valor de refer\u00eancia para um consumo ideal de 500ml\/dia<\/p>\n","protected":false},"author":43533,"featured_media":81853,"comment_status":"open","ping_status":"closed","template":"","meta":[],"pwb-brand":[],"product_brand":[],"product_cat":[8289,8291,8395,8625],"product_tag":[],"class_list":{"0":"post-210242","1":"product","2":"type-product","3":"status-publish","4":"has-post-thumbnail","6":"product_cat-inicio","7":"product_cat-produtos-portugueses","8":"product_cat-mercearia","9":"product_cat-bebe-cereais","11":"first","12":"instock","13":"taxable","14":"shipping-taxable","15":"purchasable","16":"product-type-simple"},"aioseo_notices":[],"brands":[],"_links":{"self":[{"href":"https:\/\/www.delicias-uk.com\/pt-pt\/wp-json\/wp\/v2\/product\/210242","targetHints":{"allow":["GET"]}}],"collection":[{"href":"https:\/\/www.delicias-uk.com\/pt-pt\/wp-json\/wp\/v2\/product"}],"about":[{"href":"https:\/\/www.delicias-uk.com\/pt-pt\/wp-json\/wp\/v2\/types\/product"}],"author":[{"embeddable":true,"href":"https:\/\/www.delicias-uk.com\/pt-pt\/wp-json\/wp\/v2\/users\/43533"}],"replies":[{"embeddable":true,"href":"https:\/\/www.delicias-uk.com\/pt-pt\/wp-json\/wp\/v2\/comments?post=210242"}],"wp:featuredmedia":[{"embeddable":true,"href":"https:\/\/www.delicias-uk.com\/pt-pt\/wp-json\/wp\/v2\/media\/81853"}],"wp:attachment":[{"href":"https:\/\/www.delicias-uk.com\/pt-pt\/wp-json\/wp\/v2\/media?parent=210242"}],"wp:term":[{"taxonomy":"pwb-brand","embeddable":true,"href":"https:\/\/www.delicias-uk.com\/pt-pt\/wp-json\/wp\/v2\/pwb-brand?post=210242"},{"taxonomy":"product_brand","embeddable":true,"href":"https:\/\/www.delicias-uk.com\/pt-pt\/wp-json\/wp\/v2\/product_brand?post=210242"},{"taxonomy":"product_cat","embeddable":true,"href":"https:\/\/www.delicias-uk.com\/pt-pt\/wp-json\/wp\/v2\/product_cat?post=210242"},{"taxonomy":"product_tag","embeddable":true,"href":"https:\/\/www.delicias-uk.com\/pt-pt\/wp-json\/wp\/v2\/product_tag?post=210242"}],"curies":[{"name":"wp","href":"https:\/\/api.w.org\/{rel}","templated":true}]}}