{"id":210216,"date":"2017-10-27T15:50:38","date_gmt":"2017-10-27T14:50:38","guid":{"rendered":"https:\/\/www.delicias-uk.com\/product\/farinha-maizena-400gr-2\/"},"modified":"2026-04-15T16:39:47","modified_gmt":"2026-04-15T15:39:47","slug":"farinha-maizena-400gr-2","status":"publish","type":"product","link":"https:\/\/www.delicias-uk.com\/pt-pt\/produto\/farinha-maizena-400gr-2\/","title":{"rendered":"Farinha Maizena 400g"},"content":{"rendered":"<p style=\"margin-top:0pt;margin-bottom:0pt;margin-left:0in;text-align:left\"><span style=\"font-size:12pt;font-family:Calibri;color:#000000\">O <\/span><span style=\"font-size:12pt;font-family:Calibri;color:#000000\">amido de milho Maizena \u00e9 100% natural e n\u00e3o cont\u00e9m gl\u00faten, \u00e9 proveniente das melhores variedades de milho<\/span><span style=\"font-size:12pt;font-family:Calibri;color:#000000\">. Esta farinha<\/span><span style=\"font-size:12pt;font-family:Calibri;color:#000000\"> <\/span><span style=\"font-size:12pt;font-family:Calibri;color:#000000\">pode<\/span><span style=\"font-size:12pt;font-family:Calibri;color:#000000\"> <\/span><span style=\"font-size:12pt;font-family:Calibri;color:#000000\">ser<\/span><span style=\"font-size:12pt;font-family:Calibri;color:#000000\"> <\/span><span style=\"font-size:12pt;font-family:Calibri;color:#000000\">utilizada<\/span><span style=\"font-size:12pt;font-family:Calibri;color:#000000\"> <\/span><span style=\"font-size:12pt;font-family:Calibri;color:#000000\">para<\/span><span style=\"font-size:12pt;font-family:Calibri;color:#000000\"> <\/span><span style=\"font-size:12pt;font-family:Calibri;color:#000000\">dar <\/span><span style=\"font-size:12pt;font-family:Calibri;color:#000000\">consist\u00eancia a sopas e cremes, cremosidade a molhos e pratos, consist\u00eancia e textura fina \u00e0s sobremesas, e at\u00e9 para confeccionar papas.<\/span><\/p><\/p>\n","protected":false},"excerpt":{"rendered":"<p>O amido de milho Maizena \u00e9 100% natural e n\u00e3o cont\u00e9m gl\u00faten, \u00e9 proveniente das melhores variedades de milho. Esta farinha pode ser utilizada para dar consist\u00eancia a sopas e cremes, cremosidade a molhos e pratos, consist\u00eancia e textura fina \u00e0s sobremesas, e at\u00e9 para confeccionar papas.<\/p>\n","protected":false},"author":43533,"featured_media":56046,"comment_status":"open","ping_status":"closed","template":"","meta":[],"pwb-brand":[],"product_brand":[],"product_cat":[8527],"product_tag":[],"class_list":{"0":"post-210216","1":"product","2":"type-product","3":"status-publish","4":"has-post-thumbnail","6":"product_cat-farinhas-pao-ralado","8":"first","9":"instock","10":"taxable","11":"shipping-taxable","12":"purchasable","13":"product-type-simple"},"aioseo_notices":[],"brands":[],"_links":{"self":[{"href":"https:\/\/www.delicias-uk.com\/pt-pt\/wp-json\/wp\/v2\/product\/210216","targetHints":{"allow":["GET"]}}],"collection":[{"href":"https:\/\/www.delicias-uk.com\/pt-pt\/wp-json\/wp\/v2\/product"}],"about":[{"href":"https:\/\/www.delicias-uk.com\/pt-pt\/wp-json\/wp\/v2\/types\/product"}],"author":[{"embeddable":true,"href":"https:\/\/www.delicias-uk.com\/pt-pt\/wp-json\/wp\/v2\/users\/43533"}],"replies":[{"embeddable":true,"href":"https:\/\/www.delicias-uk.com\/pt-pt\/wp-json\/wp\/v2\/comments?post=210216"}],"wp:featuredmedia":[{"embeddable":true,"href":"https:\/\/www.delicias-uk.com\/pt-pt\/wp-json\/wp\/v2\/media\/56046"}],"wp:attachment":[{"href":"https:\/\/www.delicias-uk.com\/pt-pt\/wp-json\/wp\/v2\/media?parent=210216"}],"wp:term":[{"taxonomy":"pwb-brand","embeddable":true,"href":"https:\/\/www.delicias-uk.com\/pt-pt\/wp-json\/wp\/v2\/pwb-brand?post=210216"},{"taxonomy":"product_brand","embeddable":true,"href":"https:\/\/www.delicias-uk.com\/pt-pt\/wp-json\/wp\/v2\/product_brand?post=210216"},{"taxonomy":"product_cat","embeddable":true,"href":"https:\/\/www.delicias-uk.com\/pt-pt\/wp-json\/wp\/v2\/product_cat?post=210216"},{"taxonomy":"product_tag","embeddable":true,"href":"https:\/\/www.delicias-uk.com\/pt-pt\/wp-json\/wp\/v2\/product_tag?post=210216"}],"curies":[{"name":"wp","href":"https:\/\/api.w.org\/{rel}","templated":true}]}}