{"id":210196,"date":"2017-10-26T17:13:14","date_gmt":"2017-10-26T16:13:14","guid":{"rendered":"https:\/\/www.delicias-uk.com\/product\/pudim-el-mandarin-192g\/"},"modified":"2026-02-24T18:45:25","modified_gmt":"2026-02-24T18:45:25","slug":"pudim-el-mandarin-192g","status":"publish","type":"product","link":"https:\/\/www.delicias-uk.com\/pt-pt\/produto\/pudim-el-mandarin-192g\/","title":{"rendered":"Pudim El Mandarin 19.2g"},"content":{"rendered":"<p>O pudim de Mandarin \u00e9 um daqueles produtos omnipresentes em Portugal, \u00e9 um pudim instant\u00e2neo usado de forma simples mas sobretudo utilizado para uma s\u00e9rie de outras receitas quando se quer um pudim ou para substituir ovos, estando no mercado portugu\u00eas h\u00e1 mais de 40 anos.<\/p>\n<p><strong>Ingredientes<\/strong>: amido de milho, espessantes (E407 e E410), sal, corantes (E-102 e E-129) e aroma de baunilha.<\/p>\n<p><strong>Al\u00e9rgenos<\/strong>: nenhum.<\/p>\n<p><strong>Valor nutricional por 100g:<\/strong><\/p>\n<ul style=\"list-style-type:disc;\">\n<li>Energia 1368 Kj \/ 329 kcal<\/li>\n<li>Gorduras 0,24g<\/li>\n<li>das quais saturadas 0,14g<\/li>\n<li>Carboidratos 79,2g<\/li>\n<li>dos quais a\u00e7\u00facares 4,0g<\/li>\n<li>Fibra 0,9g<\/li>\n<li>Prote\u00ednas 2,1g<\/li>\n<li>Sal 2,1g<\/li>\n<\/ul>\n<p><strong>Pa\u00eds de origem<\/strong>: Portugal.<\/p>\n","protected":false},"excerpt":{"rendered":"<ul style=\"list-style-type:disc;\">\n<li>Peso l\u00edquido 19.2g<\/li>\n<li>Cont\u00e9m 4 saquetas individuais<\/li>\n<li>Sem gl\u00faten<\/li>\n<\/ul>\n","protected":false},"author":43533,"featured_media":226447,"comment_status":"open","ping_status":"closed","template":"","meta":[],"pwb-brand":[],"product_brand":[],"product_cat":[8623],"product_tag":[],"class_list":{"0":"post-210196","1":"product","2":"type-product","3":"status-publish","4":"has-post-thumbnail","6":"product_cat-geleia-pudins-mousse","8":"first","9":"instock","10":"taxable","11":"shipping-taxable","12":"purchasable","13":"product-type-simple"},"aioseo_notices":[],"brands":[],"_links":{"self":[{"href":"https:\/\/www.delicias-uk.com\/pt-pt\/wp-json\/wp\/v2\/product\/210196","targetHints":{"allow":["GET"]}}],"collection":[{"href":"https:\/\/www.delicias-uk.com\/pt-pt\/wp-json\/wp\/v2\/product"}],"about":[{"href":"https:\/\/www.delicias-uk.com\/pt-pt\/wp-json\/wp\/v2\/types\/product"}],"author":[{"embeddable":true,"href":"https:\/\/www.delicias-uk.com\/pt-pt\/wp-json\/wp\/v2\/users\/43533"}],"replies":[{"embeddable":true,"href":"https:\/\/www.delicias-uk.com\/pt-pt\/wp-json\/wp\/v2\/comments?post=210196"}],"wp:featuredmedia":[{"embeddable":true,"href":"https:\/\/www.delicias-uk.com\/pt-pt\/wp-json\/wp\/v2\/media\/226447"}],"wp:attachment":[{"href":"https:\/\/www.delicias-uk.com\/pt-pt\/wp-json\/wp\/v2\/media?parent=210196"}],"wp:term":[{"taxonomy":"pwb-brand","embeddable":true,"href":"https:\/\/www.delicias-uk.com\/pt-pt\/wp-json\/wp\/v2\/pwb-brand?post=210196"},{"taxonomy":"product_brand","embeddable":true,"href":"https:\/\/www.delicias-uk.com\/pt-pt\/wp-json\/wp\/v2\/product_brand?post=210196"},{"taxonomy":"product_cat","embeddable":true,"href":"https:\/\/www.delicias-uk.com\/pt-pt\/wp-json\/wp\/v2\/product_cat?post=210196"},{"taxonomy":"product_tag","embeddable":true,"href":"https:\/\/www.delicias-uk.com\/pt-pt\/wp-json\/wp\/v2\/product_tag?post=210196"}],"curies":[{"name":"wp","href":"https:\/\/api.w.org\/{rel}","templated":true}]}}