{"id":210186,"date":"2017-10-26T17:13:14","date_gmt":"2017-10-26T17:13:14","guid":{"rendered":"https:\/\/www.delicias-uk.com\/product\/nesquik-chocolate-em-po-460g-2\/"},"modified":"2026-01-17T18:39:02","modified_gmt":"2026-01-17T18:39:02","slug":"nesquik-chocolate-em-po-460g-2","status":"publish","type":"product","link":"https:\/\/www.delicias-uk.com\/pt-pt\/produto\/nesquik-chocolate-em-po-460g-2\/","title":{"rendered":"Achocolatado em P\u00f3 Nesquik 390g"},"content":{"rendered":"<p style=\"margin-top:0pt;margin-bottom:0pt;margin-left:0in;\"><span style=\"font-size:12pt;font-family:Calibri;\">Nestl\u00e9 Nesquik Chocolate em P\u00f3 transforma o leite numa bebida irresistivelmente deliciosa e nutritiva que as <\/span><span style=\"font-size:12pt;font-family:Calibri;\">crian\u00e7as <\/span><span style=\"font-size:12pt;font-family:Calibri;\">v\u00e3o adorar<\/span><span style=\"font-size:12pt;font-family:Calibri;\">! <\/span><span style=\"font-size:12pt;font-family:Calibri;\">Para um pequeno-almoco equilibrado. Sem gluten, possui vitaminas C e D e \u00e9 facil de preparar, apenas misture com leite.<\/span><\/p><\/p>\n","protected":false},"excerpt":{"rendered":"<p>Nestl\u00e9 Nesquik Chocolate em P\u00f3 transforma o leite numa bebida irresistivelmente deliciosa e nutritiva que as crian\u00e7as v\u00e3o adorar! Para um pequeno-almoco equilibrado. Sem gluten, possui vitaminas C e D e \u00e9 facil de preparar, apenas misture com leite.<\/p>\n","protected":false},"author":43533,"featured_media":81776,"comment_status":"open","ping_status":"closed","template":"","meta":[],"pwb-brand":[],"product_brand":[],"product_cat":[8289,8291,8377,8737],"product_tag":[],"class_list":{"0":"post-210186","1":"product","2":"type-product","3":"status-publish","4":"has-post-thumbnail","6":"product_cat-inicio","7":"product_cat-produtos-portugueses","8":"product_cat-lacticinios","9":"product_cat-achocolatado","11":"first","12":"instock","13":"taxable","14":"shipping-taxable","15":"purchasable","16":"product-type-simple"},"aioseo_notices":[],"brands":[],"_links":{"self":[{"href":"https:\/\/www.delicias-uk.com\/pt-pt\/wp-json\/wp\/v2\/product\/210186","targetHints":{"allow":["GET"]}}],"collection":[{"href":"https:\/\/www.delicias-uk.com\/pt-pt\/wp-json\/wp\/v2\/product"}],"about":[{"href":"https:\/\/www.delicias-uk.com\/pt-pt\/wp-json\/wp\/v2\/types\/product"}],"author":[{"embeddable":true,"href":"https:\/\/www.delicias-uk.com\/pt-pt\/wp-json\/wp\/v2\/users\/43533"}],"replies":[{"embeddable":true,"href":"https:\/\/www.delicias-uk.com\/pt-pt\/wp-json\/wp\/v2\/comments?post=210186"}],"wp:featuredmedia":[{"embeddable":true,"href":"https:\/\/www.delicias-uk.com\/pt-pt\/wp-json\/wp\/v2\/media\/81776"}],"wp:attachment":[{"href":"https:\/\/www.delicias-uk.com\/pt-pt\/wp-json\/wp\/v2\/media?parent=210186"}],"wp:term":[{"taxonomy":"pwb-brand","embeddable":true,"href":"https:\/\/www.delicias-uk.com\/pt-pt\/wp-json\/wp\/v2\/pwb-brand?post=210186"},{"taxonomy":"product_brand","embeddable":true,"href":"https:\/\/www.delicias-uk.com\/pt-pt\/wp-json\/wp\/v2\/product_brand?post=210186"},{"taxonomy":"product_cat","embeddable":true,"href":"https:\/\/www.delicias-uk.com\/pt-pt\/wp-json\/wp\/v2\/product_cat?post=210186"},{"taxonomy":"product_tag","embeddable":true,"href":"https:\/\/www.delicias-uk.com\/pt-pt\/wp-json\/wp\/v2\/product_tag?post=210186"}],"curies":[{"name":"wp","href":"https:\/\/api.w.org\/{rel}","templated":true}]}}