{"id":210182,"date":"2017-10-26T17:13:14","date_gmt":"2017-10-26T16:13:14","guid":{"rendered":"https:\/\/www.delicias-uk.com\/product\/natas-uht-mimosa-cremosa-200ml-2\/"},"modified":"2026-04-15T15:15:47","modified_gmt":"2026-04-15T14:15:47","slug":"natas-uht-mimosa-cremosa-200ml-2","status":"publish","type":"product","link":"https:\/\/www.delicias-uk.com\/pt-pt\/produto\/natas-uht-mimosa-cremosa-200ml-2\/","title":{"rendered":"Natas UHT Cremosa Mimosa 200ml"},"content":{"rendered":"<p style=\"margin-top:0pt;margin-bottom:0pt;margin-left:0in;text-align:left;\"><span style=\"font-size:12pt;font-family:Calibri;color:#000000;\">Com uma textura fluida e cremosa, as natas cremosas Mimosa s\u00e3o verdadeiras aliadas das suas solu\u00e7\u00f5es culin\u00e1rias , sendo muito f\u00e1ceis de envolver e misturar. Bata as natas e experimente o chantilly macio e consistente.<\/span><\/p>\n","protected":false},"excerpt":{"rendered":"<p>Com uma textura fluida e cremosa, as natas cremosas Mimosa s\u00e3o verdadeiras aliadas das suas solu\u00e7\u00f5es culin\u00e1rias , sendo muito f\u00e1ceis de envolver e misturar. Bata as natas e experimente o chantilly macio e consistente.<\/p>\n","protected":false},"author":43533,"featured_media":252685,"comment_status":"open","ping_status":"closed","template":"","meta":[],"pwb-brand":[],"product_brand":[],"product_cat":[8289,8291,8377,8551,8775],"product_tag":[],"class_list":{"0":"post-210182","1":"product","2":"type-product","3":"status-publish","4":"has-post-thumbnail","6":"product_cat-inicio","7":"product_cat-produtos-portugueses","8":"product_cat-lacticinios","9":"product_cat-leite-e-creme","10":"product_cat-leite-culinario-natas","12":"first","13":"instock","14":"taxable","15":"shipping-taxable","16":"purchasable","17":"product-type-simple"},"aioseo_notices":[],"brands":[],"_links":{"self":[{"href":"https:\/\/www.delicias-uk.com\/pt-pt\/wp-json\/wp\/v2\/product\/210182","targetHints":{"allow":["GET"]}}],"collection":[{"href":"https:\/\/www.delicias-uk.com\/pt-pt\/wp-json\/wp\/v2\/product"}],"about":[{"href":"https:\/\/www.delicias-uk.com\/pt-pt\/wp-json\/wp\/v2\/types\/product"}],"author":[{"embeddable":true,"href":"https:\/\/www.delicias-uk.com\/pt-pt\/wp-json\/wp\/v2\/users\/43533"}],"replies":[{"embeddable":true,"href":"https:\/\/www.delicias-uk.com\/pt-pt\/wp-json\/wp\/v2\/comments?post=210182"}],"wp:featuredmedia":[{"embeddable":true,"href":"https:\/\/www.delicias-uk.com\/pt-pt\/wp-json\/wp\/v2\/media\/252685"}],"wp:attachment":[{"href":"https:\/\/www.delicias-uk.com\/pt-pt\/wp-json\/wp\/v2\/media?parent=210182"}],"wp:term":[{"taxonomy":"pwb-brand","embeddable":true,"href":"https:\/\/www.delicias-uk.com\/pt-pt\/wp-json\/wp\/v2\/pwb-brand?post=210182"},{"taxonomy":"product_brand","embeddable":true,"href":"https:\/\/www.delicias-uk.com\/pt-pt\/wp-json\/wp\/v2\/product_brand?post=210182"},{"taxonomy":"product_cat","embeddable":true,"href":"https:\/\/www.delicias-uk.com\/pt-pt\/wp-json\/wp\/v2\/product_cat?post=210182"},{"taxonomy":"product_tag","embeddable":true,"href":"https:\/\/www.delicias-uk.com\/pt-pt\/wp-json\/wp\/v2\/product_tag?post=210182"}],"curies":[{"name":"wp","href":"https:\/\/api.w.org\/{rel}","templated":true}]}}