{"id":210164,"date":"2017-10-26T17:13:13","date_gmt":"2017-10-26T17:13:13","guid":{"rendered":"https:\/\/www.delicias-uk.com\/product\/farinha-branca-de-neve-fina-1kg\/"},"modified":"2026-04-15T16:39:47","modified_gmt":"2026-04-15T15:39:47","slug":"farinha-branca-de-neve-fina-1kg","status":"publish","type":"product","link":"https:\/\/www.delicias-uk.com\/pt-pt\/produto\/farinha-branca-de-neve-fina-1kg\/","title":{"rendered":"Farinha Branca de Neve Fina 1kg"},"content":{"rendered":"<p>A Farinha Branca de Neve Fina \u00e9 uma farinha de trigo auto-levedante especialmente indicada para a confec\u00e7\u00e3o de bolos, bolinhos, queques, biscoitos, bem como para todas as prepara\u00e7\u00f5es culin\u00e1rias em que se pretenda um resultado leve e fofo.<\/p>\n<p><strong>Ingredientes<\/strong>: farinha de <strong>TRIGO<\/strong>, fermento (levedantes: fosfato monoc\u00e1lcico e bicarbonato de s\u00f3dio, e farinha de arroz).<\/p>\n","protected":false},"excerpt":{"rendered":"<ul style=\"list-style-type:disc;\">\n<li>Peso l\u00edquido 1kg<\/li>\n<li>Cont\u00e9m gl\u00faten<\/li>\n<li>Produto Portugu\u00eas<\/li>\n<\/ul>\n","protected":false},"author":43533,"featured_media":81742,"comment_status":"open","ping_status":"closed","template":"","meta":[],"pwb-brand":[],"product_brand":[],"product_cat":[8527],"product_tag":[],"class_list":{"0":"post-210164","1":"product","2":"type-product","3":"status-publish","4":"has-post-thumbnail","6":"product_cat-farinhas-pao-ralado","8":"first","9":"instock","10":"taxable","11":"shipping-taxable","12":"purchasable","13":"product-type-simple"},"aioseo_notices":[],"brands":[],"_links":{"self":[{"href":"https:\/\/www.delicias-uk.com\/pt-pt\/wp-json\/wp\/v2\/product\/210164","targetHints":{"allow":["GET"]}}],"collection":[{"href":"https:\/\/www.delicias-uk.com\/pt-pt\/wp-json\/wp\/v2\/product"}],"about":[{"href":"https:\/\/www.delicias-uk.com\/pt-pt\/wp-json\/wp\/v2\/types\/product"}],"author":[{"embeddable":true,"href":"https:\/\/www.delicias-uk.com\/pt-pt\/wp-json\/wp\/v2\/users\/43533"}],"replies":[{"embeddable":true,"href":"https:\/\/www.delicias-uk.com\/pt-pt\/wp-json\/wp\/v2\/comments?post=210164"}],"wp:featuredmedia":[{"embeddable":true,"href":"https:\/\/www.delicias-uk.com\/pt-pt\/wp-json\/wp\/v2\/media\/81742"}],"wp:attachment":[{"href":"https:\/\/www.delicias-uk.com\/pt-pt\/wp-json\/wp\/v2\/media?parent=210164"}],"wp:term":[{"taxonomy":"pwb-brand","embeddable":true,"href":"https:\/\/www.delicias-uk.com\/pt-pt\/wp-json\/wp\/v2\/pwb-brand?post=210164"},{"taxonomy":"product_brand","embeddable":true,"href":"https:\/\/www.delicias-uk.com\/pt-pt\/wp-json\/wp\/v2\/product_brand?post=210164"},{"taxonomy":"product_cat","embeddable":true,"href":"https:\/\/www.delicias-uk.com\/pt-pt\/wp-json\/wp\/v2\/product_cat?post=210164"},{"taxonomy":"product_tag","embeddable":true,"href":"https:\/\/www.delicias-uk.com\/pt-pt\/wp-json\/wp\/v2\/product_tag?post=210164"}],"curies":[{"name":"wp","href":"https:\/\/api.w.org\/{rel}","templated":true}]}}