{"id":210146,"date":"2017-10-26T17:13:12","date_gmt":"2017-10-26T16:13:12","guid":{"rendered":"https:\/\/www.delicias-uk.com\/product\/arroz-d-el-rei-vaporizado-1kg\/"},"modified":"2026-01-05T16:07:54","modified_gmt":"2026-01-05T16:07:54","slug":"arroz-d-el-rei-vaporizado-1kg","status":"publish","type":"product","link":"https:\/\/www.delicias-uk.com\/pt-pt\/produto\/arroz-d-el-rei-vaporizado-1kg\/","title":{"rendered":"Arroz Oriente D&#8217;El Rei Vaporizado 1kg"},"content":{"rendered":"<p>O arroz Oriente D\u2019el Rei \u00e9 vaporizado, o que permite prolongar a sua forma natural e manter a qualidade do seu gr\u00e3o e aroma por muito mais tempo. Arroz de gr\u00e3o dourado, rico em vitaminas e minerais. Mantem-se solto quando cozinhado.<\/p>\n","protected":false},"excerpt":{"rendered":"<ul style=\"list-style-type:disc;\">\n<li>Embalagem de 1kg<\/li>\n<li>Arroz vaporizado<\/li>\n<li>Oriente D&#8217;el Rei \u00e9 uma marca Portuguesa<\/li>\n<\/ul>\n","protected":false},"author":43533,"featured_media":246395,"comment_status":"open","ping_status":"closed","template":"","meta":[],"pwb-brand":[],"product_brand":[],"product_cat":[8701],"product_tag":[],"class_list":{"0":"post-210146","1":"product","2":"type-product","3":"status-publish","4":"has-post-thumbnail","6":"product_cat-arroz","8":"first","9":"instock","10":"taxable","11":"shipping-taxable","12":"purchasable","13":"product-type-simple"},"aioseo_notices":[],"brands":[],"_links":{"self":[{"href":"https:\/\/www.delicias-uk.com\/pt-pt\/wp-json\/wp\/v2\/product\/210146","targetHints":{"allow":["GET"]}}],"collection":[{"href":"https:\/\/www.delicias-uk.com\/pt-pt\/wp-json\/wp\/v2\/product"}],"about":[{"href":"https:\/\/www.delicias-uk.com\/pt-pt\/wp-json\/wp\/v2\/types\/product"}],"author":[{"embeddable":true,"href":"https:\/\/www.delicias-uk.com\/pt-pt\/wp-json\/wp\/v2\/users\/43533"}],"replies":[{"embeddable":true,"href":"https:\/\/www.delicias-uk.com\/pt-pt\/wp-json\/wp\/v2\/comments?post=210146"}],"wp:featuredmedia":[{"embeddable":true,"href":"https:\/\/www.delicias-uk.com\/pt-pt\/wp-json\/wp\/v2\/media\/246395"}],"wp:attachment":[{"href":"https:\/\/www.delicias-uk.com\/pt-pt\/wp-json\/wp\/v2\/media?parent=210146"}],"wp:term":[{"taxonomy":"pwb-brand","embeddable":true,"href":"https:\/\/www.delicias-uk.com\/pt-pt\/wp-json\/wp\/v2\/pwb-brand?post=210146"},{"taxonomy":"product_brand","embeddable":true,"href":"https:\/\/www.delicias-uk.com\/pt-pt\/wp-json\/wp\/v2\/product_brand?post=210146"},{"taxonomy":"product_cat","embeddable":true,"href":"https:\/\/www.delicias-uk.com\/pt-pt\/wp-json\/wp\/v2\/product_cat?post=210146"},{"taxonomy":"product_tag","embeddable":true,"href":"https:\/\/www.delicias-uk.com\/pt-pt\/wp-json\/wp\/v2\/product_tag?post=210146"}],"curies":[{"name":"wp","href":"https:\/\/api.w.org\/{rel}","templated":true}]}}