{"id":210144,"date":"2017-10-26T17:13:12","date_gmt":"2017-10-26T16:13:12","guid":{"rendered":"https:\/\/www.delicias-uk.com\/product\/arroz-carolino-louro-classico-1kg\/"},"modified":"2025-02-06T17:17:17","modified_gmt":"2025-02-06T17:17:17","slug":"arroz-carolino-louro-classico-1kg","status":"publish","type":"product","link":"https:\/\/www.delicias-uk.com\/pt-pt\/produto\/arroz-carolino-louro-classico-1kg\/","title":{"rendered":"Arroz Carolino Louro Cl\u00e1ssico 1kg"},"content":{"rendered":"<p>O Arroz Carolino \u00e9 uma variedade de arroz Portuguesa, caracterizada pela sua textura cremosa, ideal para absorver o sabor dos condimentos. E esta \u00e9 a variedade que melhor combina com os pratos t\u00edpicos da gastronomia portuguesa, ideal para absorver o melhor sabor dos mariscos, peixes, carnes e outras combina\u00e7\u00f5es muito apreciadas em Portugal. Este arroz \u00e9 um dos segredos da tradi\u00e7\u00e3o da nossa cozinha h\u00e1 v\u00e1rias gera\u00e7\u00f5es.<\/p>\n","protected":false},"excerpt":{"rendered":"<ul style=\"list-style-type:disc;\">\n<li>Peso l\u00edquido 1kg<\/li>\n<li>Arroz de gr\u00e3o longo<\/li>\n<li>Produto Portugu\u00eas<\/li>\n<\/ul>\n","protected":false},"author":43533,"featured_media":81703,"comment_status":"open","ping_status":"closed","template":"","meta":[],"pwb-brand":[],"product_brand":[],"product_cat":[8701],"product_tag":[],"class_list":{"0":"post-210144","1":"product","2":"type-product","3":"status-publish","4":"has-post-thumbnail","6":"product_cat-arroz","8":"first","9":"outofstock","10":"taxable","11":"shipping-taxable","12":"purchasable","13":"product-type-simple"},"aioseo_notices":[],"brands":[],"_links":{"self":[{"href":"https:\/\/www.delicias-uk.com\/pt-pt\/wp-json\/wp\/v2\/product\/210144","targetHints":{"allow":["GET"]}}],"collection":[{"href":"https:\/\/www.delicias-uk.com\/pt-pt\/wp-json\/wp\/v2\/product"}],"about":[{"href":"https:\/\/www.delicias-uk.com\/pt-pt\/wp-json\/wp\/v2\/types\/product"}],"author":[{"embeddable":true,"href":"https:\/\/www.delicias-uk.com\/pt-pt\/wp-json\/wp\/v2\/users\/43533"}],"replies":[{"embeddable":true,"href":"https:\/\/www.delicias-uk.com\/pt-pt\/wp-json\/wp\/v2\/comments?post=210144"}],"wp:featuredmedia":[{"embeddable":true,"href":"https:\/\/www.delicias-uk.com\/pt-pt\/wp-json\/wp\/v2\/media\/81703"}],"wp:attachment":[{"href":"https:\/\/www.delicias-uk.com\/pt-pt\/wp-json\/wp\/v2\/media?parent=210144"}],"wp:term":[{"taxonomy":"pwb-brand","embeddable":true,"href":"https:\/\/www.delicias-uk.com\/pt-pt\/wp-json\/wp\/v2\/pwb-brand?post=210144"},{"taxonomy":"product_brand","embeddable":true,"href":"https:\/\/www.delicias-uk.com\/pt-pt\/wp-json\/wp\/v2\/product_brand?post=210144"},{"taxonomy":"product_cat","embeddable":true,"href":"https:\/\/www.delicias-uk.com\/pt-pt\/wp-json\/wp\/v2\/product_cat?post=210144"},{"taxonomy":"product_tag","embeddable":true,"href":"https:\/\/www.delicias-uk.com\/pt-pt\/wp-json\/wp\/v2\/product_tag?post=210144"}],"curies":[{"name":"wp","href":"https:\/\/api.w.org\/{rel}","templated":true}]}}