{"id":210140,"date":"2017-10-26T17:13:12","date_gmt":"2017-10-26T16:13:12","guid":{"rendered":"https:\/\/www.delicias-uk.com\/product\/arroz-cigala-agulha-1kg\/"},"modified":"2026-04-15T16:39:47","modified_gmt":"2026-04-15T15:39:47","slug":"arroz-cigala-agulha-1kg","status":"publish","type":"product","link":"https:\/\/www.delicias-uk.com\/pt-pt\/produto\/arroz-cigala-agulha-1kg\/","title":{"rendered":"Arroz Cigala Agulha 1kg"},"content":{"rendered":"<p>O arroz agulha \u00e9 um arroz de gr\u00e3o longo, distinguindo-se do carolino pelo comprimento do seu gr\u00e3o e por permanecer solto quando \u00e9 cozinhado. Este arroz \u00e9 especialmente adequado para preparar guarni\u00e7\u00f5es, podendo ser servido branco ou com verduras e molhos.<\/p>\n<p>A diferencia\u00e7\u00e3o, inova\u00e7\u00e3o e qualidade s\u00e3o algumas das caracter\u00edsticas presentes nos nossos produtos, sendo o Arroz Cigala Agulha uma das apostas com maior sucesso no mercado portugu\u00eas. O lan\u00e7amento deste arroz criou no mercado um novo segmento que, por ser f\u00e1cil de preparar e sendo ideal como acompanhamento, tem vindo a crescer em detrimento do tradicional carolino. O Arroz Cigala Agulha \u00e9 a garantia da confe\u00e7\u00e3o de um arroz de grande qualidade, para acompanhar os seus pratos com toda a eleg\u00e2ncia e perfei\u00e7\u00e3o que nos caracteriza.<\/p>\n","protected":false},"excerpt":{"rendered":"<ul style=\"list-style-type:disc\">\n<li>Peso l\u00edquido 1kg<\/li>\n<li>Arroz de gr\u00e3o longo<\/li>\n<li>Produto Portugu\u00eas<\/li>\n<\/ul>\n","protected":false},"author":43533,"featured_media":55892,"comment_status":"open","ping_status":"closed","template":"","meta":[],"pwb-brand":[],"product_brand":[],"product_cat":[8701],"product_tag":[],"class_list":{"0":"post-210140","1":"product","2":"type-product","3":"status-publish","4":"has-post-thumbnail","6":"product_cat-arroz","8":"first","9":"instock","10":"taxable","11":"shipping-taxable","12":"purchasable","13":"product-type-simple"},"aioseo_notices":[],"brands":[],"_links":{"self":[{"href":"https:\/\/www.delicias-uk.com\/pt-pt\/wp-json\/wp\/v2\/product\/210140","targetHints":{"allow":["GET"]}}],"collection":[{"href":"https:\/\/www.delicias-uk.com\/pt-pt\/wp-json\/wp\/v2\/product"}],"about":[{"href":"https:\/\/www.delicias-uk.com\/pt-pt\/wp-json\/wp\/v2\/types\/product"}],"author":[{"embeddable":true,"href":"https:\/\/www.delicias-uk.com\/pt-pt\/wp-json\/wp\/v2\/users\/43533"}],"replies":[{"embeddable":true,"href":"https:\/\/www.delicias-uk.com\/pt-pt\/wp-json\/wp\/v2\/comments?post=210140"}],"wp:featuredmedia":[{"embeddable":true,"href":"https:\/\/www.delicias-uk.com\/pt-pt\/wp-json\/wp\/v2\/media\/55892"}],"wp:attachment":[{"href":"https:\/\/www.delicias-uk.com\/pt-pt\/wp-json\/wp\/v2\/media?parent=210140"}],"wp:term":[{"taxonomy":"pwb-brand","embeddable":true,"href":"https:\/\/www.delicias-uk.com\/pt-pt\/wp-json\/wp\/v2\/pwb-brand?post=210140"},{"taxonomy":"product_brand","embeddable":true,"href":"https:\/\/www.delicias-uk.com\/pt-pt\/wp-json\/wp\/v2\/product_brand?post=210140"},{"taxonomy":"product_cat","embeddable":true,"href":"https:\/\/www.delicias-uk.com\/pt-pt\/wp-json\/wp\/v2\/product_cat?post=210140"},{"taxonomy":"product_tag","embeddable":true,"href":"https:\/\/www.delicias-uk.com\/pt-pt\/wp-json\/wp\/v2\/product_tag?post=210140"}],"curies":[{"name":"wp","href":"https:\/\/api.w.org\/{rel}","templated":true}]}}