{"id":210138,"date":"2017-10-26T16:32:07","date_gmt":"2017-10-26T15:32:07","guid":{"rendered":"https:\/\/www.delicias-uk.com\/product\/tosta-minigrill-normal-familiar-pack-240g\/"},"modified":"2026-03-01T22:07:11","modified_gmt":"2026-03-01T22:07:11","slug":"tosta-minigrill-normal-familiar-pack-240g","status":"publish","type":"product","link":"https:\/\/www.delicias-uk.com\/pt-pt\/produto\/tosta-minigrill-normal-familiar-pack-240g\/","title":{"rendered":"Tosta Minigrill Normal Pacote Fam\u00edlia 240g"},"content":{"rendered":"<p>Mini tostas de trigo crocantes. Perfeitas para acompanhar queijo, compotas ou pat\u00eas. Fabricado pela \u00fanica empresa em Portugal especializada na produ\u00e7\u00e3o de tostas e mini-biscoitos.<\/p>\n<p><strong>Ingredientes<\/strong>: Farinha de trigo (82%), \u00f3leo de girassol com alto teor de \u00e1cido oleico, soro de leite (leite), dextrose, extrato de malte (cevada), fermento, gl\u00faten de trigo, sal, farinha de soja, emulsionantes: E472e e E322 (soja), antioxidante: \u00e1cido asc\u00f3rbico. Pode conter vest\u00edgios de sementes de gergelim.<\/p>\n","protected":false},"excerpt":{"rendered":"<ul style=\"list-style-type:disc\">\n<li>Peso l\u00edquido 240g<\/li>\n<li>Pronto para comer<\/li>\n<li>Produto Portugu\u00eas<\/li>\n<\/ul>\n","protected":false},"author":43533,"featured_media":81694,"comment_status":"open","ping_status":"closed","template":"","meta":[],"pwb-brand":[],"product_brand":[],"product_cat":[8649],"product_tag":[],"class_list":{"0":"post-210138","1":"product","2":"type-product","3":"status-publish","4":"has-post-thumbnail","6":"product_cat-lanches-batatas-fritas-tostas","8":"first","9":"instock","10":"taxable","11":"shipping-taxable","12":"purchasable","13":"product-type-simple"},"aioseo_notices":[],"brands":[],"_links":{"self":[{"href":"https:\/\/www.delicias-uk.com\/pt-pt\/wp-json\/wp\/v2\/product\/210138","targetHints":{"allow":["GET"]}}],"collection":[{"href":"https:\/\/www.delicias-uk.com\/pt-pt\/wp-json\/wp\/v2\/product"}],"about":[{"href":"https:\/\/www.delicias-uk.com\/pt-pt\/wp-json\/wp\/v2\/types\/product"}],"author":[{"embeddable":true,"href":"https:\/\/www.delicias-uk.com\/pt-pt\/wp-json\/wp\/v2\/users\/43533"}],"replies":[{"embeddable":true,"href":"https:\/\/www.delicias-uk.com\/pt-pt\/wp-json\/wp\/v2\/comments?post=210138"}],"wp:featuredmedia":[{"embeddable":true,"href":"https:\/\/www.delicias-uk.com\/pt-pt\/wp-json\/wp\/v2\/media\/81694"}],"wp:attachment":[{"href":"https:\/\/www.delicias-uk.com\/pt-pt\/wp-json\/wp\/v2\/media?parent=210138"}],"wp:term":[{"taxonomy":"pwb-brand","embeddable":true,"href":"https:\/\/www.delicias-uk.com\/pt-pt\/wp-json\/wp\/v2\/pwb-brand?post=210138"},{"taxonomy":"product_brand","embeddable":true,"href":"https:\/\/www.delicias-uk.com\/pt-pt\/wp-json\/wp\/v2\/product_brand?post=210138"},{"taxonomy":"product_cat","embeddable":true,"href":"https:\/\/www.delicias-uk.com\/pt-pt\/wp-json\/wp\/v2\/product_cat?post=210138"},{"taxonomy":"product_tag","embeddable":true,"href":"https:\/\/www.delicias-uk.com\/pt-pt\/wp-json\/wp\/v2\/product_tag?post=210138"}],"curies":[{"name":"wp","href":"https:\/\/api.w.org\/{rel}","templated":true}]}}