{"id":210110,"date":"2025-02-18T16:29:37","date_gmt":"2025-02-18T16:29:37","guid":{"rendered":"https:\/\/www.delicias-uk.com\/?post_type=product&#038;p=210110"},"modified":"2026-02-24T11:51:38","modified_gmt":"2026-02-24T11:51:38","slug":"qta-d-avo-vinha-d-alhos-seasoning-200g","status":"publish","type":"product","link":"https:\/\/www.delicias-uk.com\/pt-pt\/produto\/qta-d-avo-vinha-d-alhos-seasoning-200g\/","title":{"rendered":"Qta D&#8217;Avo Vinha D&#8217;Alhos Seasoning 200G"},"content":{"rendered":"<p style=\"margin-top:0pt;margin-bottom:0pt;margin-left:0in;text-align:left;\"><span style=\"font-size:12pt;font-family:Calibri;color:#000000;\">U<\/span><span style=\"font-size:12pt;font-family:Calibri;color:#000000;\">ma <\/span><span style=\"font-size:12pt;font-family:Calibri;color:#000000;\">marinada t\u00edpica de Portugal, a ser espalhada na carne antes de cozinhar. \u00c9 excelente em todas as carnes brancas como carne de porco, frango e ca\u00e7a.<\/span><\/p>\n<p style=\"margin-top:0pt;margin-bottom:0pt;margin-left:0in;text-align:left;\"><span style=\"font-size:12pt;font-family:Calibri;color:#000000;\">Ingredientes: Alho, piment\u00e3o, vinho branco, sal, lim\u00e3o, ervas e especiarias.<\/span><\/p>\n","protected":false},"excerpt":{"rendered":"<p>Uma marinada t\u00edpica de Portugal, a ser espalhada na carne antes de cozinhar. \u00c9 excelente em todas as carnes brancas como carne de porco, frango e ca\u00e7a. Ingredientes: Alho, piment\u00e3o, vinho branco, sal, lim\u00e3o, ervas e especiarias.<\/p>\n","protected":false},"author":43533,"featured_media":226551,"comment_status":"open","ping_status":"closed","template":"","meta":[],"pwb-brand":[],"product_brand":[],"product_cat":[8819],"product_tag":[],"class_list":{"0":"post-210110","1":"product","2":"type-product","3":"status-publish","4":"has-post-thumbnail","6":"product_cat-quinta-d-avo-pt-pt","8":"first","9":"outofstock","10":"taxable","11":"shipping-taxable","12":"purchasable","13":"product-type-simple"},"aioseo_notices":[],"brands":[],"_links":{"self":[{"href":"https:\/\/www.delicias-uk.com\/pt-pt\/wp-json\/wp\/v2\/product\/210110","targetHints":{"allow":["GET"]}}],"collection":[{"href":"https:\/\/www.delicias-uk.com\/pt-pt\/wp-json\/wp\/v2\/product"}],"about":[{"href":"https:\/\/www.delicias-uk.com\/pt-pt\/wp-json\/wp\/v2\/types\/product"}],"author":[{"embeddable":true,"href":"https:\/\/www.delicias-uk.com\/pt-pt\/wp-json\/wp\/v2\/users\/43533"}],"replies":[{"embeddable":true,"href":"https:\/\/www.delicias-uk.com\/pt-pt\/wp-json\/wp\/v2\/comments?post=210110"}],"wp:featuredmedia":[{"embeddable":true,"href":"https:\/\/www.delicias-uk.com\/pt-pt\/wp-json\/wp\/v2\/media\/226551"}],"wp:attachment":[{"href":"https:\/\/www.delicias-uk.com\/pt-pt\/wp-json\/wp\/v2\/media?parent=210110"}],"wp:term":[{"taxonomy":"pwb-brand","embeddable":true,"href":"https:\/\/www.delicias-uk.com\/pt-pt\/wp-json\/wp\/v2\/pwb-brand?post=210110"},{"taxonomy":"product_brand","embeddable":true,"href":"https:\/\/www.delicias-uk.com\/pt-pt\/wp-json\/wp\/v2\/product_brand?post=210110"},{"taxonomy":"product_cat","embeddable":true,"href":"https:\/\/www.delicias-uk.com\/pt-pt\/wp-json\/wp\/v2\/product_cat?post=210110"},{"taxonomy":"product_tag","embeddable":true,"href":"https:\/\/www.delicias-uk.com\/pt-pt\/wp-json\/wp\/v2\/product_tag?post=210110"}],"curies":[{"name":"wp","href":"https:\/\/api.w.org\/{rel}","templated":true}]}}