{"id":210108,"date":"2017-10-26T15:09:53","date_gmt":"2017-10-26T14:09:53","guid":{"rendered":"https:\/\/www.delicias-uk.com\/product\/tempero-para-peixe-qta-d-avo-200g\/"},"modified":"2026-02-24T11:52:24","modified_gmt":"2026-02-24T11:52:24","slug":"tempero-para-peixe-qta-d-avo-200g","status":"publish","type":"product","link":"https:\/\/www.delicias-uk.com\/pt-pt\/produto\/tempero-para-peixe-qta-d-avo-200g\/","title":{"rendered":"Tempero Para Peixe Quinta D&#8217;Avo 200g"},"content":{"rendered":"<p>Uma marinada t\u00edpica de Portugal para espalhadar em peixe antes de cozinhar. \u00c9 excelente ou espalhado em cima de um peixe grande para ser cozido no forno, ou como ingrediente de cozinha para fritar palitos congelados.<\/p>\n<p><strong>Ingredientes<\/strong>: piment\u00e3o, cebola, alho, lim\u00e3o, vinho branco, sal, especiarias e ervas.<\/p>\n","protected":false},"excerpt":{"rendered":"<ul style=\"list-style-type:disc;\">\n<li>Sem adi\u00e7\u00e3o de \u00e1gua, cores ou sabores<\/li>\n<li>Sem adi\u00e7\u00e3o de conservantes (os sulfitos v\u00eam com o vinagre de frutas)<\/li>\n<li>Sem estabilizadores adicionados<\/li>\n<li>Sem MSG, EDTA, gordura, colesterol<\/li>\n<li>Certificado IFS<\/li>\n<li>Adequado para veganos e vegetarianos<\/li>\n<li>Sem gl\u00faten e sem OGM<\/li>\n<li>Fabricado na Europa<\/li>\n<\/ul>\n","protected":false},"author":43533,"featured_media":226549,"comment_status":"open","ping_status":"closed","template":"","meta":[],"pwb-brand":[],"product_brand":[],"product_cat":[8703],"product_tag":[],"class_list":{"0":"post-210108","1":"product","2":"type-product","3":"status-publish","4":"has-post-thumbnail","6":"product_cat-marinada","8":"first","9":"instock","10":"taxable","11":"shipping-taxable","12":"purchasable","13":"product-type-simple"},"aioseo_notices":[],"brands":[],"_links":{"self":[{"href":"https:\/\/www.delicias-uk.com\/pt-pt\/wp-json\/wp\/v2\/product\/210108","targetHints":{"allow":["GET"]}}],"collection":[{"href":"https:\/\/www.delicias-uk.com\/pt-pt\/wp-json\/wp\/v2\/product"}],"about":[{"href":"https:\/\/www.delicias-uk.com\/pt-pt\/wp-json\/wp\/v2\/types\/product"}],"author":[{"embeddable":true,"href":"https:\/\/www.delicias-uk.com\/pt-pt\/wp-json\/wp\/v2\/users\/43533"}],"replies":[{"embeddable":true,"href":"https:\/\/www.delicias-uk.com\/pt-pt\/wp-json\/wp\/v2\/comments?post=210108"}],"wp:featuredmedia":[{"embeddable":true,"href":"https:\/\/www.delicias-uk.com\/pt-pt\/wp-json\/wp\/v2\/media\/226549"}],"wp:attachment":[{"href":"https:\/\/www.delicias-uk.com\/pt-pt\/wp-json\/wp\/v2\/media?parent=210108"}],"wp:term":[{"taxonomy":"pwb-brand","embeddable":true,"href":"https:\/\/www.delicias-uk.com\/pt-pt\/wp-json\/wp\/v2\/pwb-brand?post=210108"},{"taxonomy":"product_brand","embeddable":true,"href":"https:\/\/www.delicias-uk.com\/pt-pt\/wp-json\/wp\/v2\/product_brand?post=210108"},{"taxonomy":"product_cat","embeddable":true,"href":"https:\/\/www.delicias-uk.com\/pt-pt\/wp-json\/wp\/v2\/product_cat?post=210108"},{"taxonomy":"product_tag","embeddable":true,"href":"https:\/\/www.delicias-uk.com\/pt-pt\/wp-json\/wp\/v2\/product_tag?post=210108"}],"curies":[{"name":"wp","href":"https:\/\/api.w.org\/{rel}","templated":true}]}}