{"id":210094,"date":"2017-10-26T15:09:53","date_gmt":"2017-10-26T14:09:53","guid":{"rendered":"https:\/\/www.delicias-uk.com\/product\/qta-d-avo-paprika-sauce-jar-950g-2\/"},"modified":"2026-03-26T16:41:04","modified_gmt":"2026-03-26T16:41:04","slug":"qta-d-avo-paprika-sauce-jar-950g-2","status":"publish","type":"product","link":"https:\/\/www.delicias-uk.com\/pt-pt\/produto\/qta-d-avo-paprika-sauce-jar-950g-2\/","title":{"rendered":"Massa de Piment\u00e3o Quinta D&#8217;Avo Frasco 950g"},"content":{"rendered":"<p style=\"margin-top:0pt;margin-bottom:0pt;margin-left:0in;text-align:left\"><span style=\"font-size:12pt;font-family:Calibri;color:#000000\">Este pur\u00ea de piment\u00e3o, ou pasta de p\u00e1prica, \u00e9 uma t\u00edpica receita <\/span><span style=\"font-size:12pt;font-family:Calibri;color:#000000\">da <\/span><span style=\"font-size:12pt;font-family:Calibri;color:#000000\">tradi\u00e7\u00e3o culin\u00e1ria portuguesa. E<\/span><span style=\"font-size:12pt;font-family:Calibri;color:#000000\">spalhado <\/span><span style=\"font-size:12pt;font-family:Calibri;color:#000000\">em cima da carne de porco antes de cozinhar, ou adicionado como um molho ferver em cursos especiais. D\u00e1 uma cor vermelha muito agrad\u00e1vel \u00e0 carne branca.<\/span><\/p>\n<p style=\"margin-top:0pt;margin-bottom:0pt;margin-left:0in;text-align:left\"><span style=\"font-size:12pt;font-family:Calibri;color:#000000\">Ingredientes: piment\u00e3o, vinagre de frutas e sal.<\/span><\/p>\n","protected":false},"excerpt":{"rendered":"<p><\/p>\n","protected":false},"author":43533,"featured_media":226572,"comment_status":"open","ping_status":"closed","template":"","meta":[],"pwb-brand":[],"product_brand":[],"product_cat":[8703],"product_tag":[],"class_list":{"0":"post-210094","1":"product","2":"type-product","3":"status-publish","4":"has-post-thumbnail","6":"product_cat-marinada","8":"first","9":"outofstock","10":"taxable","11":"shipping-taxable","12":"purchasable","13":"product-type-simple"},"aioseo_notices":[],"brands":[],"_links":{"self":[{"href":"https:\/\/www.delicias-uk.com\/pt-pt\/wp-json\/wp\/v2\/product\/210094","targetHints":{"allow":["GET"]}}],"collection":[{"href":"https:\/\/www.delicias-uk.com\/pt-pt\/wp-json\/wp\/v2\/product"}],"about":[{"href":"https:\/\/www.delicias-uk.com\/pt-pt\/wp-json\/wp\/v2\/types\/product"}],"author":[{"embeddable":true,"href":"https:\/\/www.delicias-uk.com\/pt-pt\/wp-json\/wp\/v2\/users\/43533"}],"replies":[{"embeddable":true,"href":"https:\/\/www.delicias-uk.com\/pt-pt\/wp-json\/wp\/v2\/comments?post=210094"}],"wp:featuredmedia":[{"embeddable":true,"href":"https:\/\/www.delicias-uk.com\/pt-pt\/wp-json\/wp\/v2\/media\/226572"}],"wp:attachment":[{"href":"https:\/\/www.delicias-uk.com\/pt-pt\/wp-json\/wp\/v2\/media?parent=210094"}],"wp:term":[{"taxonomy":"pwb-brand","embeddable":true,"href":"https:\/\/www.delicias-uk.com\/pt-pt\/wp-json\/wp\/v2\/pwb-brand?post=210094"},{"taxonomy":"product_brand","embeddable":true,"href":"https:\/\/www.delicias-uk.com\/pt-pt\/wp-json\/wp\/v2\/product_brand?post=210094"},{"taxonomy":"product_cat","embeddable":true,"href":"https:\/\/www.delicias-uk.com\/pt-pt\/wp-json\/wp\/v2\/product_cat?post=210094"},{"taxonomy":"product_tag","embeddable":true,"href":"https:\/\/www.delicias-uk.com\/pt-pt\/wp-json\/wp\/v2\/product_tag?post=210094"}],"curies":[{"name":"wp","href":"https:\/\/api.w.org\/{rel}","templated":true}]}}