{"id":210088,"date":"2017-10-26T15:09:53","date_gmt":"2017-10-26T14:09:53","guid":{"rendered":"https:\/\/www.delicias-uk.com\/product\/qta-d-avo-african-peri-peri-95ml-2\/"},"modified":"2026-03-29T15:37:07","modified_gmt":"2026-03-29T14:37:07","slug":"qta-d-avo-african-peri-peri-95ml-2","status":"publish","type":"product","link":"https:\/\/www.delicias-uk.com\/pt-pt\/produto\/qta-d-avo-african-peri-peri-95ml-2\/","title":{"rendered":"Piri-Piri Africana Quinta D&#8217;Avo 95ml"},"content":{"rendered":"<p>O molho African Peri peri \u00e9 um molho picante de Caiena ao qual adicionamos piment\u00f5es African Birds Eyes mo\u00eddos grosseiramente.<\/p>\n<p><strong>Ingredientes<\/strong>: Vinagre de frutas, pimenta malagueta, sal, alho, especiarias. <strong>Cont\u00e9m sulfitos.<\/strong><\/p>\n","protected":false},"excerpt":{"rendered":"<ul style=\"list-style-type:disc;\">\n<li>Sem adi\u00e7\u00e3o de \u00e1gua, cores ou sabores<\/li>\n<li>Sem adi\u00e7\u00e3o de conservantes (os sulfitos v\u00eam com o vinagre de frutas)<\/li>\n<li>Sem estabilizadores adicionados<\/li>\n<li>Sem MSG, EDTA, gordura, colesterol<\/li>\n<li>Certificado IFS<\/li>\n<li>Adequado para veganos e vegetarianos<\/li>\n<li>Sem gl\u00faten e sem OGM<\/li>\n<li>Fabricado na Europa<\/li>\n<\/ul>\n","protected":false},"author":43533,"featured_media":226555,"comment_status":"open","ping_status":"closed","template":"","meta":[],"pwb-brand":[],"product_brand":[],"product_cat":[8811],"product_tag":[],"class_list":{"0":"post-210088","1":"product","2":"type-product","3":"status-publish","4":"has-post-thumbnail","6":"product_cat-piri-piri-pt-pt","8":"first","9":"instock","10":"taxable","11":"shipping-taxable","12":"purchasable","13":"product-type-simple"},"aioseo_notices":[],"brands":[],"_links":{"self":[{"href":"https:\/\/www.delicias-uk.com\/pt-pt\/wp-json\/wp\/v2\/product\/210088","targetHints":{"allow":["GET"]}}],"collection":[{"href":"https:\/\/www.delicias-uk.com\/pt-pt\/wp-json\/wp\/v2\/product"}],"about":[{"href":"https:\/\/www.delicias-uk.com\/pt-pt\/wp-json\/wp\/v2\/types\/product"}],"author":[{"embeddable":true,"href":"https:\/\/www.delicias-uk.com\/pt-pt\/wp-json\/wp\/v2\/users\/43533"}],"replies":[{"embeddable":true,"href":"https:\/\/www.delicias-uk.com\/pt-pt\/wp-json\/wp\/v2\/comments?post=210088"}],"wp:featuredmedia":[{"embeddable":true,"href":"https:\/\/www.delicias-uk.com\/pt-pt\/wp-json\/wp\/v2\/media\/226555"}],"wp:attachment":[{"href":"https:\/\/www.delicias-uk.com\/pt-pt\/wp-json\/wp\/v2\/media?parent=210088"}],"wp:term":[{"taxonomy":"pwb-brand","embeddable":true,"href":"https:\/\/www.delicias-uk.com\/pt-pt\/wp-json\/wp\/v2\/pwb-brand?post=210088"},{"taxonomy":"product_brand","embeddable":true,"href":"https:\/\/www.delicias-uk.com\/pt-pt\/wp-json\/wp\/v2\/product_brand?post=210088"},{"taxonomy":"product_cat","embeddable":true,"href":"https:\/\/www.delicias-uk.com\/pt-pt\/wp-json\/wp\/v2\/product_cat?post=210088"},{"taxonomy":"product_tag","embeddable":true,"href":"https:\/\/www.delicias-uk.com\/pt-pt\/wp-json\/wp\/v2\/product_tag?post=210088"}],"curies":[{"name":"wp","href":"https:\/\/api.w.org\/{rel}","templated":true}]}}