{"id":210024,"date":"2017-10-26T11:24:19","date_gmt":"2017-10-26T10:24:19","guid":{"rendered":"https:\/\/www.delicias-uk.com\/product\/atum-com-pimenta-e-ervas-finas-bom-petisco-lata-120g\/"},"modified":"2026-04-08T11:03:25","modified_gmt":"2026-04-08T10:03:25","slug":"atum-com-pimenta-e-ervas-finas-bom-petisco-lata-120g","status":"publish","type":"product","link":"https:\/\/www.delicias-uk.com\/pt-pt\/produto\/atum-com-pimenta-e-ervas-finas-bom-petisco-lata-120g\/","title":{"rendered":"Atum com Pimenta e Ervas Finas Bom Petisco Lata 120g"},"content":{"rendered":"<p><strong>Atum Bom Petisco<\/strong> \u00e9 uma marca portuguesa bastante conhecida por oferecer <strong>atum em conserva de alta qualidade<\/strong>. \u00c9 produzida pela empresa <strong>Cofaco A\u00e7ores<\/strong>, localizada no arquip\u00e9lago dos A\u00e7ores \u2014 uma regi\u00e3o estrat\u00e9gica e rica em recursos marinhos, ideal para a pesca de atum.<\/p>\n<p>Atum fresco cozido com ervas finas, com piment\u00e3o mo\u00eddo para o toque final. Os sabores condimentados proporcionam uma experi\u00eancia rica, com o sabor reconfortante de Portugal.<\/p>\n<p><strong>Principais caracter\u00edsticas do Atum Bom Petisco:<\/strong><\/p>\n<ul>\n<li><strong>Origem<\/strong>: A\u00e7ores (Portugal), conhecido por pr\u00e1ticas sustent\u00e1veis de pesca.<\/li>\n<li><strong>Tipo de pesca<\/strong>: Pesca com linha e anzol (uma a uma), um m\u00e9todo tradicional e sustent\u00e1vel que respeita o meio ambiente e reduz a captura de esp\u00e9cies n\u00e3o desejadas.<\/li>\n<li><strong>Sabor e textura<\/strong>: O atum \u00e9 reconhecido por sua carne macia e saborosa, com excelente conserva\u00e7\u00e3o da textura original.<\/li>\n<\/ul>\n<p><strong>Destaques:<\/strong><\/p>\n<ul>\n<li><strong>Conservas pr\u00e1ticas e nutritivas<\/strong>: Boa fonte de prote\u00edna, rica em \u00f4mega-3.<\/li>\n<li><strong>Tradi\u00e7\u00e3o e inova\u00e7\u00e3o<\/strong>: Embora mantenha o m\u00e9todo tradicional, a marca tamb\u00e9m investe em inova\u00e7\u00f5es de sabores e embalagens.<\/li>\n<li><strong>Marca ic\u00f4nica<\/strong>: O r\u00f3tulo amarelo com a imagem de um atum \u00e9 facilmente reconhec\u00edvel nos mercados portugueses e entre consumidores da di\u00e1spora.<\/li>\n<\/ul>\n<p><strong>Ingredientes:<\/strong> Atum (65%), \u00f3leo vegetal de girassol (25,6%), pimenta da terra (8%), sal, ervas finas (tomilho e oreg\u00e3os) (0,4%).<\/p>\n<p>&nbsp;<\/p>\n","protected":false},"excerpt":{"rendered":"<ul style=\"list-style-type: disc;\">\n<li>Peso l\u00edquido 120g<\/li>\n<li>Fonte de proteina e omega3<\/li>\n<li>Pronto para usar<\/li>\n<li>Produto Portugu\u00eas<\/li>\n<\/ul>\n","protected":false},"author":43533,"featured_media":226735,"comment_status":"open","ping_status":"closed","template":"","meta":[],"pwb-brand":[],"product_brand":[],"product_cat":[9325,8289,8291,8411,8555],"product_tag":[],"class_list":{"0":"post-210024","1":"product","2":"type-product","3":"status-publish","4":"has-post-thumbnail","6":"product_cat-pickles-conservas","7":"product_cat-inicio","8":"product_cat-produtos-portugueses","9":"product_cat-conservas","10":"product_cat-atum","12":"first","13":"outofstock","14":"taxable","15":"shipping-taxable","16":"purchasable","17":"product-type-simple"},"aioseo_notices":[],"brands":[],"_links":{"self":[{"href":"https:\/\/www.delicias-uk.com\/pt-pt\/wp-json\/wp\/v2\/product\/210024","targetHints":{"allow":["GET"]}}],"collection":[{"href":"https:\/\/www.delicias-uk.com\/pt-pt\/wp-json\/wp\/v2\/product"}],"about":[{"href":"https:\/\/www.delicias-uk.com\/pt-pt\/wp-json\/wp\/v2\/types\/product"}],"author":[{"embeddable":true,"href":"https:\/\/www.delicias-uk.com\/pt-pt\/wp-json\/wp\/v2\/users\/43533"}],"replies":[{"embeddable":true,"href":"https:\/\/www.delicias-uk.com\/pt-pt\/wp-json\/wp\/v2\/comments?post=210024"}],"wp:featuredmedia":[{"embeddable":true,"href":"https:\/\/www.delicias-uk.com\/pt-pt\/wp-json\/wp\/v2\/media\/226735"}],"wp:attachment":[{"href":"https:\/\/www.delicias-uk.com\/pt-pt\/wp-json\/wp\/v2\/media?parent=210024"}],"wp:term":[{"taxonomy":"pwb-brand","embeddable":true,"href":"https:\/\/www.delicias-uk.com\/pt-pt\/wp-json\/wp\/v2\/pwb-brand?post=210024"},{"taxonomy":"product_brand","embeddable":true,"href":"https:\/\/www.delicias-uk.com\/pt-pt\/wp-json\/wp\/v2\/product_brand?post=210024"},{"taxonomy":"product_cat","embeddable":true,"href":"https:\/\/www.delicias-uk.com\/pt-pt\/wp-json\/wp\/v2\/product_cat?post=210024"},{"taxonomy":"product_tag","embeddable":true,"href":"https:\/\/www.delicias-uk.com\/pt-pt\/wp-json\/wp\/v2\/product_tag?post=210024"}],"curies":[{"name":"wp","href":"https:\/\/api.w.org\/{rel}","templated":true}]}}