{"id":209986,"date":"2017-10-26T11:42:11","date_gmt":"2017-10-26T10:42:11","guid":{"rendered":"https:\/\/www.delicias-uk.com\/product\/paio-do-cachaco-de-porco-preto-fatiado-sel-200g\/"},"modified":"2026-02-24T11:50:12","modified_gmt":"2026-02-24T11:50:12","slug":"paio-do-cachaco-de-porco-preto-fatiado-sel-200g","status":"publish","type":"product","link":"https:\/\/www.delicias-uk.com\/pt-pt\/produto\/paio-do-cachaco-de-porco-preto-fatiado-sel-200g\/","title":{"rendered":"Paio do Cacha\u00e7o de Porco Preto Fatiado SEL 200g"},"content":{"rendered":"<p>Paio de Porco Ib\u00e9rico do Pesco\u00e7o. Com aromas \u00fanicos, uma textura macia, excepcionalmente tenro e suculento, o Paio do Cacha\u00e7o \u00e9 o resultado de uma sele\u00e7\u00e3o da melhor parte do Pesco\u00e7o do Porco Ib\u00e9rico do Campo, sendo uma pe\u00e7a com gordura de cor rosa a branca, com um sabor ligeiramente salgado e persistente faz desta pe\u00e7a uma verdadeira iguaria.<\/p>\n<p><strong>Ingredientes<\/strong>: Carne de porco (95%), sal, alho, massa de pimenta, \u00e1gua, conservantes (nitrito de s\u00f3dio e nitrato de pot\u00e1ssio), antioxidantes (\u00e1cido asc\u00f3rbico, ascorbato de s\u00f3dio, citrato de s\u00f3dio). Fumado em madeira de carvalho.<\/p>\n<p><strong>Al\u00e9rgenos<\/strong>: nenhum<\/p>\n<p><strong>Informa\u00e7\u00f5es nutricionais por 100g:<\/strong><\/p>\n<ul style=\"list-style-type:disc;\">\n<li>Energia 1959 KJ \/ 473 Kcal<\/li>\n<li>Gorduras 40g<\/li>\n<li>Saturadas 16g<\/li>\n<li>Carboidratos 4,9g<\/li>\n<li>A\u00e7\u00facar 0g<\/li>\n<li>Fibra 0g<\/li>\n<li>Prote\u00edna 22g<\/li>\n<li>Sal 2,9g<\/li>\n<\/ul>\n<p><strong>Pa\u00eds de origem<\/strong>: Portugal<\/p>\n","protected":false},"excerpt":{"rendered":"<ul style=\"list-style-type:disc;\">\n<li>Peso l\u00edquido 200g<\/li>\n<li>Fonte de prote\u00edna<\/li>\n<li>Fatiado \u00e0 m\u00e3o<\/li>\n<\/ul>\n","protected":false},"author":43533,"featured_media":81439,"comment_status":"open","ping_status":"closed","template":"","meta":[],"pwb-brand":[],"product_brand":[],"product_cat":[8289,8291,8337,8669,8499],"product_tag":[],"class_list":{"0":"post-209986","1":"product","2":"type-product","3":"status-publish","4":"has-post-thumbnail","6":"product_cat-inicio","7":"product_cat-produtos-portugueses","8":"product_cat-charcutaria","9":"product_cat-paio-outros","10":"product_cat-sem-glutem","12":"first","13":"instock","14":"taxable","15":"shipping-taxable","16":"purchasable","17":"product-type-simple"},"aioseo_notices":[],"brands":[],"_links":{"self":[{"href":"https:\/\/www.delicias-uk.com\/pt-pt\/wp-json\/wp\/v2\/product\/209986","targetHints":{"allow":["GET"]}}],"collection":[{"href":"https:\/\/www.delicias-uk.com\/pt-pt\/wp-json\/wp\/v2\/product"}],"about":[{"href":"https:\/\/www.delicias-uk.com\/pt-pt\/wp-json\/wp\/v2\/types\/product"}],"author":[{"embeddable":true,"href":"https:\/\/www.delicias-uk.com\/pt-pt\/wp-json\/wp\/v2\/users\/43533"}],"replies":[{"embeddable":true,"href":"https:\/\/www.delicias-uk.com\/pt-pt\/wp-json\/wp\/v2\/comments?post=209986"}],"wp:featuredmedia":[{"embeddable":true,"href":"https:\/\/www.delicias-uk.com\/pt-pt\/wp-json\/wp\/v2\/media\/81439"}],"wp:attachment":[{"href":"https:\/\/www.delicias-uk.com\/pt-pt\/wp-json\/wp\/v2\/media?parent=209986"}],"wp:term":[{"taxonomy":"pwb-brand","embeddable":true,"href":"https:\/\/www.delicias-uk.com\/pt-pt\/wp-json\/wp\/v2\/pwb-brand?post=209986"},{"taxonomy":"product_brand","embeddable":true,"href":"https:\/\/www.delicias-uk.com\/pt-pt\/wp-json\/wp\/v2\/product_brand?post=209986"},{"taxonomy":"product_cat","embeddable":true,"href":"https:\/\/www.delicias-uk.com\/pt-pt\/wp-json\/wp\/v2\/product_cat?post=209986"},{"taxonomy":"product_tag","embeddable":true,"href":"https:\/\/www.delicias-uk.com\/pt-pt\/wp-json\/wp\/v2\/product_tag?post=209986"}],"curies":[{"name":"wp","href":"https:\/\/api.w.org\/{rel}","templated":true}]}}