{"id":209974,"date":"2017-10-26T10:42:11","date_gmt":"2017-10-26T09:42:11","guid":{"rendered":"https:\/\/www.delicias-uk.com\/product\/salsicha-calabresa-prisca-360g\/"},"modified":"2026-04-26T16:50:34","modified_gmt":"2026-04-26T15:50:34","slug":"salsicha-calabresa-prisca-360g","status":"publish","type":"product","link":"https:\/\/www.delicias-uk.com\/pt-pt\/produto\/salsicha-calabresa-prisca-360g\/","title":{"rendered":"Salsicha Calabresa Prisca 360g"},"content":{"rendered":"<p>Excelente salsicha de churrasco elaborada a partir de uma sele\u00e7\u00e3o das carnes mais tenras e saborosas. Apresenta-se como uma excelente op\u00e7\u00e3o para complementar os seus grelhados e churrascos, dando ainda mais sabor aos seus pratos. \u00c9 um produto muito vers\u00e1til, podendo ser utilizado em entradas cortadas em fatias grossas ou como elemento de um prato principal, onde pode preparar refei\u00e7\u00f5es r\u00e1pidas e saborosas.<\/p>\n<p><strong>Ingredientes<\/strong>: Carne e gordura de porco (70,45%), \u00e1gua (17,61%), prote\u00edna de porco (2,95%), amido, antioxidantes (E301, E331, E326), sal, emulsionantes (E450, E451), fibra de ervilha, dextrose, especiarias, espessante (E407), a\u00e7\u00facar, regulador de acidez (E262), intensificador de sabor (E621), estabilizantes (E508, E516), conservante (E250) e corante (E120).<\/p>\n<p><strong>Al\u00e9rgenos<\/strong>: nenhum<\/p>\n<p><strong>Informa\u00e7\u00f5es nutricionais por 100g:<\/strong><\/p>\n<ul style=\"list-style-type:disc\">\n<li>Valor energ\u00e9tico (Kj\/ Kcal) | 1477\/357<\/li>\n<li>L\u00edpidos (g) | 32,30<\/li>\n<li>Dos quais saturados (g) | 14,43<\/li>\n<li>Carboidratos (g) | 0,80<\/li>\n<li>Dos quais a\u00e7\u00facares (g) | 0,30<\/li>\n<li>Prote\u00ednas (g) | 15,80<\/li>\n<li>Sal (g) | 2,06<\/li>\n<\/ul>\n<p><strong>Pa\u00eds de origem<\/strong>: Portugal<\/p>\n","protected":false},"excerpt":{"rendered":"<ul style=\"list-style-type:disc\">\n<li>Peso l\u00edquido 360g<\/li>\n<li>Excelente para churascos e grelhados<\/li>\n<li>Feita com carnes selecionadas<\/li>\n<\/ul>\n","protected":false},"author":43533,"featured_media":81406,"comment_status":"open","ping_status":"closed","template":"","meta":[],"pwb-brand":[],"product_brand":[],"product_cat":[8289,8291,8337,8663,8499,8539],"product_tag":[],"class_list":{"0":"post-209974","1":"product","2":"type-product","3":"status-publish","4":"has-post-thumbnail","6":"product_cat-inicio","7":"product_cat-produtos-portugueses","8":"product_cat-charcutaria","9":"product_cat-chourico-e-salsicha","10":"product_cat-sem-glutem","11":"product_cat-sem-lactose","13":"first","14":"instock","15":"taxable","16":"shipping-taxable","17":"purchasable","18":"product-type-simple"},"aioseo_notices":[],"brands":[],"_links":{"self":[{"href":"https:\/\/www.delicias-uk.com\/pt-pt\/wp-json\/wp\/v2\/product\/209974","targetHints":{"allow":["GET"]}}],"collection":[{"href":"https:\/\/www.delicias-uk.com\/pt-pt\/wp-json\/wp\/v2\/product"}],"about":[{"href":"https:\/\/www.delicias-uk.com\/pt-pt\/wp-json\/wp\/v2\/types\/product"}],"author":[{"embeddable":true,"href":"https:\/\/www.delicias-uk.com\/pt-pt\/wp-json\/wp\/v2\/users\/43533"}],"replies":[{"embeddable":true,"href":"https:\/\/www.delicias-uk.com\/pt-pt\/wp-json\/wp\/v2\/comments?post=209974"}],"wp:featuredmedia":[{"embeddable":true,"href":"https:\/\/www.delicias-uk.com\/pt-pt\/wp-json\/wp\/v2\/media\/81406"}],"wp:attachment":[{"href":"https:\/\/www.delicias-uk.com\/pt-pt\/wp-json\/wp\/v2\/media?parent=209974"}],"wp:term":[{"taxonomy":"pwb-brand","embeddable":true,"href":"https:\/\/www.delicias-uk.com\/pt-pt\/wp-json\/wp\/v2\/pwb-brand?post=209974"},{"taxonomy":"product_brand","embeddable":true,"href":"https:\/\/www.delicias-uk.com\/pt-pt\/wp-json\/wp\/v2\/product_brand?post=209974"},{"taxonomy":"product_cat","embeddable":true,"href":"https:\/\/www.delicias-uk.com\/pt-pt\/wp-json\/wp\/v2\/product_cat?post=209974"},{"taxonomy":"product_tag","embeddable":true,"href":"https:\/\/www.delicias-uk.com\/pt-pt\/wp-json\/wp\/v2\/product_tag?post=209974"}],"curies":[{"name":"wp","href":"https:\/\/api.w.org\/{rel}","templated":true}]}}