{"id":209972,"date":"2017-10-26T10:42:11","date_gmt":"2017-10-26T09:42:11","guid":{"rendered":"https:\/\/www.delicias-uk.com\/product\/presunto-palete-trad-prisca-c-osso-6kg-1-unid-2\/"},"modified":"2025-07-13T20:55:38","modified_gmt":"2025-07-13T19:55:38","slug":"presunto-palete-trad-prisca-c-osso-6kg-1-unid-2","status":"publish","type":"product","link":"https:\/\/www.delicias-uk.com\/pt-pt\/produto\/presunto-palete-trad-prisca-c-osso-6kg-1-unid-2\/","title":{"rendered":"Presunto Prisca Tradicional (Paleta comOsso +\/- 5Kg) 1 Unidade"},"content":{"rendered":"<p style=\"margin-top:0pt;margin-bottom:0pt;margin-left:0in;text-align:left;\"><span style=\"font-size:12pt;font-family:'Calibri Light';color:#000000;\">O Presunto Tradicional de Bisario da Prisca resulta de uma alquimia de saberes e de sabores e s\u00e3o uma heran\u00e7a familiar transmitida ao longo de v\u00e1rias gera\u00e7\u00f5es. O seu genu\u00edno sabor \u00e9 fruto de uma selec\u00e7\u00e3o cuidada das mat\u00e9rias-primas e do controlo paciente dos processos de salga e de cura. Ao apresentarem um baixo teor de sal s\u00e3o um excelente aperitivo de requinte para a sua mesa. A utiliza\u00e7\u00e3o desta maravilha de sabor \u00e9 t\u00e3o infinita quanto a imagina\u00e7\u00e3o e o bom gosto de quem opta por incluir estes tesouros da gastronomia portuguesa nas suas viagens culin\u00e1rias.<\/span><\/p>\n","protected":false},"excerpt":{"rendered":"<p>O Presunto Tradicional de Bisario da Prisca resulta de uma alquimia de saberes e de sabores e s\u00e3o uma heran\u00e7a familiar transmitida ao longo de v\u00e1rias gera\u00e7\u00f5es. O seu genu\u00edno sabor \u00e9 fruto de uma selec\u00e7\u00e3o cuidada das mat\u00e9rias-primas e do controlo paciente dos processos de salga e de cura. Ao apresentarem um baixo teor [&hellip;]<\/p>\n","protected":false},"author":43533,"featured_media":81403,"comment_status":"open","ping_status":"closed","template":"","meta":[],"pwb-brand":[],"product_brand":[],"product_cat":[9334,8289,8291,8337,8665],"product_tag":[],"class_list":{"0":"post-209972","1":"product","2":"type-product","3":"status-publish","4":"has-post-thumbnail","6":"product_cat-presunto-curado-pt-pt","7":"product_cat-inicio","8":"product_cat-produtos-portugueses","9":"product_cat-charcutaria","10":"product_cat-presunto-curado","12":"first","13":"outofstock","14":"taxable","15":"shipping-taxable","16":"purchasable","17":"product-type-simple"},"aioseo_notices":[],"brands":[],"_links":{"self":[{"href":"https:\/\/www.delicias-uk.com\/pt-pt\/wp-json\/wp\/v2\/product\/209972","targetHints":{"allow":["GET"]}}],"collection":[{"href":"https:\/\/www.delicias-uk.com\/pt-pt\/wp-json\/wp\/v2\/product"}],"about":[{"href":"https:\/\/www.delicias-uk.com\/pt-pt\/wp-json\/wp\/v2\/types\/product"}],"author":[{"embeddable":true,"href":"https:\/\/www.delicias-uk.com\/pt-pt\/wp-json\/wp\/v2\/users\/43533"}],"replies":[{"embeddable":true,"href":"https:\/\/www.delicias-uk.com\/pt-pt\/wp-json\/wp\/v2\/comments?post=209972"}],"wp:featuredmedia":[{"embeddable":true,"href":"https:\/\/www.delicias-uk.com\/pt-pt\/wp-json\/wp\/v2\/media\/81403"}],"wp:attachment":[{"href":"https:\/\/www.delicias-uk.com\/pt-pt\/wp-json\/wp\/v2\/media?parent=209972"}],"wp:term":[{"taxonomy":"pwb-brand","embeddable":true,"href":"https:\/\/www.delicias-uk.com\/pt-pt\/wp-json\/wp\/v2\/pwb-brand?post=209972"},{"taxonomy":"product_brand","embeddable":true,"href":"https:\/\/www.delicias-uk.com\/pt-pt\/wp-json\/wp\/v2\/product_brand?post=209972"},{"taxonomy":"product_cat","embeddable":true,"href":"https:\/\/www.delicias-uk.com\/pt-pt\/wp-json\/wp\/v2\/product_cat?post=209972"},{"taxonomy":"product_tag","embeddable":true,"href":"https:\/\/www.delicias-uk.com\/pt-pt\/wp-json\/wp\/v2\/product_tag?post=209972"}],"curies":[{"name":"wp","href":"https:\/\/api.w.org\/{rel}","templated":true}]}}