{"id":209962,"date":"2017-10-26T10:42:11","date_gmt":"2017-10-26T09:42:11","guid":{"rendered":"https:\/\/www.delicias-uk.com\/product\/morcela-fumada-porminho-saqueta-180g\/"},"modified":"2026-05-04T18:20:57","modified_gmt":"2026-05-04T17:20:57","slug":"morcela-fumada-porminho-saqueta-180g","status":"publish","type":"product","link":"https:\/\/www.delicias-uk.com\/pt-pt\/produto\/morcela-fumada-porminho-saqueta-180g\/","title":{"rendered":"Morcela Fumada Porminho Saqueta 180g"},"content":{"rendered":"<p>\u00c9 produzido em formato cil\u00edndrico de cor castanho avermelhado. O seu interior \u00e9 em m\u00e1rmore e de cor vermelha. Pode ser consumido cru, cortado em fatias muito finas, como aperitivo ou a acompanhar um bom p\u00e3o regional, ou a acompanhar pratos t\u00edpicos portugueses. Quando servido cozido pode ser acompanhado por legumes cozidos.<\/p>\n<p><strong>Ingredientes<\/strong>: Gordura e sangue de porco (origem UE), farinha de trigo (gl\u00faten), p\u00e3o ralado (farinha de trigo (gl\u00faten), \u00e1gua e levedura), cebola, especiarias, sal e vinagre de vinho (sulfitos).<\/p>\n<p><strong>Alerg\u00e9nios<\/strong>: cont\u00e9m <strong>GL\u00daTEN<\/strong> e <strong>SULFITOS<\/strong>.<\/p>\n<p><strong>Informa\u00e7\u00e3o nutricional por 100g:<\/strong><\/p>\n<ul>\n<li>Energia 1942 kJ\/ 469 kcal<\/li>\n<li>L\u00edpidos 41 g<\/li>\n<li>dos quais Saturado 14 g<\/li>\n<li>Hidratos de carbono 14 g<\/li>\n<li>dos quais a\u00e7\u00facares 2,8 g<\/li>\n<li>Prote\u00ednas 11g<\/li>\n<li>Sal 2,3g<\/li>\n<\/ul>\n<p><strong>Pa\u00eds de origem<\/strong>: Portugal<\/p>\n","protected":false},"excerpt":{"rendered":"<ul style=\"list-style-type:disc\">\n<li>Peso l\u00edquido 180g<\/li>\n<li>Temperado com especiarias<\/li>\n<li>Fonte de prote\u00edna<\/li>\n<\/ul>\n","protected":false},"author":43533,"featured_media":234722,"comment_status":"open","ping_status":"closed","template":"","meta":[],"pwb-brand":[],"product_brand":[],"product_cat":[8289,8291,8337,8659],"product_tag":[],"class_list":{"0":"post-209962","1":"product","2":"type-product","3":"status-publish","4":"has-post-thumbnail","6":"product_cat-inicio","7":"product_cat-produtos-portugueses","8":"product_cat-charcutaria","9":"product_cat-alheira-farinheira-morcela","11":"first","12":"instock","13":"taxable","14":"shipping-taxable","15":"purchasable","16":"product-type-simple"},"aioseo_notices":[],"brands":[],"_links":{"self":[{"href":"https:\/\/www.delicias-uk.com\/pt-pt\/wp-json\/wp\/v2\/product\/209962","targetHints":{"allow":["GET"]}}],"collection":[{"href":"https:\/\/www.delicias-uk.com\/pt-pt\/wp-json\/wp\/v2\/product"}],"about":[{"href":"https:\/\/www.delicias-uk.com\/pt-pt\/wp-json\/wp\/v2\/types\/product"}],"author":[{"embeddable":true,"href":"https:\/\/www.delicias-uk.com\/pt-pt\/wp-json\/wp\/v2\/users\/43533"}],"replies":[{"embeddable":true,"href":"https:\/\/www.delicias-uk.com\/pt-pt\/wp-json\/wp\/v2\/comments?post=209962"}],"wp:featuredmedia":[{"embeddable":true,"href":"https:\/\/www.delicias-uk.com\/pt-pt\/wp-json\/wp\/v2\/media\/234722"}],"wp:attachment":[{"href":"https:\/\/www.delicias-uk.com\/pt-pt\/wp-json\/wp\/v2\/media?parent=209962"}],"wp:term":[{"taxonomy":"pwb-brand","embeddable":true,"href":"https:\/\/www.delicias-uk.com\/pt-pt\/wp-json\/wp\/v2\/pwb-brand?post=209962"},{"taxonomy":"product_brand","embeddable":true,"href":"https:\/\/www.delicias-uk.com\/pt-pt\/wp-json\/wp\/v2\/product_brand?post=209962"},{"taxonomy":"product_cat","embeddable":true,"href":"https:\/\/www.delicias-uk.com\/pt-pt\/wp-json\/wp\/v2\/product_cat?post=209962"},{"taxonomy":"product_tag","embeddable":true,"href":"https:\/\/www.delicias-uk.com\/pt-pt\/wp-json\/wp\/v2\/product_tag?post=209962"}],"curies":[{"name":"wp","href":"https:\/\/api.w.org\/{rel}","templated":true}]}}