{"id":209960,"date":"2017-10-26T10:42:11","date_gmt":"2017-10-26T09:42:11","guid":{"rendered":"https:\/\/www.delicias-uk.com\/product\/lombo-do-cachaco-curado-e-fatiado-prisca-200g\/"},"modified":"2026-03-05T13:57:30","modified_gmt":"2026-03-05T13:57:30","slug":"lombo-do-cachaco-curado-e-fatiado-prisca-200g","status":"publish","type":"product","link":"https:\/\/www.delicias-uk.com\/pt-pt\/produto\/lombo-do-cachaco-curado-e-fatiado-prisca-200g\/","title":{"rendered":"Lombo do Cacha\u00e7o Curado e Fatiado Prisca 200g"},"content":{"rendered":"<p>Aprecie o sabor genu\u00edno do lombo de Cacha\u00e7o, com os seus peda\u00e7os de gordura bem distribu\u00eddos pelo produto, saboreando-o em fatias muito finas.<\/p>\n<p><strong>Ingredientes<\/strong>: Pesco\u00e7o de porco (93,34%), sal, vinho, especiarias, dextrose, PROTE\u00cdNA DO LEITE, emulsionante (E450, E452), antioxidante (E300, E301, E331) e conservante (E250, E252).<\/p>\n<p><strong>Alerg\u00e9nios<\/strong>: cont\u00e9m <strong>SULFITOS<\/strong> e <strong>LEITE<\/strong>.<\/p>\n<p><strong>Informa\u00e7\u00e3o nutricional por 100g:<\/strong><\/p>\n<ul style=\"list-style-type:disc\">\n<li>Valor Energ\u00e9tico (Kj\/ Kcal) | 1544\/372<\/li>\n<li>L\u00edpidos (g) | 29,00<\/li>\n<li>Dos quais saturados (g) | 15,00<\/li>\n<li>Hidratos de carbono (g) | 1,93<\/li>\n<li>Dos quais a\u00e7\u00facares (g) | &lt;0,5<\/li>\n<li>Prote\u00ednas (g) | 27,00<\/li>\n<li>Sal (g) | 3,29<\/li>\n<\/ul>\n<p><strong>Pa\u00eds de origem<\/strong>: Portugal<\/p>\n","protected":false},"excerpt":{"rendered":"<ul style=\"list-style-type:disc\">\n<li>Peso l\u00edquido 200g<\/li>\n<li>Fonte de prote\u00edna<\/li>\n<li>Sem gl\u00faten<\/li>\n<\/ul>\n","protected":false},"author":43533,"featured_media":81362,"comment_status":"open","ping_status":"closed","template":"","meta":[],"pwb-brand":[],"product_brand":[],"product_cat":[8289,8291,8337,8669],"product_tag":[],"class_list":{"0":"post-209960","1":"product","2":"type-product","3":"status-publish","4":"has-post-thumbnail","6":"product_cat-inicio","7":"product_cat-produtos-portugueses","8":"product_cat-charcutaria","9":"product_cat-paio-outros","11":"first","12":"instock","13":"taxable","14":"shipping-taxable","15":"purchasable","16":"product-type-simple"},"aioseo_notices":[],"brands":[],"_links":{"self":[{"href":"https:\/\/www.delicias-uk.com\/pt-pt\/wp-json\/wp\/v2\/product\/209960","targetHints":{"allow":["GET"]}}],"collection":[{"href":"https:\/\/www.delicias-uk.com\/pt-pt\/wp-json\/wp\/v2\/product"}],"about":[{"href":"https:\/\/www.delicias-uk.com\/pt-pt\/wp-json\/wp\/v2\/types\/product"}],"author":[{"embeddable":true,"href":"https:\/\/www.delicias-uk.com\/pt-pt\/wp-json\/wp\/v2\/users\/43533"}],"replies":[{"embeddable":true,"href":"https:\/\/www.delicias-uk.com\/pt-pt\/wp-json\/wp\/v2\/comments?post=209960"}],"wp:featuredmedia":[{"embeddable":true,"href":"https:\/\/www.delicias-uk.com\/pt-pt\/wp-json\/wp\/v2\/media\/81362"}],"wp:attachment":[{"href":"https:\/\/www.delicias-uk.com\/pt-pt\/wp-json\/wp\/v2\/media?parent=209960"}],"wp:term":[{"taxonomy":"pwb-brand","embeddable":true,"href":"https:\/\/www.delicias-uk.com\/pt-pt\/wp-json\/wp\/v2\/pwb-brand?post=209960"},{"taxonomy":"product_brand","embeddable":true,"href":"https:\/\/www.delicias-uk.com\/pt-pt\/wp-json\/wp\/v2\/product_brand?post=209960"},{"taxonomy":"product_cat","embeddable":true,"href":"https:\/\/www.delicias-uk.com\/pt-pt\/wp-json\/wp\/v2\/product_cat?post=209960"},{"taxonomy":"product_tag","embeddable":true,"href":"https:\/\/www.delicias-uk.com\/pt-pt\/wp-json\/wp\/v2\/product_tag?post=209960"}],"curies":[{"name":"wp","href":"https:\/\/api.w.org\/{rel}","templated":true}]}}