{"id":209956,"date":"2025-03-11T15:26:48","date_gmt":"2025-03-11T15:26:48","guid":{"rendered":"https:\/\/www.delicias-uk.com\/?post_type=product&#038;p=209956"},"modified":"2025-11-14T21:57:17","modified_gmt":"2025-11-14T21:57:17","slug":"fumado-pes-unhas-de-porco-tdo-demo-kg","status":"publish","type":"product","link":"https:\/\/www.delicias-uk.com\/pt-pt\/produto\/fumado-pes-unhas-de-porco-tdo-demo-kg\/","title":{"rendered":"P\u00e9s (Unhas) De Porco Fumados Terras Do Demo 1Kg"},"content":{"rendered":"<p>P\u00e9s de porco fumados atrav\u00e9s de m\u00e9todos tradicionais. Para ser utilizado em pratos t\u00edpicos portugueses como \u00e9 exemplo o <a href=\"https:\/\/mixlifehosting.pt\/delicias\/pt\/blog\/cozido-a-portuguesa-portuguese-boiled-meat-an.html\">Cozido \u00e0 Portuguesa<\/a>. Produto embalado em v\u00e1cuo.\u00a0<\/p>\n","protected":false},"excerpt":{"rendered":"<ul>\n<li>P\u00e9s de porco preparados e fumados.<\/li>\n<li>Embalagem de 1 kg.<\/li>\n<\/ul>\n","protected":false},"author":43533,"featured_media":81353,"comment_status":"open","ping_status":"closed","template":"","meta":[],"pwb-brand":[],"product_brand":[],"product_cat":[8289,8291,8337,8671],"product_tag":[],"class_list":{"0":"post-209956","1":"product","2":"type-product","3":"status-publish","4":"has-post-thumbnail","6":"product_cat-inicio","7":"product_cat-produtos-portugueses","8":"product_cat-charcutaria","9":"product_cat-fumado","11":"first","12":"outofstock","13":"taxable","14":"shipping-taxable","15":"purchasable","16":"product-type-simple"},"aioseo_notices":[],"brands":[],"_links":{"self":[{"href":"https:\/\/www.delicias-uk.com\/pt-pt\/wp-json\/wp\/v2\/product\/209956","targetHints":{"allow":["GET"]}}],"collection":[{"href":"https:\/\/www.delicias-uk.com\/pt-pt\/wp-json\/wp\/v2\/product"}],"about":[{"href":"https:\/\/www.delicias-uk.com\/pt-pt\/wp-json\/wp\/v2\/types\/product"}],"author":[{"embeddable":true,"href":"https:\/\/www.delicias-uk.com\/pt-pt\/wp-json\/wp\/v2\/users\/43533"}],"replies":[{"embeddable":true,"href":"https:\/\/www.delicias-uk.com\/pt-pt\/wp-json\/wp\/v2\/comments?post=209956"}],"wp:featuredmedia":[{"embeddable":true,"href":"https:\/\/www.delicias-uk.com\/pt-pt\/wp-json\/wp\/v2\/media\/81353"}],"wp:attachment":[{"href":"https:\/\/www.delicias-uk.com\/pt-pt\/wp-json\/wp\/v2\/media?parent=209956"}],"wp:term":[{"taxonomy":"pwb-brand","embeddable":true,"href":"https:\/\/www.delicias-uk.com\/pt-pt\/wp-json\/wp\/v2\/pwb-brand?post=209956"},{"taxonomy":"product_brand","embeddable":true,"href":"https:\/\/www.delicias-uk.com\/pt-pt\/wp-json\/wp\/v2\/product_brand?post=209956"},{"taxonomy":"product_cat","embeddable":true,"href":"https:\/\/www.delicias-uk.com\/pt-pt\/wp-json\/wp\/v2\/product_cat?post=209956"},{"taxonomy":"product_tag","embeddable":true,"href":"https:\/\/www.delicias-uk.com\/pt-pt\/wp-json\/wp\/v2\/product_tag?post=209956"}],"curies":[{"name":"wp","href":"https:\/\/api.w.org\/{rel}","templated":true}]}}