{"id":209954,"date":"2017-10-26T10:42:11","date_gmt":"2017-10-26T09:42:11","guid":{"rendered":"https:\/\/www.delicias-uk.com\/product\/pernil-de-porco-fumado-terras-do-demo-1kg\/"},"modified":"2026-02-09T10:35:00","modified_gmt":"2026-02-09T10:35:00","slug":"pernil-de-porco-fumado-terras-do-demo-1kg","status":"publish","type":"product","link":"https:\/\/www.delicias-uk.com\/pt-pt\/produto\/pernil-de-porco-fumado-terras-do-demo-1kg\/","title":{"rendered":"Pernil de Porco Fumado Terras do Demo 1kg"},"content":{"rendered":"<p>Perna de porco defumada por m\u00e9todos tradicionais. Pode ser usada em outros pratos t\u00edpicos portugueses ou cozida e consumida como prato principal com acompanhamentos. Produto embalado a v\u00e1cuo.<\/p>\n<p><strong>Ingredientes<\/strong>: Perna de porco (origem UE), \u00c1gua, Sal, Dextrose, Emulsificante (E 451), Regulador de acidez (E 262), Extratos de especiarias, Antioxidantes (E 331, E 316), Intensificador de sabor (E 621), Hemoglobina, Sabores e aromas de fuma\u00e7a (Cont\u00e9m SOJA e LEITE), Conservante (E 250)<\/p>\n<p><strong>Al\u00e9rgenos<\/strong>: cont\u00e9m <strong>SOJA<\/strong> e <strong>LEITE<\/strong>.<\/p>\n<p><strong>Informa\u00e7\u00f5es nutricionais por 100g:<\/strong><\/p>\n<ul style=\"list-style-type:disc;\">\n<li>ENERGIA 808 KJ\/ 193 Kcal<\/li>\n<li>LIP\u00cdDIOS 10 g<\/li>\n<li>dos quais saturados 3,6 g<\/li>\n<li>HIDRATOS DE CARBONO 0 g<\/li>\n<li>dos quais a\u00e7\u00facares 0 g<\/li>\n<li>PROTE\u00cdNAS 25 g<\/li>\n<li>SAL 3,9 g<\/li>\n<\/ul>\n<p><strong>Pa\u00eds de origem<\/strong>: UE<\/p>\n","protected":false},"excerpt":{"rendered":"<ul style=\"list-style-type:disc;\">\n<li>Peso l\u00edquido 1kg<\/li>\n<li>Pernil de porco fumado<\/li>\n<li>Fonte de prote\u00edna<\/li>\n<\/ul>\n","protected":false},"author":43533,"featured_media":81344,"comment_status":"open","ping_status":"closed","template":"","meta":[],"pwb-brand":[],"product_brand":[],"product_cat":[8289,8291,8337,8671],"product_tag":[],"class_list":{"0":"post-209954","1":"product","2":"type-product","3":"status-publish","4":"has-post-thumbnail","6":"product_cat-inicio","7":"product_cat-produtos-portugueses","8":"product_cat-charcutaria","9":"product_cat-fumado","11":"first","12":"instock","13":"taxable","14":"shipping-taxable","15":"purchasable","16":"product-type-simple"},"aioseo_notices":[],"brands":[],"_links":{"self":[{"href":"https:\/\/www.delicias-uk.com\/pt-pt\/wp-json\/wp\/v2\/product\/209954","targetHints":{"allow":["GET"]}}],"collection":[{"href":"https:\/\/www.delicias-uk.com\/pt-pt\/wp-json\/wp\/v2\/product"}],"about":[{"href":"https:\/\/www.delicias-uk.com\/pt-pt\/wp-json\/wp\/v2\/types\/product"}],"author":[{"embeddable":true,"href":"https:\/\/www.delicias-uk.com\/pt-pt\/wp-json\/wp\/v2\/users\/43533"}],"replies":[{"embeddable":true,"href":"https:\/\/www.delicias-uk.com\/pt-pt\/wp-json\/wp\/v2\/comments?post=209954"}],"wp:featuredmedia":[{"embeddable":true,"href":"https:\/\/www.delicias-uk.com\/pt-pt\/wp-json\/wp\/v2\/media\/81344"}],"wp:attachment":[{"href":"https:\/\/www.delicias-uk.com\/pt-pt\/wp-json\/wp\/v2\/media?parent=209954"}],"wp:term":[{"taxonomy":"pwb-brand","embeddable":true,"href":"https:\/\/www.delicias-uk.com\/pt-pt\/wp-json\/wp\/v2\/pwb-brand?post=209954"},{"taxonomy":"product_brand","embeddable":true,"href":"https:\/\/www.delicias-uk.com\/pt-pt\/wp-json\/wp\/v2\/product_brand?post=209954"},{"taxonomy":"product_cat","embeddable":true,"href":"https:\/\/www.delicias-uk.com\/pt-pt\/wp-json\/wp\/v2\/product_cat?post=209954"},{"taxonomy":"product_tag","embeddable":true,"href":"https:\/\/www.delicias-uk.com\/pt-pt\/wp-json\/wp\/v2\/product_tag?post=209954"}],"curies":[{"name":"wp","href":"https:\/\/api.w.org\/{rel}","templated":true}]}}