{"id":209952,"date":"2017-10-26T10:42:11","date_gmt":"2017-10-26T10:42:11","guid":{"rendered":"https:\/\/www.delicias-uk.com\/product\/orelheira-de-porco-fumada-terras-do-demo-800g\/"},"modified":"2025-12-08T22:42:22","modified_gmt":"2025-12-08T22:42:22","slug":"orelheira-de-porco-fumada-terras-do-demo-800g","status":"publish","type":"product","link":"https:\/\/www.delicias-uk.com\/pt-pt\/produto\/orelheira-de-porco-fumada-terras-do-demo-800g\/","title":{"rendered":"Orelheira de Porco Fumada Terras do Demo +\/- 800g"},"content":{"rendered":"<p>Caixa de orelha de porco defumada por m\u00e9todos tradicionais. Pode ser usada em outros pratos t\u00edpicos portugueses ou ser cozida e consumida sozinha. Produto embalado a v\u00e1cuo.<\/p>\n<p><strong>Ingredientes<\/strong>: Cabe\u00e7a de porco desossada (origem UE), \u00c1gua, Sal, Dextrose, Emulsificante (E451), Regulador de acidez (E 262), Extratos de especiarias, Antioxidantes (E 331, E 316), Intensificador de sabor (E 621), Hemoglobina, Sabores e aromas de fuma\u00e7a (cont\u00e9m SOJA e LEITE), Conservante (E 250)<\/p>\n<p><strong>Al\u00e9rgenos<\/strong>: cont\u00e9m <strong>SOJA<\/strong> e <strong>LEITE<\/strong>.<\/p>\n<p><strong>Informa\u00e7\u00f5es nutricionais por 100g:<\/strong><\/p>\n<ul style=\"list-style-type:disc;\">\n<li>ENERGIA 1408 KJ\/ 340 Kcal<\/li>\n<li>LIP\u00cdDIOS 29 g<\/li>\n<li>dos quais saturados 9,3 g<\/li>\n<li>HIDRATOS DE CARBONO 0 g<\/li>\n<li>dos quais a\u00e7\u00facares 0,8 g<\/li>\n<li>PROTE\u00cdNAS 20 g<\/li>\n<li>SAL 3,9 g<\/li>\n<\/ul>\n<p><strong>Pa\u00eds de origem<\/strong>: Portugal<\/p>\n","protected":false},"excerpt":{"rendered":"<ul style=\"list-style-type:disc;\">\n<li>Peso l\u00edquido +\/- 800g<\/li>\n<li>Fonte de prote\u00edna<\/li>\n<li>Perfeito para sua feijoada<\/li>\n<\/ul>\n","protected":false},"author":43533,"featured_media":81336,"comment_status":"open","ping_status":"closed","template":"","meta":[],"pwb-brand":[],"product_brand":[],"product_cat":[8289,8291,8337,8671],"product_tag":[],"class_list":{"0":"post-209952","1":"product","2":"type-product","3":"status-publish","4":"has-post-thumbnail","6":"product_cat-inicio","7":"product_cat-produtos-portugueses","8":"product_cat-charcutaria","9":"product_cat-fumado","11":"first","12":"instock","13":"taxable","14":"shipping-taxable","15":"purchasable","16":"product-type-simple"},"aioseo_notices":[],"brands":[],"_links":{"self":[{"href":"https:\/\/www.delicias-uk.com\/pt-pt\/wp-json\/wp\/v2\/product\/209952","targetHints":{"allow":["GET"]}}],"collection":[{"href":"https:\/\/www.delicias-uk.com\/pt-pt\/wp-json\/wp\/v2\/product"}],"about":[{"href":"https:\/\/www.delicias-uk.com\/pt-pt\/wp-json\/wp\/v2\/types\/product"}],"author":[{"embeddable":true,"href":"https:\/\/www.delicias-uk.com\/pt-pt\/wp-json\/wp\/v2\/users\/43533"}],"replies":[{"embeddable":true,"href":"https:\/\/www.delicias-uk.com\/pt-pt\/wp-json\/wp\/v2\/comments?post=209952"}],"wp:featuredmedia":[{"embeddable":true,"href":"https:\/\/www.delicias-uk.com\/pt-pt\/wp-json\/wp\/v2\/media\/81336"}],"wp:attachment":[{"href":"https:\/\/www.delicias-uk.com\/pt-pt\/wp-json\/wp\/v2\/media?parent=209952"}],"wp:term":[{"taxonomy":"pwb-brand","embeddable":true,"href":"https:\/\/www.delicias-uk.com\/pt-pt\/wp-json\/wp\/v2\/pwb-brand?post=209952"},{"taxonomy":"product_brand","embeddable":true,"href":"https:\/\/www.delicias-uk.com\/pt-pt\/wp-json\/wp\/v2\/product_brand?post=209952"},{"taxonomy":"product_cat","embeddable":true,"href":"https:\/\/www.delicias-uk.com\/pt-pt\/wp-json\/wp\/v2\/product_cat?post=209952"},{"taxonomy":"product_tag","embeddable":true,"href":"https:\/\/www.delicias-uk.com\/pt-pt\/wp-json\/wp\/v2\/product_tag?post=209952"}],"curies":[{"name":"wp","href":"https:\/\/api.w.org\/{rel}","templated":true}]}}