{"id":209950,"date":"2017-10-26T10:42:11","date_gmt":"2017-10-26T10:42:11","guid":{"rendered":"https:\/\/www.delicias-uk.com\/product\/orelha-de-porco-fumada-terras-do-demo-1kg\/"},"modified":"2025-10-03T20:06:33","modified_gmt":"2025-10-03T19:06:33","slug":"orelha-de-porco-fumada-terras-do-demo-1kg","status":"publish","type":"product","link":"https:\/\/www.delicias-uk.com\/pt-pt\/produto\/orelha-de-porco-fumada-terras-do-demo-1kg\/","title":{"rendered":"Orelha de Porco Fumada Terras do Demo 1kg"},"content":{"rendered":"<p>Orelha de porco defumada por m\u00e9todos tradicionais. Pode ser usada em outros pratos t\u00edpicos portugueses ou ser cozida e consumida sozinha. Produto embalado em v\u00e1cuo.<\/p>\n<p><strong>Ingredientes<\/strong>: Orelha de porco, \u00c1gua, Sal, Dextrose, Emulsionante (E 451), Regulador de acidez (E 262), Extratos de especiarias, Antioxidantes (E 331, E 316), Intensificador de sabor (E 621), Hemoglobina, Sabores e aromas de fumo (cont\u00e9m SOJA e LEITE), Conservante (E 250).<\/p>\n<p><strong>Alerg\u00e9nios<\/strong>: cont\u00e9m <strong>SOJA<\/strong> e <strong>LEITE<\/strong>.<\/p>\n<p><strong>Informa\u00e7\u00e3o nutricional por 100g:<\/strong><\/p>\n<ul style=\"list-style-type:disc;\">\n<li>ENERGIA 1160 KJ\/277 Kcal<\/li>\n<li>GORDURA 13g<\/li>\n<li>dos quais saturados 3,9g<\/li>\n<li>HIDRATOS DE CARBONO 3,0g<\/li>\n<li>dos quais a\u00e7\u00facares 0g<\/li>\n<li>PROTE\u00cdNAS 36g<\/li>\n<li>SAL 6,0g<\/li>\n<\/ul>\n<p><strong>Pa\u00eds de origem<\/strong>: Portugal<\/p>\n","protected":false},"excerpt":{"rendered":"<ul style=\"list-style-type:disc;\">\n<li>Peso l\u00edquido 1kg<\/li>\n<li>Perfeito para sua feijoada<\/li>\n<li>Alto teor de prote\u00edna<\/li>\n<\/ul>\n","protected":false},"author":43533,"featured_media":81328,"comment_status":"open","ping_status":"closed","template":"","meta":[],"pwb-brand":[],"product_brand":[],"product_cat":[8289,8291,8337,8671],"product_tag":[],"class_list":{"0":"post-209950","1":"product","2":"type-product","3":"status-publish","4":"has-post-thumbnail","6":"product_cat-inicio","7":"product_cat-produtos-portugueses","8":"product_cat-charcutaria","9":"product_cat-fumado","11":"first","12":"instock","13":"taxable","14":"shipping-taxable","15":"purchasable","16":"product-type-simple"},"aioseo_notices":[],"brands":[],"_links":{"self":[{"href":"https:\/\/www.delicias-uk.com\/pt-pt\/wp-json\/wp\/v2\/product\/209950","targetHints":{"allow":["GET"]}}],"collection":[{"href":"https:\/\/www.delicias-uk.com\/pt-pt\/wp-json\/wp\/v2\/product"}],"about":[{"href":"https:\/\/www.delicias-uk.com\/pt-pt\/wp-json\/wp\/v2\/types\/product"}],"author":[{"embeddable":true,"href":"https:\/\/www.delicias-uk.com\/pt-pt\/wp-json\/wp\/v2\/users\/43533"}],"replies":[{"embeddable":true,"href":"https:\/\/www.delicias-uk.com\/pt-pt\/wp-json\/wp\/v2\/comments?post=209950"}],"wp:featuredmedia":[{"embeddable":true,"href":"https:\/\/www.delicias-uk.com\/pt-pt\/wp-json\/wp\/v2\/media\/81328"}],"wp:attachment":[{"href":"https:\/\/www.delicias-uk.com\/pt-pt\/wp-json\/wp\/v2\/media?parent=209950"}],"wp:term":[{"taxonomy":"pwb-brand","embeddable":true,"href":"https:\/\/www.delicias-uk.com\/pt-pt\/wp-json\/wp\/v2\/pwb-brand?post=209950"},{"taxonomy":"product_brand","embeddable":true,"href":"https:\/\/www.delicias-uk.com\/pt-pt\/wp-json\/wp\/v2\/product_brand?post=209950"},{"taxonomy":"product_cat","embeddable":true,"href":"https:\/\/www.delicias-uk.com\/pt-pt\/wp-json\/wp\/v2\/product_cat?post=209950"},{"taxonomy":"product_tag","embeddable":true,"href":"https:\/\/www.delicias-uk.com\/pt-pt\/wp-json\/wp\/v2\/product_tag?post=209950"}],"curies":[{"name":"wp","href":"https:\/\/api.w.org\/{rel}","templated":true}]}}