{"id":209948,"date":"2017-10-26T10:42:11","date_gmt":"2017-10-26T10:42:11","guid":{"rendered":"https:\/\/www.delicias-uk.com\/product\/fumado-misto-para-feijoada-prisca-300g\/"},"modified":"2026-04-12T21:46:39","modified_gmt":"2026-04-12T20:46:39","slug":"fumado-misto-para-feijoada-prisca-300g","status":"publish","type":"product","link":"https:\/\/www.delicias-uk.com\/pt-pt\/produto\/fumado-misto-para-feijoada-prisca-300g\/","title":{"rendered":"Fumado Misto Para Feijoada Prisca 300g"},"content":{"rendered":"<p>Mix de enchidos selecionadas para a sua feijoada.<\/p>\n<p><strong>Ingredientes<\/strong>: Chouri\u00e7o normal: carne e gordura de porco, prote\u00ednas animais, especiarias, sal, soja, amido, a\u00e7\u00facar, antioxidantes (E301, E331), emulsionantes (E450, E451), hemoglobina de porco, regulador de acidez (E262) e conservantes ( E250, E252).<\/p>\n<p>Enchidos: carne e gordura de porco, prote\u00ednas animais, especiarias, sal, amido, a\u00e7\u00facar, antioxidantes (E301, E331), emulsionantes (E450, E451), hemoglobina de porco, regulador de acidez (E262) e conservantes (E250, E252).<\/p>\n<p>Moira: carne e gordura de porco, sangue de porco, cebola, vinho (sulfitos), sal, dextrose, especiarias, emulsionante (E451), conservante (E250, E252 e E202) e antioxidante (E260, E270, E301, E330, E331 ).<\/p>\n<p>Barriga Fumada: barriga de porco (96,12%), sal, dextrose, antioxidantes (E301, E331, E325), emulsionante (E451), hemoglobina de porco, conservantes (E250, E252).<\/p>\n<p><strong>Alerg\u00e9nios<\/strong>: cont\u00e9m\u00a0<strong>SULFITOS<\/strong>.<\/p>\n<p><strong>Informa\u00e7\u00e3o nutricional por 100g:<\/strong><\/p>\n<ul style=\"list-style-type:disc;\">\n<li>Energia: 1370 Kcal\/330 Kj<\/li>\n<li>L\u00edpidos: 27,3g, dos quais saturados: 11,4g<\/li>\n<li>Hidratos de carbono: 9,6g, com a\u00e7\u00facares: 8,1g<\/li>\n<li>Prote\u00ednas: 19,3g<\/li>\n<li>Sal: 2,8g<\/li>\n<\/ul>\n<p><strong>Pa\u00eds de origem:<\/strong>\u00a0Portugal<\/p>\n","protected":false},"excerpt":{"rendered":"<ul style=\"list-style-type:disc;\">\n<li>Peso l\u00edquido 300g<\/li>\n<li>Perfeito para sua feijoada<\/li>\n<li>Carnes selecionadas<\/li>\n<\/ul>\n","protected":false},"author":43533,"featured_media":81320,"comment_status":"open","ping_status":"closed","template":"","meta":[],"pwb-brand":[],"product_brand":[],"product_cat":[8289],"product_tag":[],"class_list":{"0":"post-209948","1":"product","2":"type-product","3":"status-publish","4":"has-post-thumbnail","6":"product_cat-inicio","8":"first","9":"outofstock","10":"taxable","11":"shipping-taxable","12":"purchasable","13":"product-type-simple"},"aioseo_notices":[],"brands":[],"_links":{"self":[{"href":"https:\/\/www.delicias-uk.com\/pt-pt\/wp-json\/wp\/v2\/product\/209948","targetHints":{"allow":["GET"]}}],"collection":[{"href":"https:\/\/www.delicias-uk.com\/pt-pt\/wp-json\/wp\/v2\/product"}],"about":[{"href":"https:\/\/www.delicias-uk.com\/pt-pt\/wp-json\/wp\/v2\/types\/product"}],"author":[{"embeddable":true,"href":"https:\/\/www.delicias-uk.com\/pt-pt\/wp-json\/wp\/v2\/users\/43533"}],"replies":[{"embeddable":true,"href":"https:\/\/www.delicias-uk.com\/pt-pt\/wp-json\/wp\/v2\/comments?post=209948"}],"wp:featuredmedia":[{"embeddable":true,"href":"https:\/\/www.delicias-uk.com\/pt-pt\/wp-json\/wp\/v2\/media\/81320"}],"wp:attachment":[{"href":"https:\/\/www.delicias-uk.com\/pt-pt\/wp-json\/wp\/v2\/media?parent=209948"}],"wp:term":[{"taxonomy":"pwb-brand","embeddable":true,"href":"https:\/\/www.delicias-uk.com\/pt-pt\/wp-json\/wp\/v2\/pwb-brand?post=209948"},{"taxonomy":"product_brand","embeddable":true,"href":"https:\/\/www.delicias-uk.com\/pt-pt\/wp-json\/wp\/v2\/product_brand?post=209948"},{"taxonomy":"product_cat","embeddable":true,"href":"https:\/\/www.delicias-uk.com\/pt-pt\/wp-json\/wp\/v2\/product_cat?post=209948"},{"taxonomy":"product_tag","embeddable":true,"href":"https:\/\/www.delicias-uk.com\/pt-pt\/wp-json\/wp\/v2\/product_tag?post=209948"}],"curies":[{"name":"wp","href":"https:\/\/api.w.org\/{rel}","templated":true}]}}