{"id":209936,"date":"2017-10-26T10:42:11","date_gmt":"2017-10-26T09:42:11","guid":{"rendered":"https:\/\/www.delicias-uk.com\/product\/chouricao-castelhano-extra-prisca-fatiado-200g\/"},"modified":"2026-04-28T16:40:23","modified_gmt":"2026-04-28T15:40:23","slug":"chouricao-castelhano-extra-prisca-fatiado-200g","status":"publish","type":"product","link":"https:\/\/www.delicias-uk.com\/pt-pt\/produto\/chouricao-castelhano-extra-prisca-fatiado-200g\/","title":{"rendered":"Chouri\u00e7\u00e3o Castelhano Extra Prisca Fatiado 200g"},"content":{"rendered":"<p>Tem uma forma cil\u00edndrica e cor castanha avermelhada. O seu interior caracteriza-se por uma massa perfeitamente ligada e marmoreada, de cor avermelhada. Delicie-se com o seu sabor genu\u00edno provando-os em fatias muito finas.<\/p>\n<p><strong>Ingredientes<\/strong>: Carne de porco magra, carne de porco, sal, pimenta, xarope de glicose, dextrose, alho, estabilizantes (E450, E451), antioxidante (E301), conservantes (E250, E252) e corante (E120).<\/p>\n<p><strong>Alerg\u00e9nios<\/strong>: nenhum<\/p>\n<p><strong>Informa\u00e7\u00e3o nutricional por 100g:<\/strong><\/p>\n<ul style=\"list-style-type:disc\">\n<li>Energia 1456 Kj \/ 351 Kcal<\/li>\n<li>Gordura 29g<\/li>\n<li>Saturado 10,6g<\/li>\n<li>Hidratos de carbono 3,5g<\/li>\n<li>A\u00e7\u00facar 2,28g<\/li>\n<li>Prote\u00ednas 19g<\/li>\n<li>Sal 4,27g<\/li>\n<\/ul>\n<p><strong>Pa\u00eds de origem<\/strong>: Portugal<\/p>\n","protected":false},"excerpt":{"rendered":"<ul style=\"list-style-type:disc\">\n<li>Peso l\u00edquido 200g<\/li>\n<li>Fatias finas<\/li>\n<li>Fonte de prote\u00edna<\/li>\n<\/ul>\n","protected":false},"author":43533,"featured_media":81287,"comment_status":"open","ping_status":"closed","template":"","meta":[],"pwb-brand":[],"product_brand":[],"product_cat":[8289,8291,8337,8663],"product_tag":[],"class_list":{"0":"post-209936","1":"product","2":"type-product","3":"status-publish","4":"has-post-thumbnail","6":"product_cat-inicio","7":"product_cat-produtos-portugueses","8":"product_cat-charcutaria","9":"product_cat-chourico-e-salsicha","11":"first","12":"instock","13":"taxable","14":"shipping-taxable","15":"purchasable","16":"product-type-simple"},"aioseo_notices":[],"brands":[],"_links":{"self":[{"href":"https:\/\/www.delicias-uk.com\/pt-pt\/wp-json\/wp\/v2\/product\/209936","targetHints":{"allow":["GET"]}}],"collection":[{"href":"https:\/\/www.delicias-uk.com\/pt-pt\/wp-json\/wp\/v2\/product"}],"about":[{"href":"https:\/\/www.delicias-uk.com\/pt-pt\/wp-json\/wp\/v2\/types\/product"}],"author":[{"embeddable":true,"href":"https:\/\/www.delicias-uk.com\/pt-pt\/wp-json\/wp\/v2\/users\/43533"}],"replies":[{"embeddable":true,"href":"https:\/\/www.delicias-uk.com\/pt-pt\/wp-json\/wp\/v2\/comments?post=209936"}],"wp:featuredmedia":[{"embeddable":true,"href":"https:\/\/www.delicias-uk.com\/pt-pt\/wp-json\/wp\/v2\/media\/81287"}],"wp:attachment":[{"href":"https:\/\/www.delicias-uk.com\/pt-pt\/wp-json\/wp\/v2\/media?parent=209936"}],"wp:term":[{"taxonomy":"pwb-brand","embeddable":true,"href":"https:\/\/www.delicias-uk.com\/pt-pt\/wp-json\/wp\/v2\/pwb-brand?post=209936"},{"taxonomy":"product_brand","embeddable":true,"href":"https:\/\/www.delicias-uk.com\/pt-pt\/wp-json\/wp\/v2\/product_brand?post=209936"},{"taxonomy":"product_cat","embeddable":true,"href":"https:\/\/www.delicias-uk.com\/pt-pt\/wp-json\/wp\/v2\/product_cat?post=209936"},{"taxonomy":"product_tag","embeddable":true,"href":"https:\/\/www.delicias-uk.com\/pt-pt\/wp-json\/wp\/v2\/product_tag?post=209936"}],"curies":[{"name":"wp","href":"https:\/\/api.w.org\/{rel}","templated":true}]}}