{"id":209932,"date":"2017-10-26T10:42:10","date_gmt":"2017-10-26T09:42:10","guid":{"rendered":"https:\/\/www.delicias-uk.com\/product\/carne-seca-traseiro-prisca-450g\/"},"modified":"2025-02-06T17:21:40","modified_gmt":"2025-02-06T17:21:40","slug":"carne-seca-traseiro-prisca-450g","status":"publish","type":"product","link":"https:\/\/www.delicias-uk.com\/pt-pt\/produto\/carne-seca-traseiro-prisca-450g\/","title":{"rendered":"Carne Seca Traseiro Prisca 450g"},"content":{"rendered":"<p>Do ponto de vista culin\u00e1rio e gastron\u00f3mico, os cortes traseiros s\u00e3o os mais tenros e adequados para diferentes prepara\u00e7\u00f5es, uma vez que os cortes traseiros tendem a ter menos gordura e carne mais tenra.<\/p>\n<p><strong>Ingredientes<\/strong>: Carne de vaca (96%), sal, a\u00e7\u00facar, antioxidantes (E301, E331) e conservante (E250, E252).<\/p>\n<p><strong>Alerg\u00e9nios<\/strong>: nenhum.<\/p>\n<p><strong>Informa\u00e7\u00e3o nutricional por 100g:<\/strong><\/p>\n<ul style=\"list-style-type:disc;\">\n<li>Valor Energ\u00e9tico (Kj\/ Kcal) | 960\/231<\/li>\n<li>Gorduras (g) | 16,2<\/li>\n<li>Dos quais saturados (g) | 8,2<\/li>\n<li>Hidratos de carbono (g) | &lt;0,5<\/li>\n<li>Dos quais a\u00e7\u00facares (g) | &lt;0,5<\/li>\n<li>Prote\u00ednas (g) | 21,3<\/li>\n<li>Sal (g) | 12,7<\/li>\n<\/ul>\n<p><strong>Pa\u00eds de origem<\/strong>: Portugal<\/p>\n","protected":false},"excerpt":{"rendered":"<ul style=\"list-style-type:disc;\">\n<li>Peso l\u00edquido 450g<\/li>\n<li>Perfeito para sua feijoada<\/li>\n<li>Produto vers\u00e1til, usado em diferentes pratos<\/li>\n<\/ul>\n","protected":false},"author":43533,"featured_media":81268,"comment_status":"open","ping_status":"closed","template":"","meta":[],"pwb-brand":[],"product_brand":[],"product_cat":[8289,8291,8337,8671],"product_tag":[],"class_list":{"0":"post-209932","1":"product","2":"type-product","3":"status-publish","4":"has-post-thumbnail","6":"product_cat-inicio","7":"product_cat-produtos-portugueses","8":"product_cat-charcutaria","9":"product_cat-fumado","11":"first","12":"outofstock","13":"taxable","14":"shipping-taxable","15":"purchasable","16":"product-type-simple"},"aioseo_notices":[],"brands":[],"_links":{"self":[{"href":"https:\/\/www.delicias-uk.com\/pt-pt\/wp-json\/wp\/v2\/product\/209932","targetHints":{"allow":["GET"]}}],"collection":[{"href":"https:\/\/www.delicias-uk.com\/pt-pt\/wp-json\/wp\/v2\/product"}],"about":[{"href":"https:\/\/www.delicias-uk.com\/pt-pt\/wp-json\/wp\/v2\/types\/product"}],"author":[{"embeddable":true,"href":"https:\/\/www.delicias-uk.com\/pt-pt\/wp-json\/wp\/v2\/users\/43533"}],"replies":[{"embeddable":true,"href":"https:\/\/www.delicias-uk.com\/pt-pt\/wp-json\/wp\/v2\/comments?post=209932"}],"wp:featuredmedia":[{"embeddable":true,"href":"https:\/\/www.delicias-uk.com\/pt-pt\/wp-json\/wp\/v2\/media\/81268"}],"wp:attachment":[{"href":"https:\/\/www.delicias-uk.com\/pt-pt\/wp-json\/wp\/v2\/media?parent=209932"}],"wp:term":[{"taxonomy":"pwb-brand","embeddable":true,"href":"https:\/\/www.delicias-uk.com\/pt-pt\/wp-json\/wp\/v2\/pwb-brand?post=209932"},{"taxonomy":"product_brand","embeddable":true,"href":"https:\/\/www.delicias-uk.com\/pt-pt\/wp-json\/wp\/v2\/product_brand?post=209932"},{"taxonomy":"product_cat","embeddable":true,"href":"https:\/\/www.delicias-uk.com\/pt-pt\/wp-json\/wp\/v2\/product_cat?post=209932"},{"taxonomy":"product_tag","embeddable":true,"href":"https:\/\/www.delicias-uk.com\/pt-pt\/wp-json\/wp\/v2\/product_tag?post=209932"}],"curies":[{"name":"wp","href":"https:\/\/api.w.org\/{rel}","templated":true}]}}