{"id":209926,"date":"2017-10-25T17:13:38","date_gmt":"2017-10-25T16:13:38","guid":{"rendered":"https:\/\/www.delicias-uk.com\/product\/queijo-terra-nostra-bola-1-4-350g-2\/"},"modified":"2026-04-13T17:15:31","modified_gmt":"2026-04-13T16:15:31","slug":"queijo-terra-nostra-bola-1-4-350g-2","status":"publish","type":"product","link":"https:\/\/www.delicias-uk.com\/pt-pt\/produto\/queijo-terra-nostra-bola-1-4-350g-2\/","title":{"rendered":"Queijo Terra Nostra 1\/4 Bola"},"content":{"rendered":"<p class=\"isSelectedEnd\">Saboreie o aut\u00eantico queijo dos A\u00e7ores com o Queijo Terra Nostra em formato 1\/4 de bola. Produzido a partir de leite de vaca de elevada qualidade, proveniente de animais que pastam em pastagens naturais, este queijo destaca-se pela sua textura cremosa e sabor suave e equilibrado.<\/p>\n<p class=\"isSelectedEnd\">O formato pr\u00e1tico de 350g \u00e9 ideal para consumo di\u00e1rio, seja para fatiar, acompanhar refei\u00e7\u00f5es ou servir em t\u00e1buas de queijo. Uma escolha perfeita para quem valoriza tradi\u00e7\u00e3o, qualidade e sabor.<\/p>\n<ul data-spread=\"false\">\n<li>Peso: 350g<\/li>\n<li>Formato: 1\/4 de bola<\/li>\n<li>Produzido com leite de vaca pasteurizado<\/li>\n<li>Textura cremosa e sabor suave e amanteigado<\/li>\n<li>Origem: A\u00e7ores, Portugal<\/li>\n<li>Ideal para fatiar e partilhar<\/li>\n<\/ul>\n","protected":false},"excerpt":{"rendered":"<ul data-spread=\"false\">\n<li>Peso: 350g<\/li>\n<li>Formato: 1\/4 de bola<\/li>\n<li>Produzido com leite de vaca pasteurizado<\/li>\n<li>Textura cremosa e sabor suave e amanteigado<\/li>\n<li>Origem: A\u00e7ores, Portugal<\/li>\n<li>Ideal para fatiar e partilhar<\/li>\n<\/ul>\n","protected":false},"author":43533,"featured_media":252581,"comment_status":"open","ping_status":"closed","template":"","meta":[],"pwb-brand":[],"product_brand":[],"product_cat":[9322,9323,8675,8363],"product_tag":[],"class_list":{"0":"post-209926","1":"product","2":"type-product","3":"status-publish","4":"has-post-thumbnail","6":"product_cat-salgados-de-natal","7":"product_cat-selecao-de-queijos","8":"product_cat-vaca-pt-pt","9":"product_cat-halal-pt-pt","11":"first","12":"instock","13":"taxable","14":"shipping-taxable","15":"purchasable","16":"product-type-simple"},"aioseo_notices":[],"brands":[],"_links":{"self":[{"href":"https:\/\/www.delicias-uk.com\/pt-pt\/wp-json\/wp\/v2\/product\/209926","targetHints":{"allow":["GET"]}}],"collection":[{"href":"https:\/\/www.delicias-uk.com\/pt-pt\/wp-json\/wp\/v2\/product"}],"about":[{"href":"https:\/\/www.delicias-uk.com\/pt-pt\/wp-json\/wp\/v2\/types\/product"}],"author":[{"embeddable":true,"href":"https:\/\/www.delicias-uk.com\/pt-pt\/wp-json\/wp\/v2\/users\/43533"}],"replies":[{"embeddable":true,"href":"https:\/\/www.delicias-uk.com\/pt-pt\/wp-json\/wp\/v2\/comments?post=209926"}],"wp:featuredmedia":[{"embeddable":true,"href":"https:\/\/www.delicias-uk.com\/pt-pt\/wp-json\/wp\/v2\/media\/252581"}],"wp:attachment":[{"href":"https:\/\/www.delicias-uk.com\/pt-pt\/wp-json\/wp\/v2\/media?parent=209926"}],"wp:term":[{"taxonomy":"pwb-brand","embeddable":true,"href":"https:\/\/www.delicias-uk.com\/pt-pt\/wp-json\/wp\/v2\/pwb-brand?post=209926"},{"taxonomy":"product_brand","embeddable":true,"href":"https:\/\/www.delicias-uk.com\/pt-pt\/wp-json\/wp\/v2\/product_brand?post=209926"},{"taxonomy":"product_cat","embeddable":true,"href":"https:\/\/www.delicias-uk.com\/pt-pt\/wp-json\/wp\/v2\/product_cat?post=209926"},{"taxonomy":"product_tag","embeddable":true,"href":"https:\/\/www.delicias-uk.com\/pt-pt\/wp-json\/wp\/v2\/product_tag?post=209926"}],"curies":[{"name":"wp","href":"https:\/\/api.w.org\/{rel}","templated":true}]}}