{"id":209924,"date":"2017-10-25T17:13:38","date_gmt":"2017-10-25T17:13:38","guid":{"rendered":"https:\/\/www.delicias-uk.com\/product\/queijo-de-mistura-serra-da-vila-190g\/"},"modified":"2025-05-13T17:16:07","modified_gmt":"2025-05-13T16:16:07","slug":"queijo-de-mistura-serra-da-vila-190g","status":"publish","type":"product","link":"https:\/\/www.delicias-uk.com\/pt-pt\/produto\/queijo-de-mistura-serra-da-vila-190g\/","title":{"rendered":"Queijo de Mistura Serra Da Vila 190g"},"content":{"rendered":"<p><span lang=\"pt-br\" style=\"font-size:11pt;line-height:107%;font-family:Calibri, sans-serif;color:#3b2314;\" xml:lang=\"pt-br\">Os\u00a0<\/span><span>leites de vaca, cabra e ovelha d\u00e3o-lhe um sabor \u00fanico e genu\u00edno e uma textura suave e macia. Serra da Vila \u00e9 um queijo prato de pasta lavada, prensada e ligeiramente amanteigada.<\/span><\/p>\n","protected":false},"excerpt":{"rendered":"<ul>\n<li style=\"text-align:left;\">Embalagem de 190g<\/li>\n<li style=\"text-align:left;\">Queijo de mistura (vaca, cabra e ovelha)<\/li>\n<li style=\"text-align:left;\">Produzido por Serra da Vila, uma empresa Portuguesa<\/li>\n<\/ul>\n","protected":false},"author":43533,"featured_media":81250,"comment_status":"open","ping_status":"closed","template":"","meta":[],"pwb-brand":[],"product_brand":[],"product_cat":[9322,9323,8787],"product_tag":[],"class_list":{"0":"post-209924","1":"product","2":"type-product","3":"status-publish","4":"has-post-thumbnail","6":"product_cat-salgados-de-natal","7":"product_cat-selecao-de-queijos","8":"product_cat-mistura-pt-pt","10":"first","11":"outofstock","12":"taxable","13":"shipping-taxable","14":"purchasable","15":"product-type-simple"},"aioseo_notices":[],"brands":[],"_links":{"self":[{"href":"https:\/\/www.delicias-uk.com\/pt-pt\/wp-json\/wp\/v2\/product\/209924","targetHints":{"allow":["GET"]}}],"collection":[{"href":"https:\/\/www.delicias-uk.com\/pt-pt\/wp-json\/wp\/v2\/product"}],"about":[{"href":"https:\/\/www.delicias-uk.com\/pt-pt\/wp-json\/wp\/v2\/types\/product"}],"author":[{"embeddable":true,"href":"https:\/\/www.delicias-uk.com\/pt-pt\/wp-json\/wp\/v2\/users\/43533"}],"replies":[{"embeddable":true,"href":"https:\/\/www.delicias-uk.com\/pt-pt\/wp-json\/wp\/v2\/comments?post=209924"}],"wp:featuredmedia":[{"embeddable":true,"href":"https:\/\/www.delicias-uk.com\/pt-pt\/wp-json\/wp\/v2\/media\/81250"}],"wp:attachment":[{"href":"https:\/\/www.delicias-uk.com\/pt-pt\/wp-json\/wp\/v2\/media?parent=209924"}],"wp:term":[{"taxonomy":"pwb-brand","embeddable":true,"href":"https:\/\/www.delicias-uk.com\/pt-pt\/wp-json\/wp\/v2\/pwb-brand?post=209924"},{"taxonomy":"product_brand","embeddable":true,"href":"https:\/\/www.delicias-uk.com\/pt-pt\/wp-json\/wp\/v2\/product_brand?post=209924"},{"taxonomy":"product_cat","embeddable":true,"href":"https:\/\/www.delicias-uk.com\/pt-pt\/wp-json\/wp\/v2\/product_cat?post=209924"},{"taxonomy":"product_tag","embeddable":true,"href":"https:\/\/www.delicias-uk.com\/pt-pt\/wp-json\/wp\/v2\/product_tag?post=209924"}],"curies":[{"name":"wp","href":"https:\/\/api.w.org\/{rel}","templated":true}]}}