{"id":209920,"date":"2017-10-25T17:13:38","date_gmt":"2017-10-25T16:13:38","guid":{"rendered":"https:\/\/www.delicias-uk.com\/product\/queijo-de-ovelha-amanteigado-queijaria-sao-romao-500g\/"},"modified":"2026-04-08T11:03:04","modified_gmt":"2026-04-08T10:03:04","slug":"queijo-de-ovelha-amanteigado-queijaria-sao-romao-550g","status":"publish","type":"product","link":"https:\/\/www.delicias-uk.com\/pt-pt\/produto\/queijo-de-ovelha-amanteigado-queijaria-sao-romao-550g\/","title":{"rendered":"Queijo De Ovelha Amanteigado Queijaria S\u00e3o Rom\u00e3o +\/-550g"},"content":{"rendered":"<p>Queijo de seia de ovelha curado amanteigado, receita tradicional. Crosta fina, lisa, bem formada, de cor amarelo palha e uniforme. Pasta fechada, de cor branca ligeiramente amarelada, uniforme e textura amanteigada. Consist\u00eancia male\u00e1vel, permitindo alguma flutua\u00e7\u00e3o (ao toque). Bouquet suave, limpo e ligeiramente acidulado.<\/p>\n","protected":false},"excerpt":{"rendered":"<ul style=\"list-style-type: disc;\">\n<li>Embalagem de 500g<\/li>\n<li>Queijo de ovelha amanteigado<\/li>\n<li>Produzido por Queijaria S\u00e3o Rom\u00e3o, uma empresa Portuguesa<\/li>\n<\/ul>\n","protected":false},"author":43533,"featured_media":227290,"comment_status":"open","ping_status":"closed","template":"","meta":[],"pwb-brand":[],"product_brand":[],"product_cat":[9322,9323,8753],"product_tag":[],"class_list":{"0":"post-209920","1":"product","2":"type-product","3":"status-publish","4":"has-post-thumbnail","6":"product_cat-salgados-de-natal","7":"product_cat-selecao-de-queijos","8":"product_cat-ovelha-pt-pt","10":"first","11":"instock","12":"taxable","13":"shipping-taxable","14":"purchasable","15":"product-type-simple"},"aioseo_notices":[],"brands":[],"_links":{"self":[{"href":"https:\/\/www.delicias-uk.com\/pt-pt\/wp-json\/wp\/v2\/product\/209920","targetHints":{"allow":["GET"]}}],"collection":[{"href":"https:\/\/www.delicias-uk.com\/pt-pt\/wp-json\/wp\/v2\/product"}],"about":[{"href":"https:\/\/www.delicias-uk.com\/pt-pt\/wp-json\/wp\/v2\/types\/product"}],"author":[{"embeddable":true,"href":"https:\/\/www.delicias-uk.com\/pt-pt\/wp-json\/wp\/v2\/users\/43533"}],"replies":[{"embeddable":true,"href":"https:\/\/www.delicias-uk.com\/pt-pt\/wp-json\/wp\/v2\/comments?post=209920"}],"wp:featuredmedia":[{"embeddable":true,"href":"https:\/\/www.delicias-uk.com\/pt-pt\/wp-json\/wp\/v2\/media\/227290"}],"wp:attachment":[{"href":"https:\/\/www.delicias-uk.com\/pt-pt\/wp-json\/wp\/v2\/media?parent=209920"}],"wp:term":[{"taxonomy":"pwb-brand","embeddable":true,"href":"https:\/\/www.delicias-uk.com\/pt-pt\/wp-json\/wp\/v2\/pwb-brand?post=209920"},{"taxonomy":"product_brand","embeddable":true,"href":"https:\/\/www.delicias-uk.com\/pt-pt\/wp-json\/wp\/v2\/product_brand?post=209920"},{"taxonomy":"product_cat","embeddable":true,"href":"https:\/\/www.delicias-uk.com\/pt-pt\/wp-json\/wp\/v2\/product_cat?post=209920"},{"taxonomy":"product_tag","embeddable":true,"href":"https:\/\/www.delicias-uk.com\/pt-pt\/wp-json\/wp\/v2\/product_tag?post=209920"}],"curies":[{"name":"wp","href":"https:\/\/api.w.org\/{rel}","templated":true}]}}