{"id":209918,"date":"2025-09-23T11:37:38","date_gmt":"2025-09-23T10:37:38","guid":{"rendered":"https:\/\/www.delicias-uk.com\/?post_type=product&#038;p=209918"},"modified":"2025-12-16T17:21:54","modified_gmt":"2025-12-16T17:21:54","slug":"queijo-ovelha-amant-o-pastor-de-sromao-1kg","status":"publish","type":"product","link":"https:\/\/www.delicias-uk.com\/pt-pt\/produto\/queijo-ovelha-amant-o-pastor-de-sromao-1kg\/","title":{"rendered":"Queijo Ovelha Amanteigado O Pastor De S.Romao 1.1Kg"},"content":{"rendered":"<p>Forma cil\u00edndrica baixa regular (placa), com ligeiro abaulamento na face superior, sendo mais pronunciado lateralmente. Crosta fina, lisa, bem formada, cor amarelo palha e uniforme. Pasta fechada, uniforme branco ou ligeiramente amarelado, com poucos &#8220;olhos&#8221; e textura amanteigada. Consist\u00eancia male\u00e1vel, permitindo alguma flutua\u00e7\u00e3o (ao toque). Bouquet suave, limpo e ligeiramente \u00e1cido.<\/p>\n<\/p>\n<p>ingredientes: leite cru de ovelha, cardo, sal e coalho\u00a0<\/p>\n","protected":false},"excerpt":{"rendered":"<p>Forma cil\u00edndrica baixa regular (placa), com ligeiro abaulamento na face superior, sendo mais pronunciado lateralmente. Crosta fina, lisa, bem formada, cor amarelo palha e uniforme. Pasta fechada, uniforme branco ou ligeiramente amarelado, com poucos &#8220;olhos&#8221; e textura amanteigada. Consist\u00eancia male\u00e1vel, permitindo alguma flutua\u00e7\u00e3o (ao toque). Bouquet suave, limpo e ligeiramente \u00e1cido. ingredientes: leite cru de [&hellip;]<\/p>\n","protected":false},"author":43533,"featured_media":55366,"comment_status":"open","ping_status":"closed","template":"","meta":[],"pwb-brand":[],"product_brand":[],"product_cat":[9322,9323,8753],"product_tag":[],"class_list":{"0":"post-209918","1":"product","2":"type-product","3":"status-publish","4":"has-post-thumbnail","6":"product_cat-salgados-de-natal","7":"product_cat-selecao-de-queijos","8":"product_cat-ovelha-pt-pt","10":"first","11":"instock","12":"taxable","13":"shipping-taxable","14":"purchasable","15":"product-type-simple"},"aioseo_notices":[],"brands":[],"_links":{"self":[{"href":"https:\/\/www.delicias-uk.com\/pt-pt\/wp-json\/wp\/v2\/product\/209918","targetHints":{"allow":["GET"]}}],"collection":[{"href":"https:\/\/www.delicias-uk.com\/pt-pt\/wp-json\/wp\/v2\/product"}],"about":[{"href":"https:\/\/www.delicias-uk.com\/pt-pt\/wp-json\/wp\/v2\/types\/product"}],"author":[{"embeddable":true,"href":"https:\/\/www.delicias-uk.com\/pt-pt\/wp-json\/wp\/v2\/users\/43533"}],"replies":[{"embeddable":true,"href":"https:\/\/www.delicias-uk.com\/pt-pt\/wp-json\/wp\/v2\/comments?post=209918"}],"wp:featuredmedia":[{"embeddable":true,"href":"https:\/\/www.delicias-uk.com\/pt-pt\/wp-json\/wp\/v2\/media\/55366"}],"wp:attachment":[{"href":"https:\/\/www.delicias-uk.com\/pt-pt\/wp-json\/wp\/v2\/media?parent=209918"}],"wp:term":[{"taxonomy":"pwb-brand","embeddable":true,"href":"https:\/\/www.delicias-uk.com\/pt-pt\/wp-json\/wp\/v2\/pwb-brand?post=209918"},{"taxonomy":"product_brand","embeddable":true,"href":"https:\/\/www.delicias-uk.com\/pt-pt\/wp-json\/wp\/v2\/product_brand?post=209918"},{"taxonomy":"product_cat","embeddable":true,"href":"https:\/\/www.delicias-uk.com\/pt-pt\/wp-json\/wp\/v2\/product_cat?post=209918"},{"taxonomy":"product_tag","embeddable":true,"href":"https:\/\/www.delicias-uk.com\/pt-pt\/wp-json\/wp\/v2\/product_tag?post=209918"}],"curies":[{"name":"wp","href":"https:\/\/api.w.org\/{rel}","templated":true}]}}