{"id":209916,"date":"2017-10-25T17:13:38","date_gmt":"2017-10-25T16:13:38","guid":{"rendered":"https:\/\/www.delicias-uk.com\/product\/queijo-limiano-fatias-200g-2\/"},"modified":"2026-02-05T15:20:15","modified_gmt":"2026-02-05T15:20:15","slug":"queijo-limiano-fatias-200g-2","status":"publish","type":"product","link":"https:\/\/www.delicias-uk.com\/pt-pt\/produto\/queijo-limiano-fatias-200g-2\/","title":{"rendered":"Queijo Limiano Fatiado 200g"},"content":{"rendered":"<p style=\"margin-top: 0pt;margin-bottom: 0pt;margin-left: 0in;text-align: left\"><span style=\"font-size: 12pt;font-family: 'Calibri Light';color: #000000\">Queijo de Vaca <\/span><span style=\"font-size: 12pt;font-family: 'Calibri Light';color: #000000\">Limiano. <\/span><span style=\"font-size: 12pt;font-family: 'Calibri Light';color: #000000;font-style: normal\">As genu\u00ednas Fatias da Bola Original de sabor suave e textura amanteigada.<\/span> <span style=\"font-size: 12pt;font-family: 'Calibri Light';color: #000000;font-style: normal\">Cortadas diretamente da Bola Limiano, as fatias de corte imperfeito s\u00e3o perfeitas para um lanche r\u00e1pido e descontra\u00eddo, com todo o sabor e com toda a Fam\u00edlia.<\/span><\/p>\n","protected":false},"excerpt":{"rendered":"<p>Queijo de Vaca Limiano. As genu\u00ednas Fatias da Bola Original de sabor suave e textura amanteigada. Cortadas diretamente da Bola Limiano, as fatias de corte imperfeito s\u00e3o perfeitas para um lanche r\u00e1pido e descontra\u00eddo, com todo o sabor e com toda a Fam\u00edlia.<\/p>\n","protected":false},"author":43533,"featured_media":253251,"comment_status":"open","ping_status":"closed","template":"","meta":[],"pwb-brand":[],"product_brand":[],"product_cat":[9322,9323,8289,8291,8377,8487,8855,8675,8363],"product_tag":[],"class_list":{"0":"post-209916","1":"product","2":"type-product","3":"status-publish","4":"has-post-thumbnail","6":"product_cat-salgados-de-natal","7":"product_cat-selecao-de-queijos","8":"product_cat-inicio","9":"product_cat-produtos-portugueses","10":"product_cat-lacticinios","11":"product_cat-queijos","12":"product_cat-fatiado","13":"product_cat-vaca-pt-pt","14":"product_cat-halal-pt-pt","16":"first","17":"outofstock","18":"taxable","19":"shipping-taxable","20":"purchasable","21":"product-type-simple"},"aioseo_notices":[],"brands":[],"_links":{"self":[{"href":"https:\/\/www.delicias-uk.com\/pt-pt\/wp-json\/wp\/v2\/product\/209916","targetHints":{"allow":["GET"]}}],"collection":[{"href":"https:\/\/www.delicias-uk.com\/pt-pt\/wp-json\/wp\/v2\/product"}],"about":[{"href":"https:\/\/www.delicias-uk.com\/pt-pt\/wp-json\/wp\/v2\/types\/product"}],"author":[{"embeddable":true,"href":"https:\/\/www.delicias-uk.com\/pt-pt\/wp-json\/wp\/v2\/users\/43533"}],"replies":[{"embeddable":true,"href":"https:\/\/www.delicias-uk.com\/pt-pt\/wp-json\/wp\/v2\/comments?post=209916"}],"wp:featuredmedia":[{"embeddable":true,"href":"https:\/\/www.delicias-uk.com\/pt-pt\/wp-json\/wp\/v2\/media\/253251"}],"wp:attachment":[{"href":"https:\/\/www.delicias-uk.com\/pt-pt\/wp-json\/wp\/v2\/media?parent=209916"}],"wp:term":[{"taxonomy":"pwb-brand","embeddable":true,"href":"https:\/\/www.delicias-uk.com\/pt-pt\/wp-json\/wp\/v2\/pwb-brand?post=209916"},{"taxonomy":"product_brand","embeddable":true,"href":"https:\/\/www.delicias-uk.com\/pt-pt\/wp-json\/wp\/v2\/product_brand?post=209916"},{"taxonomy":"product_cat","embeddable":true,"href":"https:\/\/www.delicias-uk.com\/pt-pt\/wp-json\/wp\/v2\/product_cat?post=209916"},{"taxonomy":"product_tag","embeddable":true,"href":"https:\/\/www.delicias-uk.com\/pt-pt\/wp-json\/wp\/v2\/product_tag?post=209916"}],"curies":[{"name":"wp","href":"https:\/\/api.w.org\/{rel}","templated":true}]}}