{"id":209900,"date":"2017-10-25T17:13:38","date_gmt":"2017-10-25T16:13:38","guid":{"rendered":"https:\/\/www.delicias-uk.com\/product\/queijo-fresco-matinal-72g-x-3\/"},"modified":"2026-04-07T16:12:35","modified_gmt":"2026-04-07T15:12:35","slug":"queijo-fresco-matinal-72g-x-3","status":"publish","type":"product","link":"https:\/\/www.delicias-uk.com\/pt-pt\/produto\/queijo-fresco-matinal-72g-x-3\/","title":{"rendered":"Queijo Fresco Matinal 72g x 3"},"content":{"rendered":"<p>Matinal Queijo Fresco Fresco \u00e9 um produto de alta qualidade que oferece a frescura e o sabor aut\u00eantico do queijo fresco num formato c\u00f3modo e pr\u00e1tico. Cada embalagem cont\u00e9m tr\u00eas por\u00e7\u00f5es individuais de 72g, garantindo a por\u00e7\u00e3o perfeita para o seu consumo di\u00e1rio.<\/p>\n","protected":false},"excerpt":{"rendered":"<ul style=\"list-style-type:disc\">\n<li>3 doses individuais com 72g cada<\/li>\n<li>Fonte de Prote\u00edna<\/li>\n<li>0% conservantes<\/li>\n<\/ul>\n","protected":false},"author":43533,"featured_media":81209,"comment_status":"open","ping_status":"closed","template":"","meta":[],"pwb-brand":[],"product_brand":[],"product_cat":[8289,8291,8377,8487,8817,8499],"product_tag":[],"class_list":{"0":"post-209900","1":"product","2":"type-product","3":"status-publish","4":"has-post-thumbnail","6":"product_cat-inicio","7":"product_cat-produtos-portugueses","8":"product_cat-lacticinios","9":"product_cat-queijos","10":"product_cat-queijo-fresco","11":"product_cat-sem-glutem","13":"first","14":"outofstock","15":"taxable","16":"shipping-taxable","17":"purchasable","18":"product-type-simple"},"aioseo_notices":[],"brands":[],"_links":{"self":[{"href":"https:\/\/www.delicias-uk.com\/pt-pt\/wp-json\/wp\/v2\/product\/209900","targetHints":{"allow":["GET"]}}],"collection":[{"href":"https:\/\/www.delicias-uk.com\/pt-pt\/wp-json\/wp\/v2\/product"}],"about":[{"href":"https:\/\/www.delicias-uk.com\/pt-pt\/wp-json\/wp\/v2\/types\/product"}],"author":[{"embeddable":true,"href":"https:\/\/www.delicias-uk.com\/pt-pt\/wp-json\/wp\/v2\/users\/43533"}],"replies":[{"embeddable":true,"href":"https:\/\/www.delicias-uk.com\/pt-pt\/wp-json\/wp\/v2\/comments?post=209900"}],"wp:featuredmedia":[{"embeddable":true,"href":"https:\/\/www.delicias-uk.com\/pt-pt\/wp-json\/wp\/v2\/media\/81209"}],"wp:attachment":[{"href":"https:\/\/www.delicias-uk.com\/pt-pt\/wp-json\/wp\/v2\/media?parent=209900"}],"wp:term":[{"taxonomy":"pwb-brand","embeddable":true,"href":"https:\/\/www.delicias-uk.com\/pt-pt\/wp-json\/wp\/v2\/pwb-brand?post=209900"},{"taxonomy":"product_brand","embeddable":true,"href":"https:\/\/www.delicias-uk.com\/pt-pt\/wp-json\/wp\/v2\/product_brand?post=209900"},{"taxonomy":"product_cat","embeddable":true,"href":"https:\/\/www.delicias-uk.com\/pt-pt\/wp-json\/wp\/v2\/product_cat?post=209900"},{"taxonomy":"product_tag","embeddable":true,"href":"https:\/\/www.delicias-uk.com\/pt-pt\/wp-json\/wp\/v2\/product_tag?post=209900"}],"curies":[{"name":"wp","href":"https:\/\/api.w.org\/{rel}","templated":true}]}}