{"id":209898,"date":"2017-10-25T18:13:38","date_gmt":"2017-10-25T17:13:38","guid":{"rendered":"https:\/\/www.delicias-uk.com\/product\/queijo-casteloes-inteiro-500g\/"},"modified":"2026-04-12T11:23:37","modified_gmt":"2026-04-12T10:23:37","slug":"queijo-casteloes-inteiro-500g","status":"publish","type":"product","link":"https:\/\/www.delicias-uk.com\/pt-pt\/produto\/queijo-casteloes-inteiro-500g\/","title":{"rendered":"Queijo Castel\u00f5es Inteiro 500g"},"content":{"rendered":"<p>Castel\u00f5es \u00e9 um queijo que se mant\u00e9m fiel ao seu sabor original. Uma marca orgulhosamente portuguesa, criada a pensar nos verdadeiros aficionados pelo queijo curado de excel\u00eancia. Uma hist\u00f3ria de sabor e prazer, que se entrela\u00e7a com as pr\u00f3prias origens da gastronomia do pa\u00eds. Produzido atrav\u00e9s de uma receita ancestral, \u00e9 a escolha certa para apresentar numa mesa festiva, mas tamb\u00e9m para se partilhar nos mais variados momentos do dia-a-dia.<\/p>\n","protected":false},"excerpt":{"rendered":"<ul style=\"list-style-type:disc;\">\n<li>Embalagem de 500g<\/li>\n<li>Queijo Curado<\/li>\n<li>Queijo Inteiro<\/li>\n<li>Produzido por Castel\u00f5es, uma empresa Portuguesa<\/li>\n<\/ul>\n","protected":false},"author":43533,"featured_media":81204,"comment_status":"open","ping_status":"closed","template":"","meta":[],"pwb-brand":[],"product_brand":[],"product_cat":[8675],"product_tag":[],"class_list":{"0":"post-209898","1":"product","2":"type-product","3":"status-publish","4":"has-post-thumbnail","6":"product_cat-vaca-pt-pt","8":"first","9":"instock","10":"taxable","11":"shipping-taxable","12":"purchasable","13":"product-type-simple"},"aioseo_notices":[],"brands":[],"_links":{"self":[{"href":"https:\/\/www.delicias-uk.com\/pt-pt\/wp-json\/wp\/v2\/product\/209898","targetHints":{"allow":["GET"]}}],"collection":[{"href":"https:\/\/www.delicias-uk.com\/pt-pt\/wp-json\/wp\/v2\/product"}],"about":[{"href":"https:\/\/www.delicias-uk.com\/pt-pt\/wp-json\/wp\/v2\/types\/product"}],"author":[{"embeddable":true,"href":"https:\/\/www.delicias-uk.com\/pt-pt\/wp-json\/wp\/v2\/users\/43533"}],"replies":[{"embeddable":true,"href":"https:\/\/www.delicias-uk.com\/pt-pt\/wp-json\/wp\/v2\/comments?post=209898"}],"wp:featuredmedia":[{"embeddable":true,"href":"https:\/\/www.delicias-uk.com\/pt-pt\/wp-json\/wp\/v2\/media\/81204"}],"wp:attachment":[{"href":"https:\/\/www.delicias-uk.com\/pt-pt\/wp-json\/wp\/v2\/media?parent=209898"}],"wp:term":[{"taxonomy":"pwb-brand","embeddable":true,"href":"https:\/\/www.delicias-uk.com\/pt-pt\/wp-json\/wp\/v2\/pwb-brand?post=209898"},{"taxonomy":"product_brand","embeddable":true,"href":"https:\/\/www.delicias-uk.com\/pt-pt\/wp-json\/wp\/v2\/product_brand?post=209898"},{"taxonomy":"product_cat","embeddable":true,"href":"https:\/\/www.delicias-uk.com\/pt-pt\/wp-json\/wp\/v2\/product_cat?post=209898"},{"taxonomy":"product_tag","embeddable":true,"href":"https:\/\/www.delicias-uk.com\/pt-pt\/wp-json\/wp\/v2\/product_tag?post=209898"}],"curies":[{"name":"wp","href":"https:\/\/api.w.org\/{rel}","templated":true}]}}