{"id":209894,"date":"2017-10-25T18:13:38","date_gmt":"2017-10-25T17:13:38","guid":{"rendered":"https:\/\/www.delicias-uk.com\/product\/queijo-azeitao-simao-qta-do-anjo-240g\/"},"modified":"2026-03-28T15:20:59","modified_gmt":"2026-03-28T15:20:59","slug":"queijo-azeitao-simao-qta-do-anjo-240g","status":"publish","type":"product","link":"https:\/\/www.delicias-uk.com\/pt-pt\/produto\/queijo-azeitao-simao-qta-do-anjo-240g\/","title":{"rendered":"Queijo Azeit\u00e3o Quinta do Anjo 240g"},"content":{"rendered":"<p>Este queijo tem sabor m\u00e9dio e ligeiramente \u00e1cido no final, com um tempo m\u00ednimo de envelhecimento de 20 dias. Durante este per\u00edodo, os queijos s\u00e3o virados diariamente e limpos, conforme necess\u00e1rio, para que a crosta se mantenha lisa e limpa. Ideal como entrada para qualquer refei\u00e7\u00e3o e uma \u00f3tima ideia para atender seus convidados e amigos em dias especiais.<\/p>\n","protected":false},"excerpt":{"rendered":"<ul style=\"list-style-type:disc;\">\n<li>Peso l\u00edquido 240g<\/li>\n<li>Queijo semimole feito com leite de ovelha cru<\/li>\n<li>Produto Portugu\u00eas<\/li>\n<\/ul>\n","protected":false},"author":43533,"featured_media":81197,"comment_status":"open","ping_status":"closed","template":"","meta":[],"pwb-brand":[],"product_brand":[],"product_cat":[8317,8753],"product_tag":[],"class_list":{"0":"post-209894","1":"product","2":"type-product","3":"status-publish","4":"has-post-thumbnail","6":"product_cat-especiais-do-mes","7":"product_cat-ovelha-pt-pt","9":"first","10":"instock","11":"featured","12":"taxable","13":"shipping-taxable","14":"purchasable","15":"product-type-simple"},"aioseo_notices":[],"brands":[],"_links":{"self":[{"href":"https:\/\/www.delicias-uk.com\/pt-pt\/wp-json\/wp\/v2\/product\/209894","targetHints":{"allow":["GET"]}}],"collection":[{"href":"https:\/\/www.delicias-uk.com\/pt-pt\/wp-json\/wp\/v2\/product"}],"about":[{"href":"https:\/\/www.delicias-uk.com\/pt-pt\/wp-json\/wp\/v2\/types\/product"}],"author":[{"embeddable":true,"href":"https:\/\/www.delicias-uk.com\/pt-pt\/wp-json\/wp\/v2\/users\/43533"}],"replies":[{"embeddable":true,"href":"https:\/\/www.delicias-uk.com\/pt-pt\/wp-json\/wp\/v2\/comments?post=209894"}],"wp:featuredmedia":[{"embeddable":true,"href":"https:\/\/www.delicias-uk.com\/pt-pt\/wp-json\/wp\/v2\/media\/81197"}],"wp:attachment":[{"href":"https:\/\/www.delicias-uk.com\/pt-pt\/wp-json\/wp\/v2\/media?parent=209894"}],"wp:term":[{"taxonomy":"pwb-brand","embeddable":true,"href":"https:\/\/www.delicias-uk.com\/pt-pt\/wp-json\/wp\/v2\/pwb-brand?post=209894"},{"taxonomy":"product_brand","embeddable":true,"href":"https:\/\/www.delicias-uk.com\/pt-pt\/wp-json\/wp\/v2\/product_brand?post=209894"},{"taxonomy":"product_cat","embeddable":true,"href":"https:\/\/www.delicias-uk.com\/pt-pt\/wp-json\/wp\/v2\/product_cat?post=209894"},{"taxonomy":"product_tag","embeddable":true,"href":"https:\/\/www.delicias-uk.com\/pt-pt\/wp-json\/wp\/v2\/product_tag?post=209894"}],"curies":[{"name":"wp","href":"https:\/\/api.w.org\/{rel}","templated":true}]}}