{"id":209890,"date":"2017-10-25T16:28:44","date_gmt":"2017-10-25T16:28:44","guid":{"rendered":"https:\/\/www.delicias-uk.com\/product\/presunto-curado-tradicional-prisca-fatiado-saqueta-150g\/"},"modified":"2025-02-06T17:19:28","modified_gmt":"2025-02-06T17:19:28","slug":"presunto-curado-tradicional-prisca-fatiado-saqueta-150g","status":"publish","type":"product","link":"https:\/\/www.delicias-uk.com\/pt-pt\/produto\/presunto-curado-tradicional-prisca-fatiado-saqueta-150g\/","title":{"rendered":"Presunto Curado Tradicional Prisca Fatiado Saqueta 150g"},"content":{"rendered":"<p>Um presunto curado a seco, ao contr\u00e1rio dos presuntos cozidos mais comuns, n\u00e3o \u00e9 aquecido no seu processo de fabrico. Todos s\u00e3o feitos de carne de porco, curados com sal, secos e maturados durante um per\u00edodo de tempo consider\u00e1vel.<\/p>\n<p><strong>Ingredientes<\/strong>: Carne de porco, sal, a\u00e7\u00facar, especiarias, conservante (E250) e antioxidante (E301).<\/p>\n<p><strong>Alerg\u00e9nios<\/strong>: nenhum.<\/p>\n<p><strong>Informa\u00e7\u00e3o nutricional por 100g:<\/strong><\/p>\n<ul style=\"list-style-type:disc;\">\n<li>Valor energ\u00e9tico (Kj\/ Kcal): 937\/223<\/li>\n<li>Gorduras (g): 8,3<\/li>\n<li>Dos quais saturados (g): 2,65<\/li>\n<li>Hidratos de carbono (g): 0,5<\/li>\n<li>Dos quais a\u00e7\u00facares (g): 0,26<\/li>\n<li>Prote\u00ednas (g): 37<\/li>\n<li>Sal (g): 2,15<\/li>\n<\/ul>\n<p><strong>Pa\u00eds de origem<\/strong>: Portugal<\/p>\n","protected":false},"excerpt":{"rendered":"<ul style=\"list-style-type:disc;\">\n<li>Peso l\u00edquido 150g<\/li>\n<li>Fatias finas<\/li>\n<li>N\u00e3o necessita estar resfriado<\/li>\n<\/ul>\n","protected":false},"author":43533,"featured_media":81184,"comment_status":"open","ping_status":"closed","template":"","meta":[],"pwb-brand":[],"product_brand":[],"product_cat":[9336,8289,8291,8337,8665],"product_tag":[],"class_list":{"0":"post-209890","1":"product","2":"type-product","3":"status-publish","4":"has-post-thumbnail","6":"product_cat-presunto-curado-fatiado","7":"product_cat-inicio","8":"product_cat-produtos-portugueses","9":"product_cat-charcutaria","10":"product_cat-presunto-curado","12":"first","13":"instock","14":"taxable","15":"shipping-taxable","16":"purchasable","17":"product-type-simple"},"aioseo_notices":[],"brands":[],"_links":{"self":[{"href":"https:\/\/www.delicias-uk.com\/pt-pt\/wp-json\/wp\/v2\/product\/209890","targetHints":{"allow":["GET"]}}],"collection":[{"href":"https:\/\/www.delicias-uk.com\/pt-pt\/wp-json\/wp\/v2\/product"}],"about":[{"href":"https:\/\/www.delicias-uk.com\/pt-pt\/wp-json\/wp\/v2\/types\/product"}],"author":[{"embeddable":true,"href":"https:\/\/www.delicias-uk.com\/pt-pt\/wp-json\/wp\/v2\/users\/43533"}],"replies":[{"embeddable":true,"href":"https:\/\/www.delicias-uk.com\/pt-pt\/wp-json\/wp\/v2\/comments?post=209890"}],"wp:featuredmedia":[{"embeddable":true,"href":"https:\/\/www.delicias-uk.com\/pt-pt\/wp-json\/wp\/v2\/media\/81184"}],"wp:attachment":[{"href":"https:\/\/www.delicias-uk.com\/pt-pt\/wp-json\/wp\/v2\/media?parent=209890"}],"wp:term":[{"taxonomy":"pwb-brand","embeddable":true,"href":"https:\/\/www.delicias-uk.com\/pt-pt\/wp-json\/wp\/v2\/pwb-brand?post=209890"},{"taxonomy":"product_brand","embeddable":true,"href":"https:\/\/www.delicias-uk.com\/pt-pt\/wp-json\/wp\/v2\/product_brand?post=209890"},{"taxonomy":"product_cat","embeddable":true,"href":"https:\/\/www.delicias-uk.com\/pt-pt\/wp-json\/wp\/v2\/product_cat?post=209890"},{"taxonomy":"product_tag","embeddable":true,"href":"https:\/\/www.delicias-uk.com\/pt-pt\/wp-json\/wp\/v2\/product_tag?post=209890"}],"curies":[{"name":"wp","href":"https:\/\/api.w.org\/{rel}","templated":true}]}}