{"id":209888,"date":"2017-10-25T17:28:44","date_gmt":"2017-10-25T16:28:44","guid":{"rendered":"https:\/\/www.delicias-uk.com\/product\/presunto-bisaro-prisca-reserva-c-osso-7kg\/"},"modified":"2026-02-24T11:50:32","modified_gmt":"2026-02-24T11:50:32","slug":"presunto-bisaro-prisca-reserva-c-osso-7kg","status":"publish","type":"product","link":"https:\/\/www.delicias-uk.com\/pt-pt\/produto\/presunto-bisaro-prisca-reserva-c-osso-7kg\/","title":{"rendered":"Presunto B\u00edsaro Prisca Reserva com Osso +\/- 7kg"},"content":{"rendered":"<p>O Presunto Prisca Bisaro Grande Reserva resulta de uma alquimia de saberes e sabores e \u00e9 uma heran\u00e7a familiar transmitida ao longo de v\u00e1rias gera\u00e7\u00f5es. O seu sabor genu\u00edno \u00e9 o resultado de uma selec\u00e7\u00e3o criteriosa das mat\u00e9rias-primas e do controlo paciente dos processos de salga e cura. Quando apresentados com baixo teor de sal s\u00e3o um excelente aperitivo de requinte para a sua mesa. A utiliza\u00e7\u00e3o desta maravilha de sabor \u00e9 t\u00e3o infinita como a imagina\u00e7\u00e3o e o bom gosto de quem opta por incluir estes tesouros da gastronomia portuguesa nas suas viagens culin\u00e1rias.<\/p>\n<p><strong>Ingredientes<\/strong>: perna de porco b\u00edsaro curada e sal.<\/p>\n<p><strong>Alerg\u00e9nios<\/strong>: nenhum.<\/p>\n<p><strong>Informa\u00e7\u00e3o nutricional por 100g:<\/strong><\/p>\n<ul style=\"list-style-type:disc;\">\n<li>Energia 695Kj \/ 166 Kcal<\/li>\n<li>Gorduras 5,7g<\/li>\n<li>Saturado 2,73g<\/li>\n<li>Hidratos de carbono 1g<\/li>\n<li>A\u00e7\u00facar 0,5g<\/li>\n<li>Prote\u00ednas 27,34g<\/li>\n<li>Sal 6,38g<\/li>\n<\/ul>\n<p><strong>Pa\u00eds de origem<\/strong>: Portugal<\/p>\n","protected":false},"excerpt":{"rendered":"<ul style=\"list-style-type:disc;\">\n<li>Peso l\u00edquido +\/- 7kg<\/li>\n<li>Presunto curado<\/li>\n<li>Pe\u00e7a inteira (stand n\u00e3o incluso)<\/li>\n<\/ul>\n","protected":false},"author":43533,"featured_media":81180,"comment_status":"open","ping_status":"closed","template":"","meta":[],"pwb-brand":[],"product_brand":[],"product_cat":[9334,8289,8291,8337,8665],"product_tag":[],"class_list":{"0":"post-209888","1":"product","2":"type-product","3":"status-publish","4":"has-post-thumbnail","6":"product_cat-presunto-curado-pt-pt","7":"product_cat-inicio","8":"product_cat-produtos-portugueses","9":"product_cat-charcutaria","10":"product_cat-presunto-curado","12":"first","13":"instock","14":"taxable","15":"shipping-taxable","16":"purchasable","17":"product-type-simple"},"aioseo_notices":[],"brands":[],"_links":{"self":[{"href":"https:\/\/www.delicias-uk.com\/pt-pt\/wp-json\/wp\/v2\/product\/209888","targetHints":{"allow":["GET"]}}],"collection":[{"href":"https:\/\/www.delicias-uk.com\/pt-pt\/wp-json\/wp\/v2\/product"}],"about":[{"href":"https:\/\/www.delicias-uk.com\/pt-pt\/wp-json\/wp\/v2\/types\/product"}],"author":[{"embeddable":true,"href":"https:\/\/www.delicias-uk.com\/pt-pt\/wp-json\/wp\/v2\/users\/43533"}],"replies":[{"embeddable":true,"href":"https:\/\/www.delicias-uk.com\/pt-pt\/wp-json\/wp\/v2\/comments?post=209888"}],"wp:featuredmedia":[{"embeddable":true,"href":"https:\/\/www.delicias-uk.com\/pt-pt\/wp-json\/wp\/v2\/media\/81180"}],"wp:attachment":[{"href":"https:\/\/www.delicias-uk.com\/pt-pt\/wp-json\/wp\/v2\/media?parent=209888"}],"wp:term":[{"taxonomy":"pwb-brand","embeddable":true,"href":"https:\/\/www.delicias-uk.com\/pt-pt\/wp-json\/wp\/v2\/pwb-brand?post=209888"},{"taxonomy":"product_brand","embeddable":true,"href":"https:\/\/www.delicias-uk.com\/pt-pt\/wp-json\/wp\/v2\/product_brand?post=209888"},{"taxonomy":"product_cat","embeddable":true,"href":"https:\/\/www.delicias-uk.com\/pt-pt\/wp-json\/wp\/v2\/product_cat?post=209888"},{"taxonomy":"product_tag","embeddable":true,"href":"https:\/\/www.delicias-uk.com\/pt-pt\/wp-json\/wp\/v2\/product_tag?post=209888"}],"curies":[{"name":"wp","href":"https:\/\/api.w.org\/{rel}","templated":true}]}}